{"id":778403,"date":"2025-11-11T12:01:37","date_gmt":"2025-11-11T09:01:37","guid":{"rendered":"https:\/\/roveyayinevi.com.tr\/index.php\/urun\/cumhuriyetin-belediyecilik-oykusu-1923-1990\/"},"modified":"2026-04-15T03:43:40","modified_gmt":"2026-04-15T00:43:40","slug":"cumhuriyetin-belediyecilik-oykusu-1923-1990","status":"publish","type":"product","link":"https:\/\/roveyayinevi.com.tr\/index.php\/urun\/cumhuriyetin-belediyecilik-oykusu-1923-1990\/","title":{"rendered":"Cumhuriyetin Belediyecilik \u00d6yk\u00fcs\u00fc (1923-1990)"},"content":{"rendered":"<p>T\u00fcrkiye belediyecili\u011finin ayr\u0131nt\u0131l\u0131 ve kapsaml\u0131 bir tarihi ve yorumu, hukuki ve idari d\u00fczenlemelerin bulunmaz bir envanteri, yerel y\u00f6netim sorunlar\u0131n\u0131n ve \u00e7\u00f6z\u00fcm yakla\u015f\u0131mlar\u0131n\u0131n m\u00fckemmel bir analizi. \u0130lhan Tekeli\u2019nin bu kitab\u0131, belediyecilikle her d\u00fczeyde ilgili olanlar\u0131n ve ilgilenmek niyetinde olanlar\u0131n dikkatle inceleyecekleri bir ba\u015fucu kitab\u0131.<\/p>\n","protected":false},"excerpt":{"rendered":"<p>T\u00fcrkiye belediyecili\u011finin ayr\u0131nt\u0131l\u0131 ve kapsaml\u0131 bir tarihi ve yorumu, hukuki ve idari d\u00fczenlemelerin bulunmaz bir envanteri, yerel y\u00f6netim sorunlar\u0131n\u0131n ve \u00e7\u00f6z\u00fcm yakla\u015f\u0131mlar\u0131n\u0131n m\u00fckemmel bir analizi. \u0130lhan<span class=\"excerpt-hellip\"> [\u2026]<\/span><\/p>\n","protected":false},"featured_media":0,"template":"","meta":{"_monsterinsights_skip_tracking":false,"_monsterinsights_sitenote_active":false,"_monsterinsights_sitenote_note":"","_monsterinsights_sitenote_category":0},"product_brand":[],"product_cat":[12291,12745],"product_tag":[],"class_list":{"0":"post-778403","1":"product","2":"type-product","3":"status-publish","5":"product_cat-edebiyat","6":"product_cat-tarihi-roman","7":"pa_cilt-ciltsiz","8":"pa_tur-kitap","9":"pa_yayinevi-efil-yayinevi","10":"pa_yazar-ilhan-tekeli","12":"first","13":"instock","14":"sale","15":"shipping-taxable","16":"purchasable","17":"product-type-simple"},"_links":{"self":[{"href":"https:\/\/roveyayinevi.com.tr\/index.php\/wp-json\/wp\/v2\/product\/778403","targetHints":{"allow":["GET"]}}],"collection":[{"href":"https:\/\/roveyayinevi.com.tr\/index.php\/wp-json\/wp\/v2\/product"}],"about":[{"href":"https:\/\/roveyayinevi.com.tr\/index.php\/wp-json\/wp\/v2\/types\/product"}],"wp:attachment":[{"href":"https:\/\/roveyayinevi.com.tr\/index.php\/wp-json\/wp\/v2\/media?parent=778403"}],"wp:term":[{"taxonomy":"product_brand","embeddable":true,"href":"https:\/\/roveyayinevi.com.tr\/index.php\/wp-json\/wp\/v2\/product_brand?post=778403"},{"taxonomy":"product_cat","embeddable":true,"href":"https:\/\/roveyayinevi.com.tr\/index.php\/wp-json\/wp\/v2\/product_cat?post=778403"},{"taxonomy":"product_tag","embeddable":true,"href":"https:\/\/roveyayinevi.com.tr\/index.php\/wp-json\/wp\/v2\/product_tag?post=778403"}],"curies":[{"name":"wp","href":"https:\/\/api.w.org\/{rel}","templated":true}]}}