{"id":778399,"date":"2025-11-11T11:48:05","date_gmt":"2025-11-11T08:48:05","guid":{"rendered":"https:\/\/roveyayinevi.com.tr\/index.php\/urun\/damladaki-derya\/"},"modified":"2026-04-11T14:43:33","modified_gmt":"2026-04-11T11:43:33","slug":"damladaki-derya","status":"publish","type":"product","link":"https:\/\/roveyayinevi.com.tr\/index.php\/urun\/damladaki-derya\/","title":{"rendered":"Damladaki Derya"},"content":{"rendered":"<p>BAYRAM SAB\u00c2HI M\u00e2nev\u00ee bir iklimin \u015f\u00fckran g\u00fcn\u00fcd\u00fcr bayram Silinir g\u00f6n\u00fcllerden, c\u00fcmle elem c\u00fcmle gam   R\u00fbhlardaki \u015fenli\u011fin, sanki zafer tak\u2019k\u0131d\u0131r Kalbe inen rahmetin, n\u00fbrlu huz\u00fbr \u015favk\u0131d\u0131r   \u0130dr\u00e2kine erenin, her \u00e2n\u0131 mutlu ge\u00e7er Muhabbet dery\u00e2s\u0131ndan, kutlu bir \u015ferbet i\u00e7er   Arefenin ard\u0131ndan, ba\u015flar bayram sab\u00e2h\u0131 G\u00f6n\u00fcllere nak\u015folur, s\u00fcr\u00fbrla in\u015fir\u00e2h\u0131   Mahyas\u0131, g\u00f6n\u00fcl m\u00fclk\u00fc; s\u00f6nmeyen bir kandildir Bar\u0131\u015f\u0131n karde\u015fli\u011fin, \u00f6z\u00fcndeki \u015fen dildir   Yank\u0131lan\u0131r durmadan, \u00e7\u0131nlar tekbir sesleri Kar\u0131\u015f\u0131r b\u00fct\u00fcn sesler, g\u00fcllenir nefesleri   Okunduk\u00e7a \u00e2yetler, sad\u00e2lan\u0131r g\u00f6k kubbe Erv\u00e2h\u0131na m\u00fcjdedir, kim bilir ka\u00e7 bin r\u00fctbe   G\u00f6zlerimde canlan\u0131r, m\u00e2zimdeki bayramlar Bilmem nas\u0131l anlatsam, bende bitmez sevin\u00e7 var. <\/p>\n","protected":false},"excerpt":{"rendered":"<p>BAYRAM SAB\u00c2HI M\u00e2nev\u00ee bir iklimin \u015f\u00fckran g\u00fcn\u00fcd\u00fcr bayram Silinir g\u00f6n\u00fcllerden, c\u00fcmle elem c\u00fcmle gam R\u00fbhlardaki \u015fenli\u011fin, sanki zafer tak\u2019k\u0131d\u0131r Kalbe inen rahmetin, n\u00fbrlu huz\u00fbr \u015favk\u0131d\u0131r \u0130dr\u00e2kine<span class=\"excerpt-hellip\"> [\u2026]<\/span><\/p>\n","protected":false},"featured_media":0,"template":"","meta":{"_monsterinsights_skip_tracking":false,"_monsterinsights_sitenote_active":false,"_monsterinsights_sitenote_note":"","_monsterinsights_sitenote_category":0},"product_brand":[],"product_cat":[12291,12509],"product_tag":[],"class_list":{"0":"post-778399","1":"product","2":"type-product","3":"status-publish","5":"product_cat-edebiyat","6":"product_cat-siir","7":"pa_cilt-ciltsiz","8":"pa_tur-kitap","9":"pa_yayinevi-gulnar-yayinlari","10":"pa_yazar-cemalettin-turan","12":"first","13":"instock","14":"sale","15":"shipping-taxable","16":"purchasable","17":"product-type-simple"},"_links":{"self":[{"href":"https:\/\/roveyayinevi.com.tr\/index.php\/wp-json\/wp\/v2\/product\/778399","targetHints":{"allow":["GET"]}}],"collection":[{"href":"https:\/\/roveyayinevi.com.tr\/index.php\/wp-json\/wp\/v2\/product"}],"about":[{"href":"https:\/\/roveyayinevi.com.tr\/index.php\/wp-json\/wp\/v2\/types\/product"}],"wp:attachment":[{"href":"https:\/\/roveyayinevi.com.tr\/index.php\/wp-json\/wp\/v2\/media?parent=778399"}],"wp:term":[{"taxonomy":"product_brand","embeddable":true,"href":"https:\/\/roveyayinevi.com.tr\/index.php\/wp-json\/wp\/v2\/product_brand?post=778399"},{"taxonomy":"product_cat","embeddable":true,"href":"https:\/\/roveyayinevi.com.tr\/index.php\/wp-json\/wp\/v2\/product_cat?post=778399"},{"taxonomy":"product_tag","embeddable":true,"href":"https:\/\/roveyayinevi.com.tr\/index.php\/wp-json\/wp\/v2\/product_tag?post=778399"}],"curies":[{"name":"wp","href":"https:\/\/api.w.org\/{rel}","templated":true}]}}