{"id":778397,"date":"2025-11-11T10:21:07","date_gmt":"2025-11-11T07:21:07","guid":{"rendered":"https:\/\/roveyayinevi.com.tr\/index.php\/urun\/tumburluplar-okulda-zorba-var\/"},"modified":"2026-04-16T03:14:51","modified_gmt":"2026-04-16T00:14:51","slug":"tumburluplar-okulda-zorba-var","status":"publish","type":"product","link":"https:\/\/roveyayinevi.com.tr\/index.php\/urun\/tumburluplar-okulda-zorba-var\/","title":{"rendered":"Tumburluplar &#8211; Okulda Zorba Var!"},"content":{"rendered":"<p>\u00c7ocuklar\u0131n ya\u015f\u0131tlar\u0131 taraf\u0131ndan istemedikleri davran\u0131\u015flar\u0131 yapmaya zorlanma ve bu durumla ba\u015f edememe sorunlar\u0131 ise \u201cTumburluplar Okulda Zorba Var\u201d kitab\u0131nda ele al\u0131nmakta. Kitapta, K\u00fc\u00e7\u00fck Tumburlup\u2019la ona zorla kendi \u00f6devlerini yapt\u0131rmaya \u00e7al\u0131\u015fan s\u0131n\u0131f arkada\u015f\u0131 Bon aras\u0131nda ge\u00e7enler ve Tumburlup ailesinin olaya yakla\u015f\u0131m\u0131 ele al\u0131n\u0131yor.<\/p>\n","protected":false},"excerpt":{"rendered":"<p>\u00c7ocuklar\u0131n ya\u015f\u0131tlar\u0131 taraf\u0131ndan istemedikleri davran\u0131\u015flar\u0131 yapmaya zorlanma ve bu durumla ba\u015f edememe sorunlar\u0131 ise \u201cTumburluplar Okulda Zorba Var\u201d kitab\u0131nda ele al\u0131nmakta. Kitapta, K\u00fc\u00e7\u00fck Tumburlup\u2019la ona zorla<span class=\"excerpt-hellip\"> [\u2026]<\/span><\/p>\n","protected":false},"featured_media":0,"template":"","meta":{"_monsterinsights_skip_tracking":false,"_monsterinsights_sitenote_active":false,"_monsterinsights_sitenote_note":"","_monsterinsights_sitenote_category":0},"product_brand":[],"product_cat":[12275,12274],"product_tag":[],"class_list":{"0":"post-778397","1":"product","2":"type-product","3":"status-publish","5":"product_cat-6-12-yas-kitaplari","6":"product_cat-cocuk-ve-genclik-kitaplari","7":"pa_cilt-ciltsiz","8":"pa_tur-kitap","9":"pa_yayinevi-cikolata-yayinevi","10":"pa_yazar-meltem-erincmen-kanoglu","12":"first","13":"instock","14":"sale","15":"shipping-taxable","16":"purchasable","17":"product-type-simple"},"_links":{"self":[{"href":"https:\/\/roveyayinevi.com.tr\/index.php\/wp-json\/wp\/v2\/product\/778397","targetHints":{"allow":["GET"]}}],"collection":[{"href":"https:\/\/roveyayinevi.com.tr\/index.php\/wp-json\/wp\/v2\/product"}],"about":[{"href":"https:\/\/roveyayinevi.com.tr\/index.php\/wp-json\/wp\/v2\/types\/product"}],"wp:attachment":[{"href":"https:\/\/roveyayinevi.com.tr\/index.php\/wp-json\/wp\/v2\/media?parent=778397"}],"wp:term":[{"taxonomy":"product_brand","embeddable":true,"href":"https:\/\/roveyayinevi.com.tr\/index.php\/wp-json\/wp\/v2\/product_brand?post=778397"},{"taxonomy":"product_cat","embeddable":true,"href":"https:\/\/roveyayinevi.com.tr\/index.php\/wp-json\/wp\/v2\/product_cat?post=778397"},{"taxonomy":"product_tag","embeddable":true,"href":"https:\/\/roveyayinevi.com.tr\/index.php\/wp-json\/wp\/v2\/product_tag?post=778397"}],"curies":[{"name":"wp","href":"https:\/\/api.w.org\/{rel}","templated":true}]}}