{"id":778395,"date":"2025-11-11T07:28:03","date_gmt":"2025-11-11T04:28:03","guid":{"rendered":"https:\/\/roveyayinevi.com.tr\/index.php\/urun\/bastan-sona-yonetisim\/"},"modified":"2026-04-16T02:46:37","modified_gmt":"2026-04-15T23:46:37","slug":"bastan-sona-yonetisim","status":"publish","type":"product","link":"https:\/\/roveyayinevi.com.tr\/index.php\/urun\/bastan-sona-yonetisim\/","title":{"rendered":"Ba\u015ftan Sona Y\u00f6neti\u015fim"},"content":{"rendered":"<p>B\u0130R\u0130NC\u0130 B\u00d6L\u00dcM: AFET Y\u00d6NET\u0130\u015e\u0130M\u0130   \u0130K\u0130NC\u0130 B\u00d6L\u00dcM: A\u011e Y\u00d6NET\u0130\u015e\u0130M\u0130   \u00dc\u00c7\u00dcNC\u00dc B\u00d6L\u00dcM: D\u0130J\u0130TAL Y\u00d6NET\u0130\u015e\u0130M\u0130   D\u00d6RD\u00dcNC\u00dc B\u00d6L\u00dcM: G\u00d6\u00c7 Y\u00d6NET\u0130\u015e\u0130M\u0130   BE\u015e\u0130NC\u0130 B\u00d6L\u00dcM: G\u00dcVENL\u0130K Y\u00d6NET\u0130\u015e\u0130M\u0130   ALTINCI B\u00d6L\u00dcM: \u0130Y\u0130 Y\u00d6NET\u0130\u015e\u0130M   YED\u0130NC\u0130 B\u00d6L\u00dcM: KAMU DE\u011eER\u0130 Y\u00d6NET\u0130\u015e\u0130M\u0130   SEK\u0130Z\u0130NC\u0130 B\u00d6L\u00dcM: KAMU Y\u00d6NET\u0130\u015e\u0130M\u0130 DOKUZUNCU B\u00d6L\u00dcM: KENTSEL Y\u00d6NET\u0130\u015e\u0130M   ONUNCU B\u00d6L\u00dcM: KR\u0130Z Y\u00d6NET\u0130\u015e\u0130M\u0130   ONB\u0130R\u0130NC\u0130 B\u00d6L\u00dcM: KURUMSAL Y\u00d6NET\u0130\u015e\u0130M   ON\u0130K\u0130NC\u0130 B\u00d6L\u00dcM: K\u00dcRESEL \u00c7EVRE Y\u00d6NET\u0130\u015e\u0130M\u0130   ON\u00dc\u00c7\u00dcNC\u00dc B\u00d6L\u00dcM: K\u00dcRESEL Y\u00d6NET\u0130\u015e\u0130M   OND\u00d6RD\u00dcNC\u00dc B\u00d6L\u00dcM: R\u0130SK Y\u00d6NET\u0130\u015e\u0130M\u0130   ONBE\u015e\u0130NC\u0130 B\u00d6L\u00dcM: SA\u011eLIK Y\u00d6NET\u0130\u015e\u0130M\u0130   ONALTINCI B\u00d6L\u00dcM: SPOR Y\u00d6NET\u0130\u015e\u0130M\u0130   ONYED\u0130NC\u0130 B\u00d6L\u00dcM: STRATEJ\u0130K Y\u00d6NET\u0130\u015e\u0130M   ONSEK\u0130Z\u0130NC\u0130 B\u00d6L\u00dcM: SU Y\u00d6NET\u0130\u015e\u0130M\u0130   ONDOKUZUNCU B\u00d6L\u00dcM: YEN\u0130 KAMU Y\u00d6NET\u0130\u015e\u0130M\u0130 Y\u0130RM\u0130NC\u0130 B\u00d6L\u00dcM: YEREL VE B\u00d6LGESEL Y\u00d6NET\u0130\u015e\u0130M   Y\u0130RM\u0130NC\u0130 B\u00d6L\u00dcM: YEREL VE B\u00d6LGESEL Y\u00d6NET\u0130\u015e\u0130M <\/p>\n","protected":false},"excerpt":{"rendered":"<p>B\u0130R\u0130NC\u0130 B\u00d6L\u00dcM: AFET Y\u00d6NET\u0130\u015e\u0130M\u0130 \u0130K\u0130NC\u0130 B\u00d6L\u00dcM: A\u011e Y\u00d6NET\u0130\u015e\u0130M\u0130 \u00dc\u00c7\u00dcNC\u00dc B\u00d6L\u00dcM: D\u0130J\u0130TAL Y\u00d6NET\u0130\u015e\u0130M\u0130 D\u00d6RD\u00dcNC\u00dc B\u00d6L\u00dcM: G\u00d6\u00c7 Y\u00d6NET\u0130\u015e\u0130M\u0130 BE\u015e\u0130NC\u0130 B\u00d6L\u00dcM: G\u00dcVENL\u0130K Y\u00d6NET\u0130\u015e\u0130M\u0130 ALTINCI B\u00d6L\u00dcM: \u0130Y\u0130 Y\u00d6NET\u0130\u015e\u0130M YED\u0130NC\u0130 B\u00d6L\u00dcM:<span class=\"excerpt-hellip\"> [\u2026]<\/span><\/p>\n","protected":false},"featured_media":0,"template":"","meta":{"_monsterinsights_skip_tracking":false,"_monsterinsights_sitenote_active":false,"_monsterinsights_sitenote_note":"","_monsterinsights_sitenote_category":0},"product_brand":[],"product_cat":[12573,12566],"product_tag":[],"class_list":{"0":"post-778395","1":"product","2":"type-product","3":"status-publish","5":"product_cat-akademik-kitaplar","6":"product_cat-egitim","7":"pa_cilt-ciltsiz","8":"pa_tur-kitap","9":"pa_yayinevi-gazi-kitabevi","10":"pa_yazar-m-akif-ozer","12":"first","13":"instock","14":"sale","15":"shipping-taxable","16":"purchasable","17":"product-type-simple"},"_links":{"self":[{"href":"https:\/\/roveyayinevi.com.tr\/index.php\/wp-json\/wp\/v2\/product\/778395","targetHints":{"allow":["GET"]}}],"collection":[{"href":"https:\/\/roveyayinevi.com.tr\/index.php\/wp-json\/wp\/v2\/product"}],"about":[{"href":"https:\/\/roveyayinevi.com.tr\/index.php\/wp-json\/wp\/v2\/types\/product"}],"wp:attachment":[{"href":"https:\/\/roveyayinevi.com.tr\/index.php\/wp-json\/wp\/v2\/media?parent=778395"}],"wp:term":[{"taxonomy":"product_brand","embeddable":true,"href":"https:\/\/roveyayinevi.com.tr\/index.php\/wp-json\/wp\/v2\/product_brand?post=778395"},{"taxonomy":"product_cat","embeddable":true,"href":"https:\/\/roveyayinevi.com.tr\/index.php\/wp-json\/wp\/v2\/product_cat?post=778395"},{"taxonomy":"product_tag","embeddable":true,"href":"https:\/\/roveyayinevi.com.tr\/index.php\/wp-json\/wp\/v2\/product_tag?post=778395"}],"curies":[{"name":"wp","href":"https:\/\/api.w.org\/{rel}","templated":true}]}}