{"id":778394,"date":"2025-11-11T05:14:17","date_gmt":"2025-11-11T02:14:17","guid":{"rendered":"https:\/\/roveyayinevi.com.tr\/index.php\/urun\/turk-destanlarinda-samanislik\/"},"modified":"2026-04-16T02:26:19","modified_gmt":"2026-04-15T23:26:19","slug":"turk-destanlarinda-samanislik","status":"publish","type":"product","link":"https:\/\/roveyayinevi.com.tr\/index.php\/urun\/turk-destanlarinda-samanislik\/","title":{"rendered":"T\u00fcrk Destanlar\u0131nda \u015eamanislik"},"content":{"rendered":"<p>\u015eamanizm, T\u00fcrk k\u00fclt\u00fcr tarihimizin \u00f6nemli bir k\u0131sm\u0131n\u0131 olu\u015fturmaktad\u0131r. \u015eamanizm, T\u00fcrk dini-mitolojik sistemini derinden etkilemi\u015ftir.  Ge\u00e7mi\u015fte yaz\u0131ya al\u0131nmayan bir\u00e7ok mitolojik metin,  \u015faman anlat\u0131lar\u0131yla g\u00fcn\u00fcm\u00fcze  ula\u015fm\u0131\u015ft\u0131r.  \u015eaman,  toplumun kozmogonik,  mitolojik g\u00f6r\u00fc\u015flerini irticalen  s\u00f6ylemi\u015ftir.  Bu ba\u011flamda \u015faman,  sadece bir aktar\u0131c\u0131 de\u011fil;   metinlerin aktar\u0131m\u0131nda \u00fczerinde yapt\u0131\u011f\u0131 de\u011fi\u015fikliklerle metinleri tashih edici, de\u011fi\u015ftiricidir.  \u015eaman, b\u00fct\u00fcn do\u011fay\u0131 iyi ve k\u00f6t\u00fc ruhlar\u0131n etkisinde g\u00f6r\u00fcr. \u015eaman d\u00fcnyas\u0131nda, zaman ve mekan kavramlar\u0131 yoktur. \u015eaman \u00f6teki aleme seyahat ederken mekan kavram\u0131 anlam\u0131n\u0131 yitirir, zaman\u0131  de\u011fi\u015ftirir. \u00d6l\u00fcm\u00fc \u00e7evirmekle,  zaman\u0131  durdurur.  \u015eamanl\u0131k seanslar\u0131nda \u015faman,  zaman\u0131  ve   mekan\u0131 kolayca  a\u015far.  Davulunda  da  mekanlar\u0131n  ve  zamanlar\u0131n  tasvirleri  yer  al\u0131r.  \u015eaman\u0131n   D\u00fcnya g\u00f6r\u00fc\u015f\u00fcn\u00fcn \u00f6z\u00fcnde, T\u00fcrk mitolojik sistemi vard\u0131r. Orta Asya \u015faman gelene\u011finde, Korkut Ata  \u015famanlar\u0131n patronu, kopuzun mucidi, ak\u0131nlar\u0131n ve j\u0131rc\u0131lar\u0131n piridir. \u015eaman, varl\u0131\u011f\u0131na inan\u0131lan  ruhlar, tanr\u0131lar ve insanlar aras\u0131nda arac\u0131l\u0131k yapan ki\u015fidir.  Ruh inanc\u0131, \u015famanl\u0131\u011f\u0131n en belirgin \u00f6zelliklerinden  birini  olu\u015fturur.  \u015eamanizm&#8217;e  g\u00f6re  d\u00fcnyada,  b\u00fct\u00fcn  nesnelerin  ruhu  vard\u0131r. Bitkilerin, hayvanlar\u0131n, a\u011fa\u00e7lar\u0131n, kayalar\u0131n, da\u011flar\u0131n, r\u00fczgar\u0131n, ya\u011fmurun ve bunlar gibi ad\u0131n\u0131  sayabilece\u011fimiz  her \u015feyin ruhu vard\u0131r. Ayn\u0131  \u015fekilde insan da  maddi bir bedenden ve bir de ruhtan  olu\u015fur. \u0130nsan do\u011fayla bir b\u00fct\u00fcn i\u00e7inde  ya\u015famas\u0131n\u0131  ve do\u011fadaki her \u015feye kar\u015f\u0131 sayg\u0131l\u0131 olmas\u0131n\u0131  gerektiren bir felsefi tutum sergilemelidir. \u015eamanl\u0131\u011f\u0131n yap\u0131s\u0131 bu d\u00fcalist yorumlama \u00e7er\u00e7evesinde   olu\u015fur.  \u015eaman,  bu g\u00f6r\u00fcnen  d\u00fcnya  ile  s\u0131radan  insanlar\u0131n  g\u00f6remedi\u011fi  d\u00fcnya aras\u0131nda, ruhlarla  ileti\u015fime ge\u00e7ebilen ve bu iki d\u00fcnya  aras\u0131ndaki  sorunlar\u0131 \u00e7\u00f6zmekle  g\u00f6revli ki\u015fidir.  \u015eaman,   istedi\u011fi  zaman  ruhuyla  di\u011fer  d\u00fcnyalara,  ruhlar\u0131n  aras\u0131na  seyahat  edebilen ki\u015fidir.   <\/p>\n","protected":false},"excerpt":{"rendered":"<p>\u015eamanizm, T\u00fcrk k\u00fclt\u00fcr tarihimizin \u00f6nemli bir k\u0131sm\u0131n\u0131 olu\u015fturmaktad\u0131r. \u015eamanizm, T\u00fcrk dini-mitolojik sistemini derinden etkilemi\u015ftir. Ge\u00e7mi\u015fte yaz\u0131ya al\u0131nmayan bir\u00e7ok mitolojik metin, \u015faman anlat\u0131lar\u0131yla g\u00fcn\u00fcm\u00fcze ula\u015fm\u0131\u015ft\u0131r. \u015eaman, toplumun<span class=\"excerpt-hellip\"> [\u2026]<\/span><\/p>\n","protected":false},"featured_media":0,"template":"","meta":{"_monsterinsights_skip_tracking":false,"_monsterinsights_sitenote_active":false,"_monsterinsights_sitenote_note":"","_monsterinsights_sitenote_category":0},"product_brand":[],"product_cat":[13072,12291],"product_tag":[],"class_list":{"0":"post-778394","1":"product","2":"type-product","3":"status-publish","5":"product_cat-arastirma-inceleme-referans","6":"product_cat-edebiyat","7":"pa_cilt-ciltsiz","8":"pa_tur-kitap","9":"pa_yayinevi-soncag-akademik-kitaplar","10":"pa_yazar-mehmet-emin-bars","12":"first","13":"instock","14":"sale","15":"shipping-taxable","16":"purchasable","17":"product-type-simple"},"_links":{"self":[{"href":"https:\/\/roveyayinevi.com.tr\/index.php\/wp-json\/wp\/v2\/product\/778394","targetHints":{"allow":["GET"]}}],"collection":[{"href":"https:\/\/roveyayinevi.com.tr\/index.php\/wp-json\/wp\/v2\/product"}],"about":[{"href":"https:\/\/roveyayinevi.com.tr\/index.php\/wp-json\/wp\/v2\/types\/product"}],"wp:attachment":[{"href":"https:\/\/roveyayinevi.com.tr\/index.php\/wp-json\/wp\/v2\/media?parent=778394"}],"wp:term":[{"taxonomy":"product_brand","embeddable":true,"href":"https:\/\/roveyayinevi.com.tr\/index.php\/wp-json\/wp\/v2\/product_brand?post=778394"},{"taxonomy":"product_cat","embeddable":true,"href":"https:\/\/roveyayinevi.com.tr\/index.php\/wp-json\/wp\/v2\/product_cat?post=778394"},{"taxonomy":"product_tag","embeddable":true,"href":"https:\/\/roveyayinevi.com.tr\/index.php\/wp-json\/wp\/v2\/product_tag?post=778394"}],"curies":[{"name":"wp","href":"https:\/\/api.w.org\/{rel}","templated":true}]}}