{"id":778390,"date":"2025-11-09T12:00:46","date_gmt":"2025-11-09T09:00:46","guid":{"rendered":"https:\/\/roveyayinevi.com.tr\/index.php\/urun\/aktivite-cantam-mavi\/"},"modified":"2026-04-15T03:43:49","modified_gmt":"2026-04-15T00:43:49","slug":"aktivite-cantam-mavi","status":"publish","type":"product","link":"https:\/\/roveyayinevi.com.tr\/index.php\/urun\/aktivite-cantam-mavi\/","title":{"rendered":"Aktivite \u00c7antam &#8211; Mavi"},"content":{"rendered":"<p>Merakl\u0131 zihinlere \u00f6zel haz\u0131rlanan Aktivite \u00c7antam serisi, \u00e7ocuklar\u0131n yarat\u0131c\u0131l\u0131klar\u0131n\u0131 ke\u015ffetmeleri, el becerilerini geli\u015ftirmeleri ve keyifli vakit ge\u00e7irmeleri i\u00e7in tasarland\u0131. Her kitapta bulmacalar, oyunlar, \u00e7izim aktiviteleri ve e\u011flenceli y\u00f6nergelerle dolu sayfalar sizi bekliyor. <\/p>\n","protected":false},"excerpt":{"rendered":"<p>Merakl\u0131 zihinlere \u00f6zel haz\u0131rlanan Aktivite \u00c7antam serisi, \u00e7ocuklar\u0131n yarat\u0131c\u0131l\u0131klar\u0131n\u0131 ke\u015ffetmeleri, el becerilerini geli\u015ftirmeleri ve keyifli vakit ge\u00e7irmeleri i\u00e7in tasarland\u0131. Her kitapta bulmacalar, oyunlar, \u00e7izim aktiviteleri ve<span class=\"excerpt-hellip\"> [\u2026]<\/span><\/p>\n","protected":false},"featured_media":0,"template":"","meta":{"_monsterinsights_skip_tracking":false,"_monsterinsights_sitenote_active":false,"_monsterinsights_sitenote_note":"","_monsterinsights_sitenote_category":0},"product_brand":[],"product_cat":[12274,17859],"product_tag":[],"class_list":{"0":"post-778390","1":"product","2":"type-product","3":"status-publish","5":"product_cat-cocuk-ve-genclik-kitaplari","6":"product_cat-oyun-kitaplari","7":"pa_cilt-ciltsiz","8":"pa_tur-kitap","9":"pa_yayinevi-bookalemun-yayinevi","10":"pa_yazar-kolektif","12":"first","13":"instock","14":"sale","15":"shipping-taxable","16":"purchasable","17":"product-type-simple"},"_links":{"self":[{"href":"https:\/\/roveyayinevi.com.tr\/index.php\/wp-json\/wp\/v2\/product\/778390","targetHints":{"allow":["GET"]}}],"collection":[{"href":"https:\/\/roveyayinevi.com.tr\/index.php\/wp-json\/wp\/v2\/product"}],"about":[{"href":"https:\/\/roveyayinevi.com.tr\/index.php\/wp-json\/wp\/v2\/types\/product"}],"wp:attachment":[{"href":"https:\/\/roveyayinevi.com.tr\/index.php\/wp-json\/wp\/v2\/media?parent=778390"}],"wp:term":[{"taxonomy":"product_brand","embeddable":true,"href":"https:\/\/roveyayinevi.com.tr\/index.php\/wp-json\/wp\/v2\/product_brand?post=778390"},{"taxonomy":"product_cat","embeddable":true,"href":"https:\/\/roveyayinevi.com.tr\/index.php\/wp-json\/wp\/v2\/product_cat?post=778390"},{"taxonomy":"product_tag","embeddable":true,"href":"https:\/\/roveyayinevi.com.tr\/index.php\/wp-json\/wp\/v2\/product_tag?post=778390"}],"curies":[{"name":"wp","href":"https:\/\/api.w.org\/{rel}","templated":true}]}}