{"id":778385,"date":"2025-11-09T12:00:08","date_gmt":"2025-11-09T09:00:08","guid":{"rendered":"https:\/\/roveyayinevi.com.tr\/index.php\/urun\/can-bartini-kesfediyor\/"},"modified":"2026-04-15T03:43:45","modified_gmt":"2026-04-15T00:43:45","slug":"can-bartini-kesfediyor","status":"publish","type":"product","link":"https:\/\/roveyayinevi.com.tr\/index.php\/urun\/can-bartini-kesfediyor\/","title":{"rendered":"Can Bart\u0131n\u2019\u0131 Ke\u015ffediyor"},"content":{"rendered":"<p>\u0130\u00e7inde merak, yeni tatlara a\u00e7\u0131k olma, somut g\u00f6zlem, arkada\u015fl\u0131k de\u011feri, k\u00f6kleriyle ileti\u015fim kurma ve k\u00fclt\u00fcrel ke\u015fif duygular\u0131 bar\u0131nd\u0131ran \u201cCan Bart\u0131n\u201b\u0131 Ke\u015ffediyor\u201d; Zeynep Horuzo\u011flu\u201b nun yazd\u0131\u011f\u0131, Halil Ender Ermi\u015f\u201bin resimledi\u011fi \u00e7ocuk kitaplar\u0131 serisinin ilk kitab\u0131d\u0131r. Bu kitab\u0131n amac\u0131; \u00e7ocuklar\u0131n, ya\u015fad\u0131klar\u0131 \u015fehre ve \u00e7evreye daha bilin\u00e7li bakmalar\u0131n\u0131 sa\u011flamak, \u015fehirlerinin tarihini ve k\u00fclt\u00fcr\u00fcn\u00fc tan\u0131tmakt\u0131r. <\/p>\n","protected":false},"excerpt":{"rendered":"<p>\u0130\u00e7inde merak, yeni tatlara a\u00e7\u0131k olma, somut g\u00f6zlem, arkada\u015fl\u0131k de\u011feri, k\u00f6kleriyle ileti\u015fim kurma ve k\u00fclt\u00fcrel ke\u015fif duygular\u0131 bar\u0131nd\u0131ran \u201cCan Bart\u0131n\u201b\u0131 Ke\u015ffediyor\u201d; Zeynep Horuzo\u011flu\u201b nun yazd\u0131\u011f\u0131, Halil<span class=\"excerpt-hellip\"> [\u2026]<\/span><\/p>\n","protected":false},"featured_media":0,"template":"","meta":{"_monsterinsights_skip_tracking":false,"_monsterinsights_sitenote_active":false,"_monsterinsights_sitenote_note":"","_monsterinsights_sitenote_category":0},"product_brand":[],"product_cat":[141304],"product_tag":[],"class_list":{"0":"post-778385","1":"product","2":"type-product","3":"status-publish","5":"product_cat-yeni-cikanlar","6":"pa_cilt-ciltsiz","7":"pa_tur-kitap","8":"pa_yayinevi-denizkizi-yayinlari","9":"pa_yazar-zeynep-horuzoglu","11":"first","12":"instock","13":"sale","14":"shipping-taxable","15":"purchasable","16":"product-type-simple"},"_links":{"self":[{"href":"https:\/\/roveyayinevi.com.tr\/index.php\/wp-json\/wp\/v2\/product\/778385","targetHints":{"allow":["GET"]}}],"collection":[{"href":"https:\/\/roveyayinevi.com.tr\/index.php\/wp-json\/wp\/v2\/product"}],"about":[{"href":"https:\/\/roveyayinevi.com.tr\/index.php\/wp-json\/wp\/v2\/types\/product"}],"wp:attachment":[{"href":"https:\/\/roveyayinevi.com.tr\/index.php\/wp-json\/wp\/v2\/media?parent=778385"}],"wp:term":[{"taxonomy":"product_brand","embeddable":true,"href":"https:\/\/roveyayinevi.com.tr\/index.php\/wp-json\/wp\/v2\/product_brand?post=778385"},{"taxonomy":"product_cat","embeddable":true,"href":"https:\/\/roveyayinevi.com.tr\/index.php\/wp-json\/wp\/v2\/product_cat?post=778385"},{"taxonomy":"product_tag","embeddable":true,"href":"https:\/\/roveyayinevi.com.tr\/index.php\/wp-json\/wp\/v2\/product_tag?post=778385"}],"curies":[{"name":"wp","href":"https:\/\/api.w.org\/{rel}","templated":true}]}}