{"id":778380,"date":"2025-11-09T11:59:26","date_gmt":"2025-11-09T08:59:26","guid":{"rendered":"https:\/\/roveyayinevi.com.tr\/index.php\/urun\/kotu-adamin-izin-gunu-1\/"},"modified":"2026-04-15T03:43:41","modified_gmt":"2026-04-15T00:43:41","slug":"kotu-adamin-izin-gunu-1","status":"publish","type":"product","link":"https:\/\/roveyayinevi.com.tr\/index.php\/urun\/kotu-adamin-izin-gunu-1\/","title":{"rendered":"K\u00f6t\u00fc Adam\u0131n \u0130zin G\u00fcn\u00fc 1"},"content":{"rendered":"<p>BUG\u00dcN TAT\u0130L.   RUHUMUZU D\u0130NLEND\u0130RMEK \u0130\u00c7\u0130N B\u0130R GEZ\u0130NT\u0130YE \u00c7IKALIM&#8230;   K\u00d6T\u00dcL\u00dcK B\u0130RL\u0130\u011e\u0130\u2019N\u0130N L\u0130DER\u0130, \u0130NSANLI\u011eIN SONUNU GET\u0130RME PLANLARI YAPAR. D\u00dcNYADAK\u0130 ADALET SAVUNUCULARI \u201cRANGER\u201dLARA KAR\u015eI HER G\u00dcN AMANSIZ B\u0130R M\u00dcCADELE VER\u0130R. AMA BUG\u00dcN\u2026 \u0130Z\u0130N G\u00dcN\u00dc! GENERAL, \u0130Z\u0130N G\u00dcNLER\u0130N\u0130 HAYVANAT BAH\u00c7ES\u0130NDE PANDALARI \u0130ZLEMEYE VE \u00c7E\u015e\u0130TL\u0130 DONDURMA \u00c7E\u015e\u0130TLER\u0130N\u0130 DENEMEYE AYIRIYOR. DE\u011e\u0130\u015e\u0130K HAYVANLARLA KAR\u015eILA\u015eMAK VE \u00c7OCUKLARLA KONU\u015eMAK \u0130SE KALB\u0130N\u0130 ISITIYOR! <\/p>\n","protected":false},"excerpt":{"rendered":"<p>BUG\u00dcN TAT\u0130L. RUHUMUZU D\u0130NLEND\u0130RMEK \u0130\u00c7\u0130N B\u0130R GEZ\u0130NT\u0130YE \u00c7IKALIM&#8230; K\u00d6T\u00dcL\u00dcK B\u0130RL\u0130\u011e\u0130\u2019N\u0130N L\u0130DER\u0130, \u0130NSANLI\u011eIN SONUNU GET\u0130RME PLANLARI YAPAR. D\u00dcNYADAK\u0130 ADALET SAVUNUCULARI \u201cRANGER\u201dLARA KAR\u015eI HER G\u00dcN AMANSIZ B\u0130R M\u00dcCADELE<span class=\"excerpt-hellip\"> [\u2026]<\/span><\/p>\n","protected":false},"featured_media":0,"template":"","meta":{"_monsterinsights_skip_tracking":false,"_monsterinsights_sitenote_active":false,"_monsterinsights_sitenote_note":"","_monsterinsights_sitenote_category":0},"product_brand":[],"product_cat":[12416,12291],"product_tag":[],"class_list":{"0":"post-778380","1":"product","2":"type-product","3":"status-publish","5":"product_cat-cizgi-roman","6":"product_cat-edebiyat","7":"pa_cilt-ciltsiz","8":"pa_tur-kitap","9":"pa_yayinevi-athica-yayinlari","10":"pa_yazar-yuu-morikawa","12":"first","13":"instock","14":"sale","15":"shipping-taxable","16":"purchasable","17":"product-type-simple"},"_links":{"self":[{"href":"https:\/\/roveyayinevi.com.tr\/index.php\/wp-json\/wp\/v2\/product\/778380","targetHints":{"allow":["GET"]}}],"collection":[{"href":"https:\/\/roveyayinevi.com.tr\/index.php\/wp-json\/wp\/v2\/product"}],"about":[{"href":"https:\/\/roveyayinevi.com.tr\/index.php\/wp-json\/wp\/v2\/types\/product"}],"wp:attachment":[{"href":"https:\/\/roveyayinevi.com.tr\/index.php\/wp-json\/wp\/v2\/media?parent=778380"}],"wp:term":[{"taxonomy":"product_brand","embeddable":true,"href":"https:\/\/roveyayinevi.com.tr\/index.php\/wp-json\/wp\/v2\/product_brand?post=778380"},{"taxonomy":"product_cat","embeddable":true,"href":"https:\/\/roveyayinevi.com.tr\/index.php\/wp-json\/wp\/v2\/product_cat?post=778380"},{"taxonomy":"product_tag","embeddable":true,"href":"https:\/\/roveyayinevi.com.tr\/index.php\/wp-json\/wp\/v2\/product_tag?post=778380"}],"curies":[{"name":"wp","href":"https:\/\/api.w.org\/{rel}","templated":true}]}}