{"id":778377,"date":"2025-11-09T11:58:45","date_gmt":"2025-11-09T08:58:45","guid":{"rendered":"https:\/\/roveyayinevi.com.tr\/index.php\/urun\/erkek-bedeni\/"},"modified":"2026-04-15T03:43:37","modified_gmt":"2026-04-15T00:43:37","slug":"erkek-bedeni","status":"publish","type":"product","link":"https:\/\/roveyayinevi.com.tr\/index.php\/urun\/erkek-bedeni\/","title":{"rendered":"Erkek Bedeni"},"content":{"rendered":"<p>ACBD Grand Prixde la Critique (Ele\u015ftirmenlerin B\u00fcy\u00fck \u00d6d\u00fcl\u00fc 2021) Angoul\u00eame Fauve des Lyc\u00e9ens 2021   Peau d\u2019homme, yay\u0131mland\u0131\u011f\u0131 d\u00f6nemde Fransa\u2019n\u0131n en \u00e7ok \u00f6d\u00fcl alan \u00e7izgi romanlar\u0131ndan biri olmu\u015ftur.       Ailemizin kad\u0131nlar\u0131 bir s\u0131rr\u0131 payla\u015f\u0131yorlar, elimizde bir erkek derisi var.   Ona Lorenzo diyoruz&#8230;   Deriyi bir kez giydi\u011finde kimse erkek oldu\u011fundan \u015f\u00fcphe etmeyecektir.   B\u00f6ylece kim oldu\u011funu belli etmeden erkeklerin d\u00fcnyas\u0131nda dola\u015fabileceksin. <\/p>\n","protected":false},"excerpt":{"rendered":"<p>ACBD Grand Prixde la Critique (Ele\u015ftirmenlerin B\u00fcy\u00fck \u00d6d\u00fcl\u00fc 2021) Angoul\u00eame Fauve des Lyc\u00e9ens 2021 Peau d\u2019homme, yay\u0131mland\u0131\u011f\u0131 d\u00f6nemde Fransa\u2019n\u0131n en \u00e7ok \u00f6d\u00fcl alan \u00e7izgi romanlar\u0131ndan biri<span class=\"excerpt-hellip\"> [\u2026]<\/span><\/p>\n","protected":false},"featured_media":0,"template":"","meta":{"_monsterinsights_skip_tracking":false,"_monsterinsights_sitenote_active":false,"_monsterinsights_sitenote_note":"","_monsterinsights_sitenote_category":0},"product_brand":[],"product_cat":[12416,12291],"product_tag":[],"class_list":{"0":"post-778377","1":"product","2":"type-product","3":"status-publish","5":"product_cat-cizgi-roman","6":"product_cat-edebiyat","7":"pa_cilt-ciltsiz","8":"pa_tur-kitap","9":"pa_yayinevi-kara-karga-yayinlari","10":"pa_yazar-hubert-zanzin","12":"first","13":"instock","14":"sale","15":"shipping-taxable","16":"purchasable","17":"product-type-simple"},"_links":{"self":[{"href":"https:\/\/roveyayinevi.com.tr\/index.php\/wp-json\/wp\/v2\/product\/778377","targetHints":{"allow":["GET"]}}],"collection":[{"href":"https:\/\/roveyayinevi.com.tr\/index.php\/wp-json\/wp\/v2\/product"}],"about":[{"href":"https:\/\/roveyayinevi.com.tr\/index.php\/wp-json\/wp\/v2\/types\/product"}],"wp:attachment":[{"href":"https:\/\/roveyayinevi.com.tr\/index.php\/wp-json\/wp\/v2\/media?parent=778377"}],"wp:term":[{"taxonomy":"product_brand","embeddable":true,"href":"https:\/\/roveyayinevi.com.tr\/index.php\/wp-json\/wp\/v2\/product_brand?post=778377"},{"taxonomy":"product_cat","embeddable":true,"href":"https:\/\/roveyayinevi.com.tr\/index.php\/wp-json\/wp\/v2\/product_cat?post=778377"},{"taxonomy":"product_tag","embeddable":true,"href":"https:\/\/roveyayinevi.com.tr\/index.php\/wp-json\/wp\/v2\/product_tag?post=778377"}],"curies":[{"name":"wp","href":"https:\/\/api.w.org\/{rel}","templated":true}]}}