{"id":778373,"date":"2025-11-09T11:56:13","date_gmt":"2025-11-09T08:56:13","guid":{"rendered":"https:\/\/roveyayinevi.com.tr\/index.php\/urun\/aklin-ruyasi\/"},"modified":"2026-04-15T03:43:05","modified_gmt":"2026-04-15T00:43:05","slug":"aklin-ruyasi","status":"publish","type":"product","link":"https:\/\/roveyayinevi.com.tr\/index.php\/urun\/aklin-ruyasi\/","title":{"rendered":"Akl\u0131n R\u00fcyas\u0131"},"content":{"rendered":"<p>Daha \u00f6nce yay\u0131nevimizden Ayd\u0131nlanma R\u00fcyas\u0131: Modern Felsefenin Y\u00fckseli\u015fi adl\u0131 eseri yay\u0131nlanan Anthony Gottlieb, bu kez felsefe tarihinin Ayd\u0131nlanma \u00f6ncesi d\u00f6nemine odaklan\u0131yor. Akl\u0131n R\u00fcyas\u0131: Antik Yunan\u2019dan R\u00f6nesans\u2019a Bat\u0131 Felsefesi Tarihi, ilk do\u011fa filozoflar\u0131n\u0131n kozmosu a\u00e7\u0131klama \u00e7abalar\u0131ndan Platon\u2019un idealar\u0131na, Aristoteles\u2019in yeni bilimsel sisteminden Orta \u00c7a\u011f skolastiklerine ve sonras\u0131nda R\u00f6nesans\u2019a uzanan geni\u015f bir fikir d\u00fcnyas\u0131n\u0131 resmediyor. Felsefeyi soyut d\u00fc\u015f\u00fcnceler dizisi de\u011fil, insan akl\u0131n\u0131n d\u00fcnyay\u0131 anlama ve anlamland\u0131rma \u00e7abas\u0131 olarak ele alan Gottlieb, sadece felsefi d\u00fc\u015f\u00fcnceyi de\u011fil, bu d\u00fc\u015f\u00fcnceyi do\u011furan tarih\u00ee, toplumsal ve k\u00fclt\u00fcrel ba\u011flamlar\u0131 da ayr\u0131nt\u0131l\u0131 bir \u015fekilde analiz etmeye \u00e7al\u0131\u015f\u0131yor. Antik Yunan\u2019\u0131n evrene dair tasavvurunu, Helenistik D\u00f6nemde bu d\u00fc\u015f\u00fcnsel miras\u0131n sars\u0131l\u0131\u015f\u0131n\u0131, Orta \u00c7a\u011f skolasti\u011finin y\u00fckseli\u015fini ve sonras\u0131nda akl\u0131n yeni s\u0131n\u0131rlar\u0131n\u0131n nas\u0131l \u00e7izdi\u011fini b\u00fct\u00fcnl\u00fckl\u00fc ve okuru yormayan bir \u015fekilde aktaran Gottlieb\u2019in kitab\u0131, felsefenin bin y\u0131ll\u0131k seyrini takip etmek isteyen herkes i\u00e7in temel bir ba\u015fvuru kayna\u011f\u0131 niteli\u011finde. <\/p>\n","protected":false},"excerpt":{"rendered":"<p>Daha \u00f6nce yay\u0131nevimizden Ayd\u0131nlanma R\u00fcyas\u0131: Modern Felsefenin Y\u00fckseli\u015fi adl\u0131 eseri yay\u0131nlanan Anthony Gottlieb, bu kez felsefe tarihinin Ayd\u0131nlanma \u00f6ncesi d\u00f6nemine odaklan\u0131yor. Akl\u0131n R\u00fcyas\u0131: Antik Yunan\u2019dan R\u00f6nesans\u2019a<span class=\"excerpt-hellip\"> [\u2026]<\/span><\/p>\n","protected":false},"featured_media":0,"template":"","meta":{"_monsterinsights_skip_tracking":false,"_monsterinsights_sitenote_active":false,"_monsterinsights_sitenote_note":"","_monsterinsights_sitenote_category":0},"product_brand":[],"product_cat":[12388],"product_tag":[],"class_list":{"0":"post-778373","1":"product","2":"type-product","3":"status-publish","5":"product_cat-felsefe","6":"pa_cilt-ciltsiz","7":"pa_tur-kitap","8":"pa_yayinevi-vakifbank-kultur-yayinlari","9":"pa_yazar-anthony-gottlieb","11":"first","12":"instock","13":"sale","14":"shipping-taxable","15":"purchasable","16":"product-type-simple"},"_links":{"self":[{"href":"https:\/\/roveyayinevi.com.tr\/index.php\/wp-json\/wp\/v2\/product\/778373","targetHints":{"allow":["GET"]}}],"collection":[{"href":"https:\/\/roveyayinevi.com.tr\/index.php\/wp-json\/wp\/v2\/product"}],"about":[{"href":"https:\/\/roveyayinevi.com.tr\/index.php\/wp-json\/wp\/v2\/types\/product"}],"wp:attachment":[{"href":"https:\/\/roveyayinevi.com.tr\/index.php\/wp-json\/wp\/v2\/media?parent=778373"}],"wp:term":[{"taxonomy":"product_brand","embeddable":true,"href":"https:\/\/roveyayinevi.com.tr\/index.php\/wp-json\/wp\/v2\/product_brand?post=778373"},{"taxonomy":"product_cat","embeddable":true,"href":"https:\/\/roveyayinevi.com.tr\/index.php\/wp-json\/wp\/v2\/product_cat?post=778373"},{"taxonomy":"product_tag","embeddable":true,"href":"https:\/\/roveyayinevi.com.tr\/index.php\/wp-json\/wp\/v2\/product_tag?post=778373"}],"curies":[{"name":"wp","href":"https:\/\/api.w.org\/{rel}","templated":true}]}}