{"id":778370,"date":"2025-11-09T08:17:39","date_gmt":"2025-11-09T05:17:39","guid":{"rendered":"https:\/\/roveyayinevi.com.tr\/index.php\/urun\/dedektif-kurukafa-olu-ya-da-diri-ciltli\/"},"modified":"2026-04-16T02:55:46","modified_gmt":"2026-04-15T23:55:46","slug":"dedektif-kurukafa-olu-ya-da-diri-ciltli","status":"publish","type":"product","link":"https:\/\/roveyayinevi.com.tr\/index.php\/urun\/dedektif-kurukafa-olu-ya-da-diri-ciltli\/","title":{"rendered":"Dedektif Kurukafa \u00d6l\u00fc Ya Da Diri (Ciltli)"},"content":{"rendered":"<p>D\u00fcnyan\u0131n tamamen de\u011fi\u015fmesine art\u0131k say\u0131l\u0131 g\u00fcnler kald\u0131. Milyarlarca hayat, kaderinde insanl\u0131\u011f\u0131n kadim y\u00f6neticilerini geri getirmenin yazd\u0131\u011f\u0131 Y\u00fcz\u00fc Olmayanlar\u2019\u0131n \u00c7ocu\u011fu\u2019nu bulmak i\u00e7in verilen son ve umutsuz aray\u0131\u015fta heba edilecek. Buna engel olmak Skulduggery Pleasant ve Valkyrie Cain\u2019in ellerinde son ve korkun\u00e7 bir se\u00e7enek var: Damocles Creed\u2019e suikast d\u00fczenlemek. Roarhaven\u2019da protestolar ortal\u0131\u011f\u0131 kar\u0131\u015ft\u0131r\u0131p isyanlar ve devrim \u0131\u015f\u0131klar\u0131 y\u00fckseli\u015fe ge\u00e7erken Valkyrie kim oldu\u011funa karar vermek zorunda: Y\u00fcce bir ideal u\u011fruna her \u015feyi riske atan kahraman m\u0131, yoksa insanl\u0131\u011f\u0131n kaderi i\u00e7in kendi ruhunu feda eden bir katil mi? Karar bir an \u00f6nce verilmeli \u00e7\u00fcnk\u00fc kaybedecek zaman yok!   Romanlar\u0131yla milyonlarca okura ula\u015fan karanl\u0131k, esprili, s\u00fcr\u00fckleyici, duygusal ve benzersiz \u201cDedektif Kurukafa\u201d serisi, 14. ve sondan bir \u00f6nceki roman\u0131 \u00d6l\u00fc Ya Da Diri ile yine heyecan verici bir macera vaat ediyor. Valkyrie ve Dedektif insanl\u0131\u011f\u0131n sonuna engel olmak i\u00e7in ak\u0131l almaz bir suikast planlamaya karar veriyor. Ama biri onlardan daha erken davran\u0131yor. \u015eimdi hem bilinmeyen bir katili yakalamalar\u0131 hem de bu tuza\u011f\u0131 kimin kurdu\u011funu bulmalar\u0131 gerek. Zaman daral\u0131rken kaybedecekleri \u00e7ok \u015fey var. Ve d\u00fc\u015fmanlar\u0131 onlara o kadar da uzak olmayan biri. Valkyrie ve Dedektif Kurukafa bir kez daha hayatlar\u0131n\u0131n en \u00f6nemli se\u00e7imini yapmak zorunda. <\/p>\n","protected":false},"excerpt":{"rendered":"<p>D\u00fcnyan\u0131n tamamen de\u011fi\u015fmesine art\u0131k say\u0131l\u0131 g\u00fcnler kald\u0131. Milyarlarca hayat, kaderinde insanl\u0131\u011f\u0131n kadim y\u00f6neticilerini geri getirmenin yazd\u0131\u011f\u0131 Y\u00fcz\u00fc Olmayanlar\u2019\u0131n \u00c7ocu\u011fu\u2019nu bulmak i\u00e7in verilen son ve umutsuz aray\u0131\u015fta<span class=\"excerpt-hellip\"> [\u2026]<\/span><\/p>\n","protected":false},"featured_media":0,"template":"","meta":{"_monsterinsights_skip_tracking":false,"_monsterinsights_sitenote_active":false,"_monsterinsights_sitenote_note":"","_monsterinsights_sitenote_category":0},"product_brand":[],"product_cat":[12689,12274],"product_tag":[],"class_list":{"0":"post-778370","1":"product","2":"type-product","3":"status-publish","5":"product_cat-cizgi-roman-cocuk-ve-genclik-kitaplari","6":"product_cat-cocuk-ve-genclik-kitaplari","7":"pa_cilt-ciltli","8":"pa_tur-kitap","9":"pa_yayinevi-artemis-yayinlari","10":"pa_yazar-derek-landy","12":"first","13":"instock","14":"sale","15":"shipping-taxable","16":"purchasable","17":"product-type-simple"},"_links":{"self":[{"href":"https:\/\/roveyayinevi.com.tr\/index.php\/wp-json\/wp\/v2\/product\/778370","targetHints":{"allow":["GET"]}}],"collection":[{"href":"https:\/\/roveyayinevi.com.tr\/index.php\/wp-json\/wp\/v2\/product"}],"about":[{"href":"https:\/\/roveyayinevi.com.tr\/index.php\/wp-json\/wp\/v2\/types\/product"}],"wp:attachment":[{"href":"https:\/\/roveyayinevi.com.tr\/index.php\/wp-json\/wp\/v2\/media?parent=778370"}],"wp:term":[{"taxonomy":"product_brand","embeddable":true,"href":"https:\/\/roveyayinevi.com.tr\/index.php\/wp-json\/wp\/v2\/product_brand?post=778370"},{"taxonomy":"product_cat","embeddable":true,"href":"https:\/\/roveyayinevi.com.tr\/index.php\/wp-json\/wp\/v2\/product_cat?post=778370"},{"taxonomy":"product_tag","embeddable":true,"href":"https:\/\/roveyayinevi.com.tr\/index.php\/wp-json\/wp\/v2\/product_tag?post=778370"}],"curies":[{"name":"wp","href":"https:\/\/api.w.org\/{rel}","templated":true}]}}