{"id":778369,"date":"2025-11-09T08:05:29","date_gmt":"2025-11-09T05:05:29","guid":{"rendered":"https:\/\/roveyayinevi.com.tr\/index.php\/urun\/fizik-kitabi-ciltli\/"},"modified":"2026-04-16T02:53:47","modified_gmt":"2026-04-15T23:53:47","slug":"fizik-kitabi-ciltli","status":"publish","type":"product","link":"https:\/\/roveyayinevi.com.tr\/index.php\/urun\/fizik-kitabi-ciltli\/","title":{"rendered":"Fizik Kitab\u0131 (Ciltli)"},"content":{"rendered":"<p>M\u0131knat\u0131slar nas\u0131l elektrik \u00fcretir? Antimadde nedir? Zamanda yolculuk m\u00fcmk\u00fcn m\u00fcd\u00fcr? Bu ve bunun gibi pek soru \u00fczerine kafa yoran fizik\u00e7iler insan bilgisinin ufkunu geni\u015fleterek D\u00fcnya\u2019ya ve evrene h\u00fckmeden enerjiyi ve kuvvetleri anlamam\u0131z\u0131 sa\u011flad\u0131lar.Sade bir dille yaz\u0131lm\u0131\u015f olan Fizik Kitab\u0131, kolayca anla\u015f\u0131lan k\u0131sa ve \u00f6zl\u00fc a\u00e7\u0131klamalar\u0131, temel ilkelerin d\u00fc\u011f\u00fcmlerini ad\u0131m ad\u0131m \u00e7\u00f6zen \u015femalar\u0131, bilimsel ke\u015fifleri unutulmaz k\u0131lan klasik al\u0131nt\u0131lar\u0131 ve fizik anlay\u0131\u015f\u0131m\u0131z\u0131 alt \u00fcst eden esprili \u00e7izimleriyle ba\u015fucu kitab\u0131n\u0131z olacak.Bilgi d\u00fczeyiniz ne olursa olsun, ister hevesli bir \u00f6\u011frenci ister D\u00fcnya\u2019n\u0131n nas\u0131l i\u015fledi\u011fini merak eden biri, bu kitapta sizi k\u0131\u015fk\u0131rt\u0131p canland\u0131racak \u00e7ok \u015fey bulacaks\u0131n\u0131z.<\/p>\n","protected":false},"excerpt":{"rendered":"<p>M\u0131knat\u0131slar nas\u0131l elektrik \u00fcretir? Antimadde nedir? Zamanda yolculuk m\u00fcmk\u00fcn m\u00fcd\u00fcr? Bu ve bunun gibi pek soru \u00fczerine kafa yoran fizik\u00e7iler insan bilgisinin ufkunu geni\u015fleterek D\u00fcnya\u2019ya ve<span class=\"excerpt-hellip\"> [\u2026]<\/span><\/p>\n","protected":false},"featured_media":0,"template":"","meta":{"_monsterinsights_skip_tracking":false,"_monsterinsights_sitenote_active":false,"_monsterinsights_sitenote_note":"","_monsterinsights_sitenote_category":0},"product_brand":[],"product_cat":[12573,12566],"product_tag":[],"class_list":{"0":"post-778369","1":"product","2":"type-product","3":"status-publish","5":"product_cat-akademik-kitaplar","6":"product_cat-egitim","7":"pa_cilt-ciltli","8":"pa_tur-kitap","9":"pa_yayinevi-alfa-yayinlari","10":"pa_yazar-kolektif","12":"first","13":"instock","14":"sale","15":"shipping-taxable","16":"purchasable","17":"product-type-simple"},"_links":{"self":[{"href":"https:\/\/roveyayinevi.com.tr\/index.php\/wp-json\/wp\/v2\/product\/778369","targetHints":{"allow":["GET"]}}],"collection":[{"href":"https:\/\/roveyayinevi.com.tr\/index.php\/wp-json\/wp\/v2\/product"}],"about":[{"href":"https:\/\/roveyayinevi.com.tr\/index.php\/wp-json\/wp\/v2\/types\/product"}],"wp:attachment":[{"href":"https:\/\/roveyayinevi.com.tr\/index.php\/wp-json\/wp\/v2\/media?parent=778369"}],"wp:term":[{"taxonomy":"product_brand","embeddable":true,"href":"https:\/\/roveyayinevi.com.tr\/index.php\/wp-json\/wp\/v2\/product_brand?post=778369"},{"taxonomy":"product_cat","embeddable":true,"href":"https:\/\/roveyayinevi.com.tr\/index.php\/wp-json\/wp\/v2\/product_cat?post=778369"},{"taxonomy":"product_tag","embeddable":true,"href":"https:\/\/roveyayinevi.com.tr\/index.php\/wp-json\/wp\/v2\/product_tag?post=778369"}],"curies":[{"name":"wp","href":"https:\/\/api.w.org\/{rel}","templated":true}]}}