{"id":778367,"date":"2025-11-09T07:50:15","date_gmt":"2025-11-09T04:50:15","guid":{"rendered":"https:\/\/roveyayinevi.com.tr\/index.php\/urun\/tip-kitabi-ciltli\/"},"modified":"2026-04-16T02:51:29","modified_gmt":"2026-04-15T23:51:29","slug":"tip-kitabi-ciltli","status":"publish","type":"product","link":"https:\/\/roveyayinevi.com.tr\/index.php\/urun\/tip-kitabi-ciltli\/","title":{"rendered":"T\u0131p  Kitab\u0131 (Ciltli)"},"content":{"rendered":"<p>Hastal\u0131klar nas\u0131l te\u015fhis edilir? Kanser nedir? Baz\u0131 pandemiler neden bu kadar \u00f6l\u00fcmc\u00fcld\u00fcr? Bu kitap g\u00fcn\u00fcm\u00fczdeki t\u0131p anlay\u0131\u015f\u0131na \u015fekil veren ve sa\u011fl\u0131\u011f\u0131m\u0131z\u0131 korumam\u0131za katk\u0131da bulunan \u00f6nemli bulu\u015f ve ke\u015fifleri a\u00e7\u0131klayarak bu sorular\u0131 ve daha fazlas\u0131n\u0131 yan\u0131tl\u0131yor.   Sade bir dilde kaleme al\u0131nan T\u0131p Kitab\u0131 t\u0131p tarihindeki \u00f6nemli kilometre ta\u015flar\u0131n\u0131 ortaya koyuyor, zekice g\u00f6rsellerle konulara a\u00e7\u0131kl\u0131k getiriyor ve karma\u015f\u0131k kavramlar\u0131 \u015fekillerle daha anla\u015f\u0131l\u0131r k\u0131l\u0131yor.   \u0130ster t\u0131p \u00f6\u011frencisi, ister sa\u011fl\u0131k \u00e7al\u0131\u015fan\u0131, ister t\u0131pla ilgilenen bir okur olun bu kitapta ilginizi \u00e7eken bir\u00e7ok \u015fey bulacaks\u0131n\u0131z. <\/p>\n","protected":false},"excerpt":{"rendered":"<p>Hastal\u0131klar nas\u0131l te\u015fhis edilir? Kanser nedir? Baz\u0131 pandemiler neden bu kadar \u00f6l\u00fcmc\u00fcld\u00fcr? Bu kitap g\u00fcn\u00fcm\u00fczdeki t\u0131p anlay\u0131\u015f\u0131na \u015fekil veren ve sa\u011fl\u0131\u011f\u0131m\u0131z\u0131 korumam\u0131za katk\u0131da bulunan \u00f6nemli bulu\u015f<span class=\"excerpt-hellip\"> [\u2026]<\/span><\/p>\n","protected":false},"featured_media":0,"template":"","meta":{"_monsterinsights_skip_tracking":false,"_monsterinsights_sitenote_active":false,"_monsterinsights_sitenote_note":"","_monsterinsights_sitenote_category":0},"product_brand":[],"product_cat":[16965,13365],"product_tag":[],"class_list":{"0":"post-778367","1":"product","2":"type-product","3":"status-publish","5":"product_cat-genel-saglik-kitaplari","6":"product_cat-saglik","7":"pa_cilt-ciltli","8":"pa_tur-kitap","9":"pa_yayinevi-alfa-yayinlari","10":"pa_yazar-alfa-yayinlari-kolektif","12":"first","13":"instock","14":"sale","15":"shipping-taxable","16":"purchasable","17":"product-type-simple"},"_links":{"self":[{"href":"https:\/\/roveyayinevi.com.tr\/index.php\/wp-json\/wp\/v2\/product\/778367","targetHints":{"allow":["GET"]}}],"collection":[{"href":"https:\/\/roveyayinevi.com.tr\/index.php\/wp-json\/wp\/v2\/product"}],"about":[{"href":"https:\/\/roveyayinevi.com.tr\/index.php\/wp-json\/wp\/v2\/types\/product"}],"wp:attachment":[{"href":"https:\/\/roveyayinevi.com.tr\/index.php\/wp-json\/wp\/v2\/media?parent=778367"}],"wp:term":[{"taxonomy":"product_brand","embeddable":true,"href":"https:\/\/roveyayinevi.com.tr\/index.php\/wp-json\/wp\/v2\/product_brand?post=778367"},{"taxonomy":"product_cat","embeddable":true,"href":"https:\/\/roveyayinevi.com.tr\/index.php\/wp-json\/wp\/v2\/product_cat?post=778367"},{"taxonomy":"product_tag","embeddable":true,"href":"https:\/\/roveyayinevi.com.tr\/index.php\/wp-json\/wp\/v2\/product_tag?post=778367"}],"curies":[{"name":"wp","href":"https:\/\/api.w.org\/{rel}","templated":true}]}}