{"id":778365,"date":"2025-11-09T06:26:29","date_gmt":"2025-11-09T03:26:29","guid":{"rendered":"https:\/\/roveyayinevi.com.tr\/index.php\/urun\/sadako-2\/"},"modified":"2026-02-03T02:51:54","modified_gmt":"2026-02-02T23:51:54","slug":"sadako-2","status":"publish","type":"product","link":"https:\/\/roveyayinevi.com.tr\/index.php\/urun\/sadako-2\/","title":{"rendered":"Sadako"},"content":{"rendered":"<p>On iki ya\u015f\u0131ndaki Sadako Sasaki okulundaki en h\u0131zl\u0131 ko\u015fan \u00f6\u011frencidir. Arkada\u015flar\u0131yla kat\u0131ld\u0131\u011f\u0131 bir bayrak yar\u0131\u015f\u0131 s\u0131ras\u0131nda aniden bay\u0131l\u0131r ve doktorlar ona atom bombas\u0131 hastal\u0131\u011f\u0131 te\u015fhisi koyarlar. Sadako bu hastal\u0131kla sava\u015f\u0131r: Bir Japon efsanesine g\u00f6re, bin tane turna ku\u015fu katlarsan\u0131z, dile\u011finiz mutlaka ger\u00e7ekle\u015fir&#8230;Sadako Sasaki\u2018nin katlad\u0131\u011f\u0131 turna ku\u015flar\u0131 d\u00fcnya \u00e7ap\u0131nda bar\u0131\u015f\u0131n sembol\u00fc h\u00e2line gelmi\u015ftir. K\u00e2\u011f\u0131ttan turna ku\u015fu yap\u0131m\u0131 y\u00f6nergeleriyle ve Gerda Raidt\u2019\u0131n \u00e7izimleriyle\u2026<\/p>\n","protected":false},"excerpt":{"rendered":"<p>On iki ya\u015f\u0131ndaki Sadako Sasaki okulundaki en h\u0131zl\u0131 ko\u015fan \u00f6\u011frencidir. Arkada\u015flar\u0131yla kat\u0131ld\u0131\u011f\u0131 bir bayrak yar\u0131\u015f\u0131 s\u0131ras\u0131nda aniden bay\u0131l\u0131r ve doktorlar ona atom bombas\u0131 hastal\u0131\u011f\u0131 te\u015fhisi koyarlar.<span class=\"excerpt-hellip\"> [\u2026]<\/span><\/p>\n","protected":false},"featured_media":0,"template":"","meta":{"_monsterinsights_skip_tracking":false,"_monsterinsights_sitenote_active":false,"_monsterinsights_sitenote_note":"","_monsterinsights_sitenote_category":0},"product_brand":[],"product_cat":[12275,12274],"product_tag":[],"class_list":{"0":"post-778365","1":"product","2":"type-product","3":"status-publish","5":"product_cat-6-12-yas-kitaplari","6":"product_cat-cocuk-ve-genclik-kitaplari","7":"pa_cilt-ciltsiz","8":"pa_tur-kitap","9":"pa_yayinevi-abm-yayinevi","10":"pa_yazar-johanna-hohnhold","12":"first","13":"instock","14":"sale","15":"shipping-taxable","16":"purchasable","17":"product-type-simple"},"_links":{"self":[{"href":"https:\/\/roveyayinevi.com.tr\/index.php\/wp-json\/wp\/v2\/product\/778365","targetHints":{"allow":["GET"]}}],"collection":[{"href":"https:\/\/roveyayinevi.com.tr\/index.php\/wp-json\/wp\/v2\/product"}],"about":[{"href":"https:\/\/roveyayinevi.com.tr\/index.php\/wp-json\/wp\/v2\/types\/product"}],"wp:attachment":[{"href":"https:\/\/roveyayinevi.com.tr\/index.php\/wp-json\/wp\/v2\/media?parent=778365"}],"wp:term":[{"taxonomy":"product_brand","embeddable":true,"href":"https:\/\/roveyayinevi.com.tr\/index.php\/wp-json\/wp\/v2\/product_brand?post=778365"},{"taxonomy":"product_cat","embeddable":true,"href":"https:\/\/roveyayinevi.com.tr\/index.php\/wp-json\/wp\/v2\/product_cat?post=778365"},{"taxonomy":"product_tag","embeddable":true,"href":"https:\/\/roveyayinevi.com.tr\/index.php\/wp-json\/wp\/v2\/product_tag?post=778365"}],"curies":[{"name":"wp","href":"https:\/\/api.w.org\/{rel}","templated":true}]}}