{"id":778361,"date":"2025-11-09T04:46:17","date_gmt":"2025-11-09T01:46:17","guid":{"rendered":"https:\/\/roveyayinevi.com.tr\/index.php\/urun\/mukemmel-anne\/"},"modified":"2026-04-16T02:22:22","modified_gmt":"2026-04-15T23:22:22","slug":"mukemmel-anne","status":"publish","type":"product","link":"https:\/\/roveyayinevi.com.tr\/index.php\/urun\/mukemmel-anne\/","title":{"rendered":"M\u00fckemmel Anne"},"content":{"rendered":"<p>Bir web sitesi vas\u0131tas\u0131yla tan\u0131\u015fm\u0131\u015f, kendilerine \u201cMay\u0131s Anneleri\u201d diyen bir grup kad\u0131n onlar. Ortak noktalar\u0131 bebeklerinin may\u0131s ay\u0131nda do\u011fmas\u0131. Haftada iki kere bebeklerini de al\u0131p bir parkta bulu\u015fuyor, annelikle ilgili deneyimlerini payla\u015f\u0131yorlar. Bebekleri iki ayl\u0131k oldu\u011funda yorgunluklar\u0131n\u0131 atmak, biraz e\u011flenmek i\u00e7in bebekleri babalar\u0131na b\u0131rak\u0131p felekten bir gece \u00e7almaya karar veriyorlar. Aralar\u0131nda bir de bek\u00e2r bir anne var. Bebe\u011fi Midas\u2019\u0131 bak\u0131c\u0131ya b\u0131rakmak zorunda. E\u011flencenin doruk noktas\u0131nda bak\u0131c\u0131dan Bebek Midas\u2019\u0131n ka\u00e7\u0131r\u0131ld\u0131\u011f\u0131na dair bir telefon geliyor ve k\u00e2bus dolu g\u00fcnler ba\u015fl\u0131yor. Polis sorgusu s\u00fcrerken, bas\u0131n\u0131n b\u00fct\u00fcn ilgisi May\u0131s Annelerine y\u00f6neliyor. Ge\u00e7mi\u015fleri didik didik edilen annelerin hayatlar\u0131ndaki s\u0131rlar bir bir ortaya \u00e7\u0131k\u0131yor. Yay\u0131mland\u0131\u011f\u0131 hafta New York Times \u00e7ok satanlar listesine giren M\u00fckemmel Anne, Aimee Molloy\u2019un ebeveynli\u011fin zorluklar\u0131n\u0131, toplumun anneler \u00fczerindeki bask\u0131lar\u0131n\u0131 b\u00fcy\u00fck bir beceriyle yans\u0131tt\u0131\u011f\u0131 y\u00fcksek tempolu, gerilim y\u00fckl\u00fc bir roman. <\/p>\n","protected":false},"excerpt":{"rendered":"<p>Bir web sitesi vas\u0131tas\u0131yla tan\u0131\u015fm\u0131\u015f, kendilerine \u201cMay\u0131s Anneleri\u201d diyen bir grup kad\u0131n onlar. Ortak noktalar\u0131 bebeklerinin may\u0131s ay\u0131nda do\u011fmas\u0131. Haftada iki kere bebeklerini de al\u0131p bir<span class=\"excerpt-hellip\"> [\u2026]<\/span><\/p>\n","protected":false},"featured_media":0,"template":"","meta":{"_monsterinsights_skip_tracking":false,"_monsterinsights_sitenote_active":false,"_monsterinsights_sitenote_note":"","_monsterinsights_sitenote_category":0},"product_brand":[],"product_cat":[12291,12711],"product_tag":[],"class_list":{"0":"post-778361","1":"product","2":"type-product","3":"status-publish","5":"product_cat-edebiyat","6":"product_cat-roman-oyku","7":"pa_cilt-ciltsiz","8":"pa_tur-kitap","9":"pa_yayinevi-hep-kitap","10":"pa_yazar-aimee-molloy","12":"first","13":"instock","14":"sale","15":"shipping-taxable","16":"purchasable","17":"product-type-simple"},"_links":{"self":[{"href":"https:\/\/roveyayinevi.com.tr\/index.php\/wp-json\/wp\/v2\/product\/778361","targetHints":{"allow":["GET"]}}],"collection":[{"href":"https:\/\/roveyayinevi.com.tr\/index.php\/wp-json\/wp\/v2\/product"}],"about":[{"href":"https:\/\/roveyayinevi.com.tr\/index.php\/wp-json\/wp\/v2\/types\/product"}],"wp:attachment":[{"href":"https:\/\/roveyayinevi.com.tr\/index.php\/wp-json\/wp\/v2\/media?parent=778361"}],"wp:term":[{"taxonomy":"product_brand","embeddable":true,"href":"https:\/\/roveyayinevi.com.tr\/index.php\/wp-json\/wp\/v2\/product_brand?post=778361"},{"taxonomy":"product_cat","embeddable":true,"href":"https:\/\/roveyayinevi.com.tr\/index.php\/wp-json\/wp\/v2\/product_cat?post=778361"},{"taxonomy":"product_tag","embeddable":true,"href":"https:\/\/roveyayinevi.com.tr\/index.php\/wp-json\/wp\/v2\/product_tag?post=778361"}],"curies":[{"name":"wp","href":"https:\/\/api.w.org\/{rel}","templated":true}]}}