{"id":778358,"date":"2025-11-09T04:10:04","date_gmt":"2025-11-09T01:10:04","guid":{"rendered":"https:\/\/roveyayinevi.com.tr\/index.php\/urun\/felsefenin-oykusu-ciltli\/"},"modified":"2026-04-16T02:17:28","modified_gmt":"2026-04-15T23:17:28","slug":"felsefenin-oykusu-ciltli","status":"publish","type":"product","link":"https:\/\/roveyayinevi.com.tr\/index.php\/urun\/felsefenin-oykusu-ciltli\/","title":{"rendered":"Felsefenin \u00d6yk\u00fcs\u00fc (Ciltli)"},"content":{"rendered":"<p>ANT\u0130K YUNANLARDAN G\u00dcN\u00dcM\u00dcZEFELSEFEN\u0130N 2500 YILIKitap, felsefi konular\u0131 teker teker ayd\u0131nlat\u0131yor, \u00f6nemli sorulara odaklan\u0131yor ve b\u00fcy\u00fck filozoflar\u0131n en \u00f6nemli katk\u0131lar\u0131n\u0131 inceliyor.Hem felsefe \u00f6\u011frencilerinin hem de felsefeye ilgisi olanlar\u0131n zevkle okuyaca\u011f\u0131, alan\u0131ndaki en kapsaml\u0131 kitap.\u201c2500 y\u0131ll\u0131k Bat\u0131 felsefesini, Herakleitos\u2019tan Heidegger\u2019e,d\u00fc\u015f\u00fcncenin s\u0131n\u0131rlar\u0131n\u0131 geni\u015fleten etkileyici fig\u00fcrlerinreng\u00e2renk ge\u00e7it t\u00f6renine \u00e7eviren, bol resimli, \u015fahane bir kitap.\u201dBooklist\u201cBryan Magee her zamanki netli\u011fi ve sezgisiyle yaz\u0131yor.\u201dColin Dexter, The Sunday Times <\/p>\n","protected":false},"excerpt":{"rendered":"<p>ANT\u0130K YUNANLARDAN G\u00dcN\u00dcM\u00dcZEFELSEFEN\u0130N 2500 YILIKitap, felsefi konular\u0131 teker teker ayd\u0131nlat\u0131yor, \u00f6nemli sorulara odaklan\u0131yor ve b\u00fcy\u00fck filozoflar\u0131n en \u00f6nemli katk\u0131lar\u0131n\u0131 inceliyor.Hem felsefe \u00f6\u011frencilerinin hem de felsefeye ilgisi<span class=\"excerpt-hellip\"> [\u2026]<\/span><\/p>\n","protected":false},"featured_media":0,"template":"","meta":{"_monsterinsights_skip_tracking":false,"_monsterinsights_sitenote_active":false,"_monsterinsights_sitenote_note":"","_monsterinsights_sitenote_category":0},"product_brand":[],"product_cat":[12388,13555],"product_tag":[],"class_list":{"0":"post-778358","1":"product","2":"type-product","3":"status-publish","5":"product_cat-felsefe","6":"product_cat-genel-felsefe","7":"pa_cilt-ciltli","8":"pa_tur-kitap","9":"pa_yayinevi-alfa-yayinlari","10":"pa_yazar-bryan-magee","12":"first","13":"instock","14":"sale","15":"shipping-taxable","16":"purchasable","17":"product-type-simple"},"_links":{"self":[{"href":"https:\/\/roveyayinevi.com.tr\/index.php\/wp-json\/wp\/v2\/product\/778358","targetHints":{"allow":["GET"]}}],"collection":[{"href":"https:\/\/roveyayinevi.com.tr\/index.php\/wp-json\/wp\/v2\/product"}],"about":[{"href":"https:\/\/roveyayinevi.com.tr\/index.php\/wp-json\/wp\/v2\/types\/product"}],"wp:attachment":[{"href":"https:\/\/roveyayinevi.com.tr\/index.php\/wp-json\/wp\/v2\/media?parent=778358"}],"wp:term":[{"taxonomy":"product_brand","embeddable":true,"href":"https:\/\/roveyayinevi.com.tr\/index.php\/wp-json\/wp\/v2\/product_brand?post=778358"},{"taxonomy":"product_cat","embeddable":true,"href":"https:\/\/roveyayinevi.com.tr\/index.php\/wp-json\/wp\/v2\/product_cat?post=778358"},{"taxonomy":"product_tag","embeddable":true,"href":"https:\/\/roveyayinevi.com.tr\/index.php\/wp-json\/wp\/v2\/product_tag?post=778358"}],"curies":[{"name":"wp","href":"https:\/\/api.w.org\/{rel}","templated":true}]}}