{"id":778354,"date":"2025-11-09T03:50:39","date_gmt":"2025-11-09T00:50:39","guid":{"rendered":"https:\/\/roveyayinevi.com.tr\/index.php\/urun\/zamanin-resimli-kisa-tarihi-ciltli\/"},"modified":"2026-04-16T02:14:26","modified_gmt":"2026-04-15T23:14:26","slug":"zamanin-resimli-kisa-tarihi-ciltli","status":"publish","type":"product","link":"https:\/\/roveyayinevi.com.tr\/index.php\/urun\/zamanin-resimli-kisa-tarihi-ciltli\/","title":{"rendered":"Zaman\u0131n Resimli K\u0131sa Tarihi (Ciltli)"},"content":{"rendered":"<p>Zaman\u0131n K\u0131sa Tarihi 1988 y\u0131l\u0131ndaki ilk bas\u0131m\u0131ndan bu yana ge\u00e7en y\u0131llar i\u00e7erisinde bilimsel yaz\u0131n alan\u0131nda bir ba\u015fyap\u0131t konumu kazand\u0131. K\u0131rk dile \u00e7evrildi ve dokuz milyonun \u00fczerinde bask\u0131 yaparak dev bir uluslararas\u0131 \u00fcn kazand\u0131. Kitap o d\u00f6nemde evrenin do\u011fas\u0131 hakk\u0131nda \u00f6\u011frendi\u011fimiz en son bilgiler g\u00f6z \u00f6n\u00fcne al\u0131narak yaz\u0131lm\u0131\u015ft\u0131, \u00f6te yandan o g\u00fcnden bu g\u00fcne hem atom-alt\u0131 d\u00fcnyan\u0131n hem de b\u00fcy\u00fck \u00f6l\u00e7ekte evrenin g\u00f6zlem teknolojilerinde ola\u011fan\u00fcst\u00fc ilerlemeler ya\u015fand\u0131. Bu yeni g\u00f6zlemler Profes\u00f6r Hawking\u2019in kitab\u0131n ilk bask\u0131s\u0131nda yapt\u0131\u011f\u0131 kuramsal \u00f6ng\u00f6r\u00fclerin \u00e7o\u011funu do\u011frulayan nitelikteydi. Bu g\u00f6zlemlere, evrenin ba\u015flang\u0131c\u0131ndan 300.000 y\u0131l sonras\u0131n\u0131 ara\u015ft\u0131ran ve Hawking\u2019in varl\u0131\u011f\u0131n\u0131 ileri s\u00fcrd\u00fc\u011f\u00fc uzayzaman dokusundaki k\u0131r\u0131\u015f\u0131kl\u0131klar\u0131 tespit eden Kozmik Ardalan K\u00e2\u015fifi COBE uydusunun son bulgular\u0131 da dahildir. Kaleme ald\u0131\u011f\u0131 \u00f6zg\u00fcn metne kendisinin son ara\u015ft\u0131rmas\u0131ndan ve en son g\u00f6zlemlerden edindi\u011fimiz yeni bilgileri katma arzusuyla Hawking, kitab\u0131n\u0131n elinizdeki son bask\u0131s\u0131 i\u00e7in yeni bir \u00f6ns\u00f6z yazmakla kalmad\u0131, ayn\u0131 zamanda solucan delikleri ve zaman yolculu\u011fuyla ilgili \u00e7ok etkileyici yepyeni bir b\u00f6l\u00fcm kaleme alarak kitab\u0131n\u0131 g\u00fcncelledi.  \u201cCanl\u0131 ve k\u0131\u015fk\u0131rt\u0131c\u0131.. Hawking do\u011fal bir \u00f6\u011fretmen yetene\u011fine sahip: kolay anla\u015f\u0131l\u0131r yaz\u0131yor, mizah kat\u0131yor ve g\u00fcnl\u00fck ya\u015famdan \u00f6rnekler veriyor.\u201d The New York Times \u201cTekerlekli sandalyede oturmas\u0131na kar\u015f\u0131n Hawking\u2019in zihni uzay\u0131n sonsuzlu\u011funda her yere ula\u015f\u0131yor ve evrenin gizemlerini a\u00e7\u0131kl\u0131yor.\u201d Time \u201cUsta i\u015fi.\u201d The Wall Street Journal<\/p>\n","protected":false},"excerpt":{"rendered":"<p>Zaman\u0131n K\u0131sa Tarihi 1988 y\u0131l\u0131ndaki ilk bas\u0131m\u0131ndan bu yana ge\u00e7en y\u0131llar i\u00e7erisinde bilimsel yaz\u0131n alan\u0131nda bir ba\u015fyap\u0131t konumu kazand\u0131. K\u0131rk dile \u00e7evrildi ve dokuz milyonun \u00fczerinde<span class=\"excerpt-hellip\"> [\u2026]<\/span><\/p>\n","protected":false},"featured_media":0,"template":"","meta":{"_monsterinsights_skip_tracking":false,"_monsterinsights_sitenote_active":false,"_monsterinsights_sitenote_note":"","_monsterinsights_sitenote_category":0},"product_brand":[],"product_cat":[13005,13006],"product_tag":[],"class_list":{"0":"post-778354","1":"product","2":"type-product","3":"status-publish","5":"product_cat-bilim-muhendislik","6":"product_cat-populer-bilim","7":"pa_cilt-ciltli","8":"pa_tur-kitap","9":"pa_yayinevi-alfa-yayinlari","10":"pa_yazar-stephen-w-hawking","12":"first","13":"instock","14":"sale","15":"shipping-taxable","16":"purchasable","17":"product-type-simple"},"_links":{"self":[{"href":"https:\/\/roveyayinevi.com.tr\/index.php\/wp-json\/wp\/v2\/product\/778354","targetHints":{"allow":["GET"]}}],"collection":[{"href":"https:\/\/roveyayinevi.com.tr\/index.php\/wp-json\/wp\/v2\/product"}],"about":[{"href":"https:\/\/roveyayinevi.com.tr\/index.php\/wp-json\/wp\/v2\/types\/product"}],"wp:attachment":[{"href":"https:\/\/roveyayinevi.com.tr\/index.php\/wp-json\/wp\/v2\/media?parent=778354"}],"wp:term":[{"taxonomy":"product_brand","embeddable":true,"href":"https:\/\/roveyayinevi.com.tr\/index.php\/wp-json\/wp\/v2\/product_brand?post=778354"},{"taxonomy":"product_cat","embeddable":true,"href":"https:\/\/roveyayinevi.com.tr\/index.php\/wp-json\/wp\/v2\/product_cat?post=778354"},{"taxonomy":"product_tag","embeddable":true,"href":"https:\/\/roveyayinevi.com.tr\/index.php\/wp-json\/wp\/v2\/product_tag?post=778354"}],"curies":[{"name":"wp","href":"https:\/\/api.w.org\/{rel}","templated":true}]}}