{"id":778353,"date":"2025-11-09T03:50:31","date_gmt":"2025-11-09T00:50:31","guid":{"rendered":"https:\/\/roveyayinevi.com.tr\/index.php\/urun\/edebiyat-kitabi-ciltli\/"},"modified":"2025-12-30T10:00:01","modified_gmt":"2025-12-30T07:00:01","slug":"edebiyat-kitabi-ciltli","status":"publish","type":"product","link":"https:\/\/roveyayinevi.com.tr\/index.php\/urun\/edebiyat-kitabi-ciltli\/","title":{"rendered":"Edebiyat Kitab\u0131 (Ciltli)"},"content":{"rendered":"<p>Moby-Dick\u2019teki beyaz balina neyi simgeler? James Joyce b\u00fcy\u00fck modernist ba\u015fyap\u0131t\u0131 Ulysses\u2019i nas\u0131l yap\u0131land\u0131rd\u0131? Huckleberry Finn\u2019in Maceralar\u0131, Lolita ve Otomatik Portakal\u2019\u0131n ortak noktalar\u0131 ne? D\u00fcnyan\u0131n en \u00f6nemli romanlar\u0131, oyunlar\u0131 ve \u015fiirleri \u00fczerinden edebiyattaki temel ak\u0131mlar\u0131, temalar\u0131 ve yazma tarzlar\u0131n\u0131 inceleyen Edebiyat Kitab\u0131\u2019nda bu ve daha bir\u00e7ok sorunun yan\u0131tlar\u0131n\u0131 bulacaks\u0131n\u0131z. Sade bir dilde kaleme al\u0131nan Edebiyat Kitab\u0131, edebiyat jargonundan uzakt\u0131r ve zekice \u00e7izimler ve net grafiklerle, \u0130lyada ve Mahabharata gibi antik destanlardan Salman Rushdie ve Margaret Atwood gibi yazarlar\u0131n \u00e7a\u011fda\u015f eserlerine d\u00fcnya edebiyat\u0131n\u0131 tan\u0131mak i\u00e7in kusursuz bir pr\u00f6miyer sunar. \u0130ster bir edebiyat \u00f6\u011frencisi, ister bir kitap kurdu olun bu kitap sizi yeni okumalara y\u00f6neltecek bolca ilham sunacak. <\/p>\n","protected":false},"excerpt":{"rendered":"<p>Moby-Dick\u2019teki beyaz balina neyi simgeler? James Joyce b\u00fcy\u00fck modernist ba\u015fyap\u0131t\u0131 Ulysses\u2019i nas\u0131l yap\u0131land\u0131rd\u0131? Huckleberry Finn\u2019in Maceralar\u0131, Lolita ve Otomatik Portakal\u2019\u0131n ortak noktalar\u0131 ne? D\u00fcnyan\u0131n en \u00f6nemli<span class=\"excerpt-hellip\"> [\u2026]<\/span><\/p>\n","protected":false},"featured_media":0,"template":"","meta":{"_monsterinsights_skip_tracking":false,"_monsterinsights_sitenote_active":false,"_monsterinsights_sitenote_note":"","_monsterinsights_sitenote_category":0},"product_brand":[],"product_cat":[13489,13488],"product_tag":[],"class_list":{"0":"post-778353","1":"product","2":"type-product","3":"status-publish","5":"product_cat-populer-kultur","6":"product_cat-toplum-ve-insan","7":"pa_cilt-ciltli","8":"pa_tur-kitap","9":"pa_yayinevi-alfa-yayinlari","10":"pa_yazar-kolektif","12":"first","13":"instock","14":"sale","15":"shipping-taxable","16":"purchasable","17":"product-type-simple"},"_links":{"self":[{"href":"https:\/\/roveyayinevi.com.tr\/index.php\/wp-json\/wp\/v2\/product\/778353","targetHints":{"allow":["GET"]}}],"collection":[{"href":"https:\/\/roveyayinevi.com.tr\/index.php\/wp-json\/wp\/v2\/product"}],"about":[{"href":"https:\/\/roveyayinevi.com.tr\/index.php\/wp-json\/wp\/v2\/types\/product"}],"wp:attachment":[{"href":"https:\/\/roveyayinevi.com.tr\/index.php\/wp-json\/wp\/v2\/media?parent=778353"}],"wp:term":[{"taxonomy":"product_brand","embeddable":true,"href":"https:\/\/roveyayinevi.com.tr\/index.php\/wp-json\/wp\/v2\/product_brand?post=778353"},{"taxonomy":"product_cat","embeddable":true,"href":"https:\/\/roveyayinevi.com.tr\/index.php\/wp-json\/wp\/v2\/product_cat?post=778353"},{"taxonomy":"product_tag","embeddable":true,"href":"https:\/\/roveyayinevi.com.tr\/index.php\/wp-json\/wp\/v2\/product_tag?post=778353"}],"curies":[{"name":"wp","href":"https:\/\/api.w.org\/{rel}","templated":true}]}}