{"id":778352,"date":"2025-11-09T03:50:26","date_gmt":"2025-11-09T00:50:26","guid":{"rendered":"https:\/\/roveyayinevi.com.tr\/index.php\/urun\/dedektif-kurukafa-karanlik-gunler\/"},"modified":"2025-11-22T03:46:37","modified_gmt":"2025-11-22T00:46:37","slug":"dedektif-kurukafa-karanlik-gunler","status":"publish","type":"product","link":"https:\/\/roveyayinevi.com.tr\/index.php\/urun\/dedektif-kurukafa-karanlik-gunler\/","title":{"rendered":"Dedektif Kurukafa &#8211; Karanl\u0131k G\u00fcnler"},"content":{"rendered":"<p>\u201cValkyrie ge\u00e7ide geri d\u00f6nd\u00fc. R\u00fczgar sa\u00e7lar\u0131n\u0131 savuruyordu. Bir an bile duraksamad\u0131, kendini o sar\u0131 \u0131\u015f\u0131\u011f\u0131n i\u00e7ine att\u0131.\u201dDedektif Kurukafa gitmi\u015f, paralel bir boyuta ge\u00e7mi\u015fti. Kural yoktu, onu kurtarman\u0131n bir yoluya da y\u00f6ntemi olmal\u0131yd\u0131, ama ne? Valkyrie\u2019nin bunu d\u00fc\u015f\u00fcnecek vakti hi\u00e7 olmam\u0131\u015ft\u0131!Derek Landy, \u0130rlanda\u2019da, Dublin\u2019de oturuyor. Zaman\u0131n\u0131 yazmak ve Ninjalardan korunmak i\u00e7in Man\u00e7kin Ordusu\u2019nu yeti\u015ftirmekle ge\u00e7iriyor.<\/p>\n","protected":false},"excerpt":{"rendered":"<p>\u201cValkyrie ge\u00e7ide geri d\u00f6nd\u00fc. R\u00fczgar sa\u00e7lar\u0131n\u0131 savuruyordu. Bir an bile duraksamad\u0131, kendini o sar\u0131 \u0131\u015f\u0131\u011f\u0131n i\u00e7ine att\u0131.\u201dDedektif Kurukafa gitmi\u015f, paralel bir boyuta ge\u00e7mi\u015fti. Kural yoktu, onu<span class=\"excerpt-hellip\"> [\u2026]<\/span><\/p>\n","protected":false},"featured_media":0,"template":"","meta":{"_monsterinsights_skip_tracking":false,"_monsterinsights_sitenote_active":false,"_monsterinsights_sitenote_note":"","_monsterinsights_sitenote_category":0},"product_brand":[],"product_cat":[12291,12711],"product_tag":[],"class_list":{"0":"post-778352","1":"product","2":"type-product","3":"status-publish","5":"product_cat-edebiyat","6":"product_cat-roman-oyku","7":"pa_cilt-ciltsiz","8":"pa_tur-kitap","9":"pa_yayinevi-artemis-yayinlari","10":"pa_yazar-derek-landy","12":"first","13":"instock","14":"sale","15":"shipping-taxable","16":"purchasable","17":"product-type-simple"},"_links":{"self":[{"href":"https:\/\/roveyayinevi.com.tr\/index.php\/wp-json\/wp\/v2\/product\/778352","targetHints":{"allow":["GET"]}}],"collection":[{"href":"https:\/\/roveyayinevi.com.tr\/index.php\/wp-json\/wp\/v2\/product"}],"about":[{"href":"https:\/\/roveyayinevi.com.tr\/index.php\/wp-json\/wp\/v2\/types\/product"}],"wp:attachment":[{"href":"https:\/\/roveyayinevi.com.tr\/index.php\/wp-json\/wp\/v2\/media?parent=778352"}],"wp:term":[{"taxonomy":"product_brand","embeddable":true,"href":"https:\/\/roveyayinevi.com.tr\/index.php\/wp-json\/wp\/v2\/product_brand?post=778352"},{"taxonomy":"product_cat","embeddable":true,"href":"https:\/\/roveyayinevi.com.tr\/index.php\/wp-json\/wp\/v2\/product_cat?post=778352"},{"taxonomy":"product_tag","embeddable":true,"href":"https:\/\/roveyayinevi.com.tr\/index.php\/wp-json\/wp\/v2\/product_tag?post=778352"}],"curies":[{"name":"wp","href":"https:\/\/api.w.org\/{rel}","templated":true}]}}