{"id":778351,"date":"2025-11-09T03:46:35","date_gmt":"2025-11-09T00:46:35","guid":{"rendered":"https:\/\/roveyayinevi.com.tr\/index.php\/urun\/bir\/"},"modified":"2026-04-16T02:13:57","modified_gmt":"2026-04-15T23:13:57","slug":"bir","status":"publish","type":"product","link":"https:\/\/roveyayinevi.com.tr\/index.php\/urun\/bir\/","title":{"rendered":"Bir"},"content":{"rendered":"<p>\u0130nsan bilgide zirvedeydi. Ne zaman ki cenneti yitirip kim oldu\u011funu unuttu, i\u015fte o zaman bilgide geriye d\u00fc\u015ft\u00fc. Maddenin boyunduru\u011funa girdi. \u0130lahi y\u00f6n\u00fcn\u00fc kullanmaz oldu. Mutlulu\u011fu hep d\u0131\u015far\u0131larda arad\u0131 ama hi\u00e7 d\u00f6n\u00fcp kendi i\u00e7ine bakmad\u0131. Mucizeleri fark etmedi. Ya\u015fam\u0131 ve ya\u015famdaki her \u015feyi tesad\u00fcflere ba\u011flad\u0131. Ama hayatta tesad\u00fcf diye bir \u015fey hi\u00e7 olmam\u0131\u015ft\u0131 ki\u2026 \ufffcTan\u0131t\u0131m Metni<\/p>\n","protected":false},"excerpt":{"rendered":"<p>\u0130nsan bilgide zirvedeydi. Ne zaman ki cenneti yitirip kim oldu\u011funu unuttu, i\u015fte o zaman bilgide geriye d\u00fc\u015ft\u00fc. Maddenin boyunduru\u011funa girdi. \u0130lahi y\u00f6n\u00fcn\u00fc kullanmaz oldu. Mutlulu\u011fu hep<span class=\"excerpt-hellip\"> [\u2026]<\/span><\/p>\n","protected":false},"featured_media":0,"template":"","meta":{"_monsterinsights_skip_tracking":false,"_monsterinsights_sitenote_active":false,"_monsterinsights_sitenote_note":"","_monsterinsights_sitenote_category":0},"product_brand":[],"product_cat":[12312,12304],"product_tag":[],"class_list":{"0":"post-778351","1":"product","2":"type-product","3":"status-publish","5":"product_cat-diger","6":"product_cat-tarih","7":"pa_cilt-ciltsiz","8":"pa_tur-kitap","9":"pa_yayinevi-asi-kitap","10":"pa_yazar-sebnem-piskin","12":"first","13":"instock","14":"sale","15":"shipping-taxable","16":"purchasable","17":"product-type-simple"},"_links":{"self":[{"href":"https:\/\/roveyayinevi.com.tr\/index.php\/wp-json\/wp\/v2\/product\/778351","targetHints":{"allow":["GET"]}}],"collection":[{"href":"https:\/\/roveyayinevi.com.tr\/index.php\/wp-json\/wp\/v2\/product"}],"about":[{"href":"https:\/\/roveyayinevi.com.tr\/index.php\/wp-json\/wp\/v2\/types\/product"}],"wp:attachment":[{"href":"https:\/\/roveyayinevi.com.tr\/index.php\/wp-json\/wp\/v2\/media?parent=778351"}],"wp:term":[{"taxonomy":"product_brand","embeddable":true,"href":"https:\/\/roveyayinevi.com.tr\/index.php\/wp-json\/wp\/v2\/product_brand?post=778351"},{"taxonomy":"product_cat","embeddable":true,"href":"https:\/\/roveyayinevi.com.tr\/index.php\/wp-json\/wp\/v2\/product_cat?post=778351"},{"taxonomy":"product_tag","embeddable":true,"href":"https:\/\/roveyayinevi.com.tr\/index.php\/wp-json\/wp\/v2\/product_tag?post=778351"}],"curies":[{"name":"wp","href":"https:\/\/api.w.org\/{rel}","templated":true}]}}