{"id":778350,"date":"2025-11-09T02:49:44","date_gmt":"2025-11-08T23:49:44","guid":{"rendered":"https:\/\/roveyayinevi.com.tr\/index.php\/urun\/felsefe-kitabi\/"},"modified":"2025-11-22T02:46:38","modified_gmt":"2025-11-21T23:46:38","slug":"felsefe-kitabi","status":"publish","type":"product","link":"https:\/\/roveyayinevi.com.tr\/index.php\/urun\/felsefe-kitabi\/","title":{"rendered":"Felsefe Kitab\u0131"},"content":{"rendered":"<p>Evren nas\u0131l olu\u015ftu? Ger\u00e7ek nedir? nas\u0131l daha iyi bir hayat ya\u015fayabiliriz? \u0130nsanlar tarih boyunca ya\u015fam ve varolu\u015fa dair \u00e7ok say\u0131da felsefi soru sordular. B\u00fcy\u00fck d\u00fc\u015f\u00fcn\u00fcrler de d\u00fcnyam\u0131z\u0131 \u015fekillendirmeye devam eden \u00e7\u00f6z\u00fcmler sundular. \ufffcTan\u0131t\u0131m Metni<\/p>\n","protected":false},"excerpt":{"rendered":"<p>Evren nas\u0131l olu\u015ftu? Ger\u00e7ek nedir? nas\u0131l daha iyi bir hayat ya\u015fayabiliriz? \u0130nsanlar tarih boyunca ya\u015fam ve varolu\u015fa dair \u00e7ok say\u0131da felsefi soru sordular. B\u00fcy\u00fck d\u00fc\u015f\u00fcn\u00fcrler de<span class=\"excerpt-hellip\"> [\u2026]<\/span><\/p>\n","protected":false},"featured_media":0,"template":"","meta":{"_monsterinsights_skip_tracking":false,"_monsterinsights_sitenote_active":false,"_monsterinsights_sitenote_note":"","_monsterinsights_sitenote_category":0},"product_brand":[],"product_cat":[12388,13555],"product_tag":[],"class_list":{"0":"post-778350","1":"product","2":"type-product","3":"status-publish","5":"product_cat-felsefe","6":"product_cat-genel-felsefe","7":"pa_cilt-ciltli","8":"pa_tur-kitap","9":"pa_yayinevi-alfa-yayinlari","10":"pa_yazar-will-buckinghan","12":"first","13":"instock","14":"sale","15":"shipping-taxable","16":"purchasable","17":"product-type-simple"},"_links":{"self":[{"href":"https:\/\/roveyayinevi.com.tr\/index.php\/wp-json\/wp\/v2\/product\/778350","targetHints":{"allow":["GET"]}}],"collection":[{"href":"https:\/\/roveyayinevi.com.tr\/index.php\/wp-json\/wp\/v2\/product"}],"about":[{"href":"https:\/\/roveyayinevi.com.tr\/index.php\/wp-json\/wp\/v2\/types\/product"}],"wp:attachment":[{"href":"https:\/\/roveyayinevi.com.tr\/index.php\/wp-json\/wp\/v2\/media?parent=778350"}],"wp:term":[{"taxonomy":"product_brand","embeddable":true,"href":"https:\/\/roveyayinevi.com.tr\/index.php\/wp-json\/wp\/v2\/product_brand?post=778350"},{"taxonomy":"product_cat","embeddable":true,"href":"https:\/\/roveyayinevi.com.tr\/index.php\/wp-json\/wp\/v2\/product_cat?post=778350"},{"taxonomy":"product_tag","embeddable":true,"href":"https:\/\/roveyayinevi.com.tr\/index.php\/wp-json\/wp\/v2\/product_tag?post=778350"}],"curies":[{"name":"wp","href":"https:\/\/api.w.org\/{rel}","templated":true}]}}