{"id":778349,"date":"2025-11-09T02:02:19","date_gmt":"2025-11-08T23:02:19","guid":{"rendered":"https:\/\/roveyayinevi.com.tr\/index.php\/urun\/ceviz-kabugundaki-evren-ciltli\/"},"modified":"2026-04-16T01:58:36","modified_gmt":"2026-04-15T22:58:36","slug":"ceviz-kabugundaki-evren-ciltli","status":"publish","type":"product","link":"https:\/\/roveyayinevi.com.tr\/index.php\/urun\/ceviz-kabugundaki-evren-ciltli\/","title":{"rendered":"Ceviz Kabu\u011fundaki Evren (Ciltli)"},"content":{"rendered":"<p>Hawking\u2019in \u00e7ok satan kitab\u0131 Zaman\u0131n K\u0131sa Tarihi\u2019nden sonraki geli\u015fmeleri ve en yeni bilimsel bulgular\u0131 i\u00e7eren Ceviz Kabu\u011fundaki Evren, kuantum mekani\u011finden sicim kuramlar\u0131na, genel g\u00f6relilikten 11-boyutlu s\u00fcper-k\u00fctle\u00e7ekime, B\u00fcy\u00fck Patlamadan evrenin kaderine kadar b\u00fct\u00fcn tart\u0131\u015fmalar\u0131 kaps\u0131yor.  Bu kitapta \u201cevren tasarlanabilir mi,\u201d \u201cuzayzaman\u0131n bir ba\u015flang\u0131c\u0131 var m\u0131\u201d gibi pek az fizik\u00e7inin sormaya cesaret etti\u011fi sorular\u0131 soran Hawking, uzman olmayan, hi\u00e7 fizik bilmeyen okurlara bu zor konular\u0131 b\u00fcy\u00fck bir ustal\u0131kla ve bol g\u00f6rsel malzemeyle a\u00e7\u0131kl\u0131yor.\u201cProvakatif ve bilgilendirici &#8230; bir\u00e7ok kolay anla\u015f\u0131l\u0131r benzetmeyle dolu&#8230; Hepsinden \u00f6nemlisi, kitap \u00e7ok iyi d\u00fczenlenmi\u015f ve \u00e7ok a\u00e7\u0131klay\u0131c\u0131 grafiklerle g\u00fc\u00e7lendirilmi\u015f.\u201d\u2013 Time\u201cYal\u0131n, b\u00fct\u00fcnsel ve anla\u015f\u0131l\u0131r. Ayr\u0131ca Hawking kitab\u0131 mizahla s\u00fcsleyerek e\u011flenceli hale getirmi\u015f.\u201d \u2013 St Louis Post-Dispatch \u201cZaman\u0131n K\u0131sa Tarihi 1988 y\u0131l\u0131nda yay\u0131mland\u0131\u011f\u0131ndan bu yana milyonlarca ki\u015fi taraf\u0131ndan okundu. Hawking\u2019in bu kitab\u0131nda belirtti\u011fi gibi bir\u00e7ok yazar \u201cdaha ilk b\u00f6l\u00fcmlerde tak\u0131ld\u0131 ve asl\u0131nda daha ilgin\u00e7 olan ileriki b\u00f6l\u00fcmleri okuyamad\u0131&#8230; bu nedenle daha anla\u015f\u0131l\u0131r olan bir kitap yazmak\u201d gere\u011fi do\u011fdu. Ceviz Kabu\u011fundaki Evren buna g\u00f6re d\u00fczenlendi. \u0130lk iki b\u00f6l\u00fcm, as\u0131l \u00f6nemli olan sonraki b\u00f6l\u00fcmlerin anla\u015f\u0131lmas\u0131n\u0131 sa\u011flayacak \u015fekilde yaz\u0131ld\u0131.\u2013 Scientific American <\/p>\n","protected":false},"excerpt":{"rendered":"<p>Hawking\u2019in \u00e7ok satan kitab\u0131 Zaman\u0131n K\u0131sa Tarihi\u2019nden sonraki geli\u015fmeleri ve en yeni bilimsel bulgular\u0131 i\u00e7eren Ceviz Kabu\u011fundaki Evren, kuantum mekani\u011finden sicim kuramlar\u0131na, genel g\u00f6relilikten 11-boyutlu s\u00fcper-k\u00fctle\u00e7ekime,<span class=\"excerpt-hellip\"> [\u2026]<\/span><\/p>\n","protected":false},"featured_media":0,"template":"","meta":{"_monsterinsights_skip_tracking":false,"_monsterinsights_sitenote_active":false,"_monsterinsights_sitenote_note":"","_monsterinsights_sitenote_category":0},"product_brand":[],"product_cat":[13005,13006],"product_tag":[],"class_list":{"0":"post-778349","1":"product","2":"type-product","3":"status-publish","5":"product_cat-bilim-muhendislik","6":"product_cat-populer-bilim","7":"pa_cilt-ciltli","8":"pa_tur-kitap","9":"pa_yayinevi-alfa-yayinlari","10":"pa_yazar-stephen-w-hawking","12":"first","13":"instock","14":"sale","15":"shipping-taxable","16":"purchasable","17":"product-type-simple"},"_links":{"self":[{"href":"https:\/\/roveyayinevi.com.tr\/index.php\/wp-json\/wp\/v2\/product\/778349","targetHints":{"allow":["GET"]}}],"collection":[{"href":"https:\/\/roveyayinevi.com.tr\/index.php\/wp-json\/wp\/v2\/product"}],"about":[{"href":"https:\/\/roveyayinevi.com.tr\/index.php\/wp-json\/wp\/v2\/types\/product"}],"wp:attachment":[{"href":"https:\/\/roveyayinevi.com.tr\/index.php\/wp-json\/wp\/v2\/media?parent=778349"}],"wp:term":[{"taxonomy":"product_brand","embeddable":true,"href":"https:\/\/roveyayinevi.com.tr\/index.php\/wp-json\/wp\/v2\/product_brand?post=778349"},{"taxonomy":"product_cat","embeddable":true,"href":"https:\/\/roveyayinevi.com.tr\/index.php\/wp-json\/wp\/v2\/product_cat?post=778349"},{"taxonomy":"product_tag","embeddable":true,"href":"https:\/\/roveyayinevi.com.tr\/index.php\/wp-json\/wp\/v2\/product_tag?post=778349"}],"curies":[{"name":"wp","href":"https:\/\/api.w.org\/{rel}","templated":true}]}}