{"id":778348,"date":"2025-11-08T12:12:28","date_gmt":"2025-11-08T09:12:28","guid":{"rendered":"https:\/\/roveyayinevi.com.tr\/index.php\/urun\/mimar-arastirmacinin-habitusu\/"},"modified":"2026-04-15T03:43:47","modified_gmt":"2026-04-15T00:43:47","slug":"mimar-arastirmacinin-habitusu","status":"publish","type":"product","link":"https:\/\/roveyayinevi.com.tr\/index.php\/urun\/mimar-arastirmacinin-habitusu\/","title":{"rendered":"Mimar Ara\u015ft\u0131rmac\u0131n\u0131n Habitus\u2019u"},"content":{"rendered":"<p>Bu kitap, d\u00fc\u015f\u00fcnceyle mek\u00e2n aras\u0131ndaki derin ba\u011f\u0131, mimarl\u0131\u011f\u0131n hem entelekt\u00fcel hem de insani y\u00f6nlerini i\u00e7 i\u00e7e ge\u00e7iren bir bi\u00e7imde ele al\u0131yor. Edit\u00f6rl\u00fc\u011f\u00fcn\u00fc G\u00f6k\u00e7e\u00e7i\u00e7ek Sava\u015f\u0131r\u2019\u0131n yapt\u0131\u011f\u0131 eser, Prof. Dr. Ali Cengizkan\u2019\u0131n \u00e7ok katmanl\u0131 \u00fcretimlerine, ara\u015ft\u0131rmac\u0131, \u00f6\u011fretici, ele\u015ftirmen ve \u015fair kimli\u011fine bir sayg\u0131 duru\u015fu niteli\u011finde.   Kitapta yer alan yaz\u0131lar, Cengizkan\u2019\u0131n mimarl\u0131\u011fa bak\u0131\u015f\u0131n\u0131 yaln\u0131zca bir tasar\u0131m prati\u011fi olarak de\u011fil, ayn\u0131 zamanda bir d\u00fc\u015f\u00fcnme bi\u00e7imi, bir ara\u015ft\u0131rma y\u00f6ntemi ve ya\u015fam disiplini olarak okuyor. Her metin, onun \u00fcretkenli\u011fini besleyen sorgulama g\u00fcc\u00fcn\u00fc, \u00e7ok y\u00f6nl\u00fc merak\u0131n\u0131 ve mek\u00e2nla kurdu\u011fu derin entelekt\u00fcel ili\u015fkiyi farkl\u0131 a\u00e7\u0131lardan g\u00f6r\u00fcn\u00fcr k\u0131l\u0131yor. Mimarl\u0131k, kent, tarih ve dil aras\u0131ndaki ge\u00e7i\u015flerde, bir mimar\u0131n kendi \u201chabitus\u201dunu nas\u0131l kurdu\u011funu, d\u00fc\u015f\u00fcncenin tasar\u0131mla, ya\u015fam\u0131n mek\u00e2nla nas\u0131l kesi\u015fti\u011fini yeniden d\u00fc\u015f\u00fcnmeye \u00e7a\u011f\u0131r\u0131yor.   \u201cMimar Ara\u015ft\u0131rmac\u0131n\u0131n Habitus\u2019u\u201d, bir mimar\u0131n ya\u015famla kurdu\u011fu \u00fcretken ili\u015fkiyi, ar\u015fivlerden \u015fiire, kentten e\u011fitime uzanan izlerle anlat\u0131yor. Bu kitap yaln\u0131zca bir arma\u011fan de\u011fil; mimarl\u0131k, kent ve d\u00fc\u015f\u00fcn d\u00fcnyam\u0131zda Ali Cengizkan\u2019\u0131n a\u00e7t\u0131\u011f\u0131 yollar\u0131n kolektif bir kayd\u0131, bir haf\u0131za haritas\u0131 ve yeni ku\u015faklara b\u0131rak\u0131lm\u0131\u015f bir d\u00fc\u015f\u00fcnsel mirast\u0131r. <\/p>\n","protected":false},"excerpt":{"rendered":"<p>Bu kitap, d\u00fc\u015f\u00fcnceyle mek\u00e2n aras\u0131ndaki derin ba\u011f\u0131, mimarl\u0131\u011f\u0131n hem entelekt\u00fcel hem de insani y\u00f6nlerini i\u00e7 i\u00e7e ge\u00e7iren bir bi\u00e7imde ele al\u0131yor. Edit\u00f6rl\u00fc\u011f\u00fcn\u00fc G\u00f6k\u00e7e\u00e7i\u00e7ek Sava\u015f\u0131r\u2019\u0131n yapt\u0131\u011f\u0131 eser,<span class=\"excerpt-hellip\"> [\u2026]<\/span><\/p>\n","protected":false},"featured_media":0,"template":"","meta":{"_monsterinsights_skip_tracking":false,"_monsterinsights_sitenote_active":false,"_monsterinsights_sitenote_note":"","_monsterinsights_sitenote_category":0},"product_brand":[],"product_cat":[52477],"product_tag":[],"class_list":{"0":"post-778348","1":"product","2":"type-product","3":"status-publish","5":"product_cat-arastirma","6":"pa_cilt-ciltsiz","7":"pa_tur-kitap","8":"pa_yayinevi-idealkent-yayinlari","9":"pa_yazar-gokcecicek-savasir","11":"first","12":"instock","13":"sale","14":"shipping-taxable","15":"purchasable","16":"product-type-simple"},"_links":{"self":[{"href":"https:\/\/roveyayinevi.com.tr\/index.php\/wp-json\/wp\/v2\/product\/778348","targetHints":{"allow":["GET"]}}],"collection":[{"href":"https:\/\/roveyayinevi.com.tr\/index.php\/wp-json\/wp\/v2\/product"}],"about":[{"href":"https:\/\/roveyayinevi.com.tr\/index.php\/wp-json\/wp\/v2\/types\/product"}],"wp:attachment":[{"href":"https:\/\/roveyayinevi.com.tr\/index.php\/wp-json\/wp\/v2\/media?parent=778348"}],"wp:term":[{"taxonomy":"product_brand","embeddable":true,"href":"https:\/\/roveyayinevi.com.tr\/index.php\/wp-json\/wp\/v2\/product_brand?post=778348"},{"taxonomy":"product_cat","embeddable":true,"href":"https:\/\/roveyayinevi.com.tr\/index.php\/wp-json\/wp\/v2\/product_cat?post=778348"},{"taxonomy":"product_tag","embeddable":true,"href":"https:\/\/roveyayinevi.com.tr\/index.php\/wp-json\/wp\/v2\/product_tag?post=778348"}],"curies":[{"name":"wp","href":"https:\/\/api.w.org\/{rel}","templated":true}]}}