{"id":778347,"date":"2025-11-08T12:12:27","date_gmt":"2025-11-08T09:12:27","guid":{"rendered":"https:\/\/roveyayinevi.com.tr\/index.php\/urun\/sihir-degil-noroplastisite\/"},"modified":"2026-04-15T03:43:47","modified_gmt":"2026-04-15T00:43:47","slug":"sihir-degil-noroplastisite","status":"publish","type":"product","link":"https:\/\/roveyayinevi.com.tr\/index.php\/urun\/sihir-degil-noroplastisite\/","title":{"rendered":"Sihir De\u011fil N\u00f6roplastisite"},"content":{"rendered":"<p>Hayat\u0131n\u0131 de\u011fi\u015ftirmek i\u00e7in sihre de\u011fil, beyninin g\u00fcc\u00fcne ihtiyac\u0131n var. Bu kitap, pozitif zihin kodlama tekniklerini n\u00f6robilimle birle\u015ftirerek, beyninin sonsuz potansiyelini ke\u015ffetmeni sa\u011fl\u0131yor. N\u00f6roplastisite sayesinde d\u00fc\u015f\u00fcnce kal\u0131plar\u0131n\u0131 yeniden \u015fekillendirebilir, seni s\u0131n\u0131rland\u0131ran inan\u00e7lardan kurtulabilir ve hedeflerine giden yolda yepyeni bir zihinsel altyap\u0131 in\u015fa edebilirsin. \u0130\u00e7inde neler bulacaks\u0131n? Beynin nas\u0131l \u00e7al\u0131\u015ft\u0131\u011f\u0131n\u0131 ve nas\u0131l de\u011fi\u015febildi\u011fini anlaman\u0131 sa\u011flayacak bilimsel bilgiler Olumsuz d\u00fc\u015f\u00fcnceleri d\u00f6n\u00fc\u015ft\u00fcrmek i\u00e7in pratik y\u00f6ntemler G\u00f6rselle\u015ftirme, nefes teknikleri ve meditasyon ile zihinsel odaklanma stratejileri Duygusal zek\u00e2 ve zihinsel esneklik geli\u015ftirme yollar\u0131 Pozitif al\u0131\u015fkanl\u0131klar\u0131 kal\u0131c\u0131 h\u00e2le getirme rehberi Bu kitap, hayalini kurdu\u011fun ya\u015fam\u0131 in\u015fa etmen i\u00e7in sana hem ilham hem de somut ad\u0131mlar sunuyor. Anlat\u0131lan teknikleri uygulad\u0131\u011f\u0131nda, beynin kendini yeniden yap\u0131land\u0131rmaya ba\u015flayacak ve hayat\u0131nda g\u00f6zle g\u00f6r\u00fcl\u00fcr de\u011fi\u015fimler ortaya \u00e7\u0131kacak.<\/p>\n","protected":false},"excerpt":{"rendered":"<p>Hayat\u0131n\u0131 de\u011fi\u015ftirmek i\u00e7in sihre de\u011fil, beyninin g\u00fcc\u00fcne ihtiyac\u0131n var. Bu kitap, pozitif zihin kodlama tekniklerini n\u00f6robilimle birle\u015ftirerek, beyninin sonsuz potansiyelini ke\u015ffetmeni sa\u011fl\u0131yor. N\u00f6roplastisite sayesinde d\u00fc\u015f\u00fcnce kal\u0131plar\u0131n\u0131<span class=\"excerpt-hellip\"> [\u2026]<\/span><\/p>\n","protected":false},"featured_media":0,"template":"","meta":{"_monsterinsights_skip_tracking":false,"_monsterinsights_sitenote_active":false,"_monsterinsights_sitenote_note":"","_monsterinsights_sitenote_category":0},"product_brand":[],"product_cat":[12364,12376],"product_tag":[],"class_list":{"0":"post-778347","1":"product","2":"type-product","3":"status-publish","5":"product_cat-genel-konular","6":"product_cat-kisisel-gelisim","7":"pa_cilt-ciltsiz","8":"pa_tur-kitap","9":"pa_yayinevi-bambuk-yayinevi","10":"pa_yazar-neslihan-turan","12":"first","13":"instock","14":"sale","15":"shipping-taxable","16":"purchasable","17":"product-type-simple"},"_links":{"self":[{"href":"https:\/\/roveyayinevi.com.tr\/index.php\/wp-json\/wp\/v2\/product\/778347","targetHints":{"allow":["GET"]}}],"collection":[{"href":"https:\/\/roveyayinevi.com.tr\/index.php\/wp-json\/wp\/v2\/product"}],"about":[{"href":"https:\/\/roveyayinevi.com.tr\/index.php\/wp-json\/wp\/v2\/types\/product"}],"wp:attachment":[{"href":"https:\/\/roveyayinevi.com.tr\/index.php\/wp-json\/wp\/v2\/media?parent=778347"}],"wp:term":[{"taxonomy":"product_brand","embeddable":true,"href":"https:\/\/roveyayinevi.com.tr\/index.php\/wp-json\/wp\/v2\/product_brand?post=778347"},{"taxonomy":"product_cat","embeddable":true,"href":"https:\/\/roveyayinevi.com.tr\/index.php\/wp-json\/wp\/v2\/product_cat?post=778347"},{"taxonomy":"product_tag","embeddable":true,"href":"https:\/\/roveyayinevi.com.tr\/index.php\/wp-json\/wp\/v2\/product_tag?post=778347"}],"curies":[{"name":"wp","href":"https:\/\/api.w.org\/{rel}","templated":true}]}}