{"id":778343,"date":"2025-11-08T12:11:59","date_gmt":"2025-11-08T09:11:59","guid":{"rendered":"https:\/\/roveyayinevi.com.tr\/index.php\/urun\/bebek-tarifleri-ciltli\/"},"modified":"2026-04-15T03:43:45","modified_gmt":"2026-04-15T00:43:45","slug":"bebek-tarifleri-ciltli","status":"publish","type":"product","link":"https:\/\/roveyayinevi.com.tr\/index.php\/urun\/bebek-tarifleri-ciltli\/","title":{"rendered":"Bebek Tarifleri (Ciltli)"},"content":{"rendered":"<p>Ek g\u0131da d\u00f6nemi, bebeklerin d\u00fcnyay\u0131 ke\u015ffetmeye ba\u015flad\u0131\u011f\u0131 en heyecan verici a\u015famalardan biridir. Alt\u0131nc\u0131 aydan itibaren, k\u00fc\u00e7\u00fck porsiyonlarla sunulan sa\u011fl\u0131kl\u0131 yiyecekler; yaln\u0131zca beslenme ihtiyac\u0131n\u0131 kar\u015f\u0131lamakla kalmaz, damak tad\u0131n\u0131n olu\u015fmas\u0131na da zemin haz\u0131rlar. Bu s\u00fcre\u00e7te, her yeni lezzeti tek ba\u015f\u0131na ve azar azar sunmak, olas\u0131 alerji risklerini yak\u0131ndan takip etmek \u00e7ok \u00f6nemlidir. Bu kitap, bebe\u011finizin her ay\u0131na uygun sa\u011fl\u0131kl\u0131 tatlar\u0131 deneyimlemesine yard\u0131mc\u0131 olurken, sizin de mutfakta rahat ve keyifli \u015fekilde yol alman\u0131za destek olacak. Zeynep Ayd\u0131n Kocat\u00fcrk\u2019\u00fcn kendi \u00e7ocuklar\u0131na sundu\u011fu ve miniklerden tam not alan tarifleri size ilham verecek. Her tarif, anne \u015fefkatinin ve yarat\u0131c\u0131l\u0131\u011f\u0131n k\u00fc\u00e7\u00fck bir arma\u011fan\u0131. Minik ka\u015f\u0131klar haz\u0131rsa, ba\u015flayal\u0131m.<\/p>\n","protected":false},"excerpt":{"rendered":"<p>Ek g\u0131da d\u00f6nemi, bebeklerin d\u00fcnyay\u0131 ke\u015ffetmeye ba\u015flad\u0131\u011f\u0131 en heyecan verici a\u015famalardan biridir. Alt\u0131nc\u0131 aydan itibaren, k\u00fc\u00e7\u00fck porsiyonlarla sunulan sa\u011fl\u0131kl\u0131 yiyecekler; yaln\u0131zca beslenme ihtiyac\u0131n\u0131 kar\u015f\u0131lamakla kalmaz, damak<span class=\"excerpt-hellip\"> [\u2026]<\/span><\/p>\n","protected":false},"featured_media":0,"template":"","meta":{"_monsterinsights_skip_tracking":false,"_monsterinsights_sitenote_active":false,"_monsterinsights_sitenote_note":"","_monsterinsights_sitenote_category":0},"product_brand":[],"product_cat":[17996,12364],"product_tag":[],"class_list":{"0":"post-778343","1":"product","2":"type-product","3":"status-publish","5":"product_cat-ebeveyn-kitaplari","6":"product_cat-genel-konular","7":"pa_cilt-ciltli","8":"pa_tur-kitap","9":"pa_yayinevi-literatur-yayinevi","10":"pa_yazar-zeynep-aydin-kocaturk","12":"first","13":"instock","14":"sale","15":"shipping-taxable","16":"purchasable","17":"product-type-simple"},"_links":{"self":[{"href":"https:\/\/roveyayinevi.com.tr\/index.php\/wp-json\/wp\/v2\/product\/778343","targetHints":{"allow":["GET"]}}],"collection":[{"href":"https:\/\/roveyayinevi.com.tr\/index.php\/wp-json\/wp\/v2\/product"}],"about":[{"href":"https:\/\/roveyayinevi.com.tr\/index.php\/wp-json\/wp\/v2\/types\/product"}],"wp:attachment":[{"href":"https:\/\/roveyayinevi.com.tr\/index.php\/wp-json\/wp\/v2\/media?parent=778343"}],"wp:term":[{"taxonomy":"product_brand","embeddable":true,"href":"https:\/\/roveyayinevi.com.tr\/index.php\/wp-json\/wp\/v2\/product_brand?post=778343"},{"taxonomy":"product_cat","embeddable":true,"href":"https:\/\/roveyayinevi.com.tr\/index.php\/wp-json\/wp\/v2\/product_cat?post=778343"},{"taxonomy":"product_tag","embeddable":true,"href":"https:\/\/roveyayinevi.com.tr\/index.php\/wp-json\/wp\/v2\/product_tag?post=778343"}],"curies":[{"name":"wp","href":"https:\/\/api.w.org\/{rel}","templated":true}]}}