{"id":778340,"date":"2025-11-08T12:11:54","date_gmt":"2025-11-08T09:11:54","guid":{"rendered":"https:\/\/roveyayinevi.com.tr\/index.php\/urun\/memluk-sultanligi-bir-tarihce\/"},"modified":"2026-04-15T03:43:45","modified_gmt":"2026-04-15T00:43:45","slug":"memluk-sultanligi-bir-tarihce","status":"publish","type":"product","link":"https:\/\/roveyayinevi.com.tr\/index.php\/urun\/memluk-sultanligi-bir-tarihce\/","title":{"rendered":"Meml\u00fck Sultanl\u0131\u011f\u0131 &#8211; Bir Tarih\u00e7e"},"content":{"rendered":"<p>\u201cPetry\u2019nin akademik sentezi, derin bilgi birikimi ve mevcut kaynaklara h\u00e2kimiyetiyle ustaca harmanlanm\u0131\u015f. Ayr\u0131ca kitab\u0131n yap\u0131s\u0131 ve Petry\u2019nin ak\u0131c\u0131 \u00fcslubu, Meml\u00fck Sultanl\u0131\u011f\u0131 tarihine yabanc\u0131 olanlar i\u00e7in bile eseri de\u011ferli ve etkili bir giri\u015f kitab\u0131 h\u00e2line getiriyor.\u201d Warren Schultz \u2013 DePaul \u00dcniversitesi   \u201cDinamik vaka \u00e7al\u0131\u015fmalar\u0131 ve \u00f6rnek olaylarla hayat bulan kapsaml\u0131 ve sistematik bir Meml\u00fck Sultanl\u0131\u011f\u0131 incelemesi. Olduk\u00e7a okunabilir ve eri\u015filebilir; \u00f6\u011frenciler ve akademisyenler i\u00e7in vazge\u00e7ilmez bir kaynak ve Meml\u00fck Ara\u015ft\u0131rmalar\u0131 alan\u0131na ba\u015flayanlar i\u00e7in m\u00fckemmel bir giri\u015f kitab\u0131.\u201d Amina Elbendary \u2013 Amerikan \u00dcniversitesi, Kahire   M\u0131s\u0131r\u2019dan Suriye\u2019ye, K\u0131z\u0131ldeniz\u2019in \u00e7\u00f6llerine uzanan Meml\u00fck Sultanl\u0131\u011f\u0131, k\u00f6le askerlerin s\u0131ra d\u0131\u015f\u0131 y\u00f6netimiyle tarih sahnesine \u00e7\u0131kt\u0131. Fat\u0131m\u00ee ve Eyy\u00fbb\u00ee miras\u0131n\u0131 ta\u015f\u0131rken, kendi kurallar\u0131 ve g\u00fc\u00e7 dengeleriyle yepyeni bir d\u00fczen kurdu. Saray i\u00e7indeki karma\u015f\u0131k komplolar, diplomatik hamleler, otoritenin merkezile\u015fmesi ve ekonomik stratejiler, Sultanl\u0131k\u2019\u0131n bilinmeyen y\u00fcz\u00fcn\u00fc ortaya \u00e7\u0131kar\u0131yor. Meml\u00fck Sultanl\u0131\u011f\u0131\u2019n\u0131n kurulu\u015fundan Osmanl\u0131 Devleti\u2019nin M\u0131s\u0131r fethiyle y\u0131k\u0131l\u0131\u015f\u0131na kadar ele alan bu kitap, asker\u00ee elit ile b\u00fcrokrasi aras\u0131ndaki g\u00fc\u00e7 dengesini ve Meml\u00fcklerin devlet kurma becerisini disiplinleraras\u0131 bir incelemeyle ele al\u0131yor. T\u00fcm bu incelemelerle erken modern \u0130slam d\u00fcnyas\u0131n\u0131n g\u00fc\u00e7 oyunlar\u0131yla dolu politik atmosferini g\u00f6zler \u00f6n\u00fcne seriyor.<\/p>\n","protected":false},"excerpt":{"rendered":"<p>\u201cPetry\u2019nin akademik sentezi, derin bilgi birikimi ve mevcut kaynaklara h\u00e2kimiyetiyle ustaca harmanlanm\u0131\u015f. Ayr\u0131ca kitab\u0131n yap\u0131s\u0131 ve Petry\u2019nin ak\u0131c\u0131 \u00fcslubu, Meml\u00fck Sultanl\u0131\u011f\u0131 tarihine yabanc\u0131 olanlar i\u00e7in bile<span class=\"excerpt-hellip\"> [\u2026]<\/span><\/p>\n","protected":false},"featured_media":0,"template":"","meta":{"_monsterinsights_skip_tracking":false,"_monsterinsights_sitenote_active":false,"_monsterinsights_sitenote_note":"","_monsterinsights_sitenote_category":0},"product_brand":[],"product_cat":[12304],"product_tag":[],"class_list":{"0":"post-778340","1":"product","2":"type-product","3":"status-publish","5":"product_cat-tarih","6":"pa_cilt-ciltsiz","7":"pa_tur-kitap","8":"pa_yayinevi-fol-kitap","9":"pa_yazar-carl-f-petry","11":"first","12":"instock","13":"sale","14":"shipping-taxable","15":"purchasable","16":"product-type-simple"},"_links":{"self":[{"href":"https:\/\/roveyayinevi.com.tr\/index.php\/wp-json\/wp\/v2\/product\/778340","targetHints":{"allow":["GET"]}}],"collection":[{"href":"https:\/\/roveyayinevi.com.tr\/index.php\/wp-json\/wp\/v2\/product"}],"about":[{"href":"https:\/\/roveyayinevi.com.tr\/index.php\/wp-json\/wp\/v2\/types\/product"}],"wp:attachment":[{"href":"https:\/\/roveyayinevi.com.tr\/index.php\/wp-json\/wp\/v2\/media?parent=778340"}],"wp:term":[{"taxonomy":"product_brand","embeddable":true,"href":"https:\/\/roveyayinevi.com.tr\/index.php\/wp-json\/wp\/v2\/product_brand?post=778340"},{"taxonomy":"product_cat","embeddable":true,"href":"https:\/\/roveyayinevi.com.tr\/index.php\/wp-json\/wp\/v2\/product_cat?post=778340"},{"taxonomy":"product_tag","embeddable":true,"href":"https:\/\/roveyayinevi.com.tr\/index.php\/wp-json\/wp\/v2\/product_tag?post=778340"}],"curies":[{"name":"wp","href":"https:\/\/api.w.org\/{rel}","templated":true}]}}