{"id":778337,"date":"2025-11-08T12:11:47","date_gmt":"2025-11-08T09:11:47","guid":{"rendered":"https:\/\/roveyayinevi.com.tr\/index.php\/urun\/emmanin-tercihi\/"},"modified":"2026-04-15T03:43:45","modified_gmt":"2026-04-15T00:43:45","slug":"emmanin-tercihi","status":"publish","type":"product","link":"https:\/\/roveyayinevi.com.tr\/index.php\/urun\/emmanin-tercihi\/","title":{"rendered":"Emma\u2019n\u0131n Tercihi"},"content":{"rendered":"<p>Her \u015feyden \u00f6nce, ufak tefek bir k\u0131z\u0131m ben. Nereye gidersem gideyim, insanlar geldi\u011fimi fark etmez bile. Y\u00fcr\u00fcrken durmadan pantolonumun pa\u00e7alar\u0131na basar\u0131m ve \u00e7ikolatalar\u0131n durdu\u011fu rafa ula\u015fmay\u0131 ba\u015fard\u0131\u011f\u0131m da \u00e7ok enderdir. Ba\u015fka nas\u0131l tarif edeyim kendimi? Evet, kumral\u0131m. Sa\u00e7lar\u0131m, g\u00f6zlerim, ka\u015flar\u0131m\u2026 Kahverengi yani. Ama hepsinden \u00f6nemlisi, utanga\u00e7 biriyim ben. \u00d6yle utangac\u0131m ki, kendimi s\u00fcrekli rahats\u0131z hissederim. Elimi kolumu nereye koyaca\u011f\u0131m\u0131 bilemem hi\u00e7. K\u0131sacas\u0131, kendimle \u00e7ok bar\u0131\u015f\u0131k say\u0131lmam demek istiyorum.   Marie Lenne-Fouquet\u2019den kendi kabu\u011funu k\u0131ran bir \u00e7ocu\u011fun e\u011flenceli hik\u00e2yesi. <\/p>\n","protected":false},"excerpt":{"rendered":"<p>Her \u015feyden \u00f6nce, ufak tefek bir k\u0131z\u0131m ben. Nereye gidersem gideyim, insanlar geldi\u011fimi fark etmez bile. Y\u00fcr\u00fcrken durmadan pantolonumun pa\u00e7alar\u0131na basar\u0131m ve \u00e7ikolatalar\u0131n durdu\u011fu rafa ula\u015fmay\u0131<span class=\"excerpt-hellip\"> [\u2026]<\/span><\/p>\n","protected":false},"featured_media":0,"template":"","meta":{"_monsterinsights_skip_tracking":false,"_monsterinsights_sitenote_active":false,"_monsterinsights_sitenote_note":"","_monsterinsights_sitenote_category":0},"product_brand":[],"product_cat":[12274,12284],"product_tag":[],"class_list":{"0":"post-778337","1":"product","2":"type-product","3":"status-publish","5":"product_cat-cocuk-ve-genclik-kitaplari","6":"product_cat-hikayeler","7":"pa_cilt-ciltsiz","8":"pa_tur-kitap","9":"pa_yayinevi-yapi-kredi-yayinlari","10":"pa_yazar-marie-lenne-fouquet","12":"first","13":"instock","14":"sale","15":"shipping-taxable","16":"purchasable","17":"product-type-simple"},"_links":{"self":[{"href":"https:\/\/roveyayinevi.com.tr\/index.php\/wp-json\/wp\/v2\/product\/778337","targetHints":{"allow":["GET"]}}],"collection":[{"href":"https:\/\/roveyayinevi.com.tr\/index.php\/wp-json\/wp\/v2\/product"}],"about":[{"href":"https:\/\/roveyayinevi.com.tr\/index.php\/wp-json\/wp\/v2\/types\/product"}],"wp:attachment":[{"href":"https:\/\/roveyayinevi.com.tr\/index.php\/wp-json\/wp\/v2\/media?parent=778337"}],"wp:term":[{"taxonomy":"product_brand","embeddable":true,"href":"https:\/\/roveyayinevi.com.tr\/index.php\/wp-json\/wp\/v2\/product_brand?post=778337"},{"taxonomy":"product_cat","embeddable":true,"href":"https:\/\/roveyayinevi.com.tr\/index.php\/wp-json\/wp\/v2\/product_cat?post=778337"},{"taxonomy":"product_tag","embeddable":true,"href":"https:\/\/roveyayinevi.com.tr\/index.php\/wp-json\/wp\/v2\/product_tag?post=778337"}],"curies":[{"name":"wp","href":"https:\/\/api.w.org\/{rel}","templated":true}]}}