{"id":778329,"date":"2025-11-08T12:11:31","date_gmt":"2025-11-08T09:11:31","guid":{"rendered":"https:\/\/roveyayinevi.com.tr\/index.php\/urun\/buyuk-adimlar-ofke-patlamalarina-son-ciltli\/"},"modified":"2026-04-15T03:43:45","modified_gmt":"2026-04-15T00:43:45","slug":"buyuk-adimlar-ofke-patlamalarina-son-ciltli","status":"publish","type":"product","link":"https:\/\/roveyayinevi.com.tr\/index.php\/urun\/buyuk-adimlar-ofke-patlamalarina-son-ciltli\/","title":{"rendered":"B\u00fcy\u00fck Ad\u0131mlar &#8211; \u00d6fke Patlamalar\u0131na Son (Ciltli)"},"content":{"rendered":"<p>B\u00fcy\u00fck Ad\u0131mlar serisinde yer alan kitaplar hareketli sayfalar\u0131yla bebeklerin motor becerilerinin geli\u015ftirilmesinde yard\u0131mc\u0131 olurken, anne-babalar\u0131n \u00e7ocu\u011fun e\u011fitiminde yararlanaca\u011f\u0131 pratik \u00f6neriler sunuyor. Minikler sayfalar\u0131n hareketli k\u0131s\u0131mlar\u0131n\u0131 itip \u00e7ekerken ve d\u00f6nd\u00fcr\u00fcrken hem \u00f6\u011freniyor hem de ne\u015feli vakit ge\u00e7iriyor.   \u00c7ocu\u011funuza sakinle\u015fmeyi \u00f6\u011fretirken yararlanaca\u011f\u0131n\u0131z harika bir kitap.     &#8211;          Bebekler i\u00e7in en iyisi. &#8211;          Annelerin, babalar\u0131n ve bak\u0131c\u0131lar\u0131n yararlanaca\u011f\u0131 pratik \u00f6neriler. &#8211;          Motor becerilerin geli\u015ftirilmesine yard\u0131mc\u0131 olur. &#8211;          Sayfalardaki hareketli k\u0131s\u0131mlar\u0131 itebilir, \u00e7ekebilir, d\u00f6nd\u00fcrebilirsiniz. <\/p>\n","protected":false},"excerpt":{"rendered":"<p>B\u00fcy\u00fck Ad\u0131mlar serisinde yer alan kitaplar hareketli sayfalar\u0131yla bebeklerin motor becerilerinin geli\u015ftirilmesinde yard\u0131mc\u0131 olurken, anne-babalar\u0131n \u00e7ocu\u011fun e\u011fitiminde yararlanaca\u011f\u0131 pratik \u00f6neriler sunuyor. Minikler sayfalar\u0131n hareketli k\u0131s\u0131mlar\u0131n\u0131 itip<span class=\"excerpt-hellip\"> [\u2026]<\/span><\/p>\n","protected":false},"featured_media":0,"template":"","meta":{"_monsterinsights_skip_tracking":false,"_monsterinsights_sitenote_active":false,"_monsterinsights_sitenote_note":"","_monsterinsights_sitenote_category":0},"product_brand":[],"product_cat":[141304],"product_tag":[],"class_list":{"0":"post-778329","1":"product","2":"type-product","3":"status-publish","5":"product_cat-yeni-cikanlar","6":"pa_cilt-ciltli","7":"pa_tur-kitap","8":"pa_yayinevi-yapi-kredi-yayinlari","9":"pa_yazar-marie-kyprianou","11":"first","12":"instock","13":"sale","14":"shipping-taxable","15":"purchasable","16":"product-type-simple"},"_links":{"self":[{"href":"https:\/\/roveyayinevi.com.tr\/index.php\/wp-json\/wp\/v2\/product\/778329","targetHints":{"allow":["GET"]}}],"collection":[{"href":"https:\/\/roveyayinevi.com.tr\/index.php\/wp-json\/wp\/v2\/product"}],"about":[{"href":"https:\/\/roveyayinevi.com.tr\/index.php\/wp-json\/wp\/v2\/types\/product"}],"wp:attachment":[{"href":"https:\/\/roveyayinevi.com.tr\/index.php\/wp-json\/wp\/v2\/media?parent=778329"}],"wp:term":[{"taxonomy":"product_brand","embeddable":true,"href":"https:\/\/roveyayinevi.com.tr\/index.php\/wp-json\/wp\/v2\/product_brand?post=778329"},{"taxonomy":"product_cat","embeddable":true,"href":"https:\/\/roveyayinevi.com.tr\/index.php\/wp-json\/wp\/v2\/product_cat?post=778329"},{"taxonomy":"product_tag","embeddable":true,"href":"https:\/\/roveyayinevi.com.tr\/index.php\/wp-json\/wp\/v2\/product_tag?post=778329"}],"curies":[{"name":"wp","href":"https:\/\/api.w.org\/{rel}","templated":true}]}}