{"id":778322,"date":"2025-11-08T12:11:01","date_gmt":"2025-11-08T09:11:01","guid":{"rendered":"https:\/\/roveyayinevi.com.tr\/index.php\/urun\/70-adimda-saglikla-beslenme\/"},"modified":"2026-04-15T03:43:42","modified_gmt":"2026-04-15T00:43:42","slug":"70-adimda-saglikla-beslenme","status":"publish","type":"product","link":"https:\/\/roveyayinevi.com.tr\/index.php\/urun\/70-adimda-saglikla-beslenme\/","title":{"rendered":"70 Ad\u0131mda Sag\u0306l\u0131kla Beslenme"},"content":{"rendered":"<p>Modern \u00e7a\u011fda sa\u011fl\u0131kl\u0131 beslenmenin etkili ve pratik kurallar\u0131 bu kitapta uygulanabilir \u015fekilde, k\u00fc\u00e7\u00fck ad\u0131mlar h\u00e2linde sunuluyor.\u0130lk bask\u0131s\u0131 k\u0131sa s\u00fcrede t\u00fckenen ve okurlardan \u00e7ok olumlu geri d\u00f6n\u00fc\u015fler alan kitap, g\u00f6zden ge\u00e7irilerek ikinci bask\u0131 h\u00e2linde sizlere sunuldu. Yazar\u0131n y\u00fczlerce makale ve bilimsel kaynaktan yola \u00e7\u0131karak sa\u011fl\u0131kl\u0131 beslenmeye dair bilgilerin \u00f6z\u00fcn\u00fc derledi\u011fi bu eser, k\u00fc\u00e7\u00fck hacmine ra\u011fmen \u00e7ok b\u00fcy\u00fck bir de\u011fer bar\u0131nd\u0131rmaktad\u0131r. Herkesin \u00e7evresinden gelen duyumlarla uygulad\u0131\u011f\u0131 veya uygulamaya \u00e7al\u0131\u015ft\u0131\u011f\u0131 beslenme al\u0131\u015fkanl\u0131klar\u0131, bu eserde yal\u0131n bir dille ve bir doktor g\u00f6z\u00fcyle a\u00e7\u0131klanm\u0131\u015ft\u0131r.Okurken ufak ipu\u00e7lar\u0131 ve kolay uygulanabilir \u00e7\u00f6z\u00fcmler sunan bu kitap, okuyucular\u0131n sorular\u0131na cevaplar bulaca\u011f\u0131 ve yeni \u015feyler ke\u015ffedece\u011fi bir ba\u015fucu eseri olacakt\u0131r. Sa\u011fl\u0131kl\u0131 beslenme, bir\u00e7ok \u00f6l\u00fcmc\u00fcl hastal\u0131\u011fa kar\u015f\u0131 en etkili tedbirdir.Yedi\u011fimiz g\u0131dalar\u0131n i\u00e7erikleri hakk\u0131nda asgari d\u00fczeyde bilgi sahibi olmal\u0131 ve en sa\u011fl\u0131kl\u0131 olanlar\u0131 tercih etmeliyiz.B\u00fct\u00fcn bunlar\u0131 d\u00f6nemsel de\u011fil, s\u00fcrekli olarak uygulamal\u0131y\u0131z. Bu kitapta, bunu ba\u015farabilmeniz i\u00e7in gerekli bilgileri k\u0131sa ve \u00f6z bi\u00e7imde bulacaks\u0131n\u0131z. <\/p>\n","protected":false},"excerpt":{"rendered":"<p>Modern \u00e7a\u011fda sa\u011fl\u0131kl\u0131 beslenmenin etkili ve pratik kurallar\u0131 bu kitapta uygulanabilir \u015fekilde, k\u00fc\u00e7\u00fck ad\u0131mlar h\u00e2linde sunuluyor.\u0130lk bask\u0131s\u0131 k\u0131sa s\u00fcrede t\u00fckenen ve okurlardan \u00e7ok olumlu geri d\u00f6n\u00fc\u015fler<span class=\"excerpt-hellip\"> [\u2026]<\/span><\/p>\n","protected":false},"featured_media":0,"template":"","meta":{"_monsterinsights_skip_tracking":false,"_monsterinsights_sitenote_active":false,"_monsterinsights_sitenote_note":"","_monsterinsights_sitenote_category":0},"product_brand":[],"product_cat":[141304],"product_tag":[],"class_list":{"0":"post-778322","1":"product","2":"type-product","3":"status-publish","5":"product_cat-yeni-cikanlar","6":"pa_cilt-ciltsiz","7":"pa_tur-kitap","8":"pa_yayinevi-orion-kitabevi","9":"pa_yazar-hasan-basri-savas","11":"first","12":"instock","13":"sale","14":"shipping-taxable","15":"purchasable","16":"product-type-simple"},"_links":{"self":[{"href":"https:\/\/roveyayinevi.com.tr\/index.php\/wp-json\/wp\/v2\/product\/778322","targetHints":{"allow":["GET"]}}],"collection":[{"href":"https:\/\/roveyayinevi.com.tr\/index.php\/wp-json\/wp\/v2\/product"}],"about":[{"href":"https:\/\/roveyayinevi.com.tr\/index.php\/wp-json\/wp\/v2\/types\/product"}],"wp:attachment":[{"href":"https:\/\/roveyayinevi.com.tr\/index.php\/wp-json\/wp\/v2\/media?parent=778322"}],"wp:term":[{"taxonomy":"product_brand","embeddable":true,"href":"https:\/\/roveyayinevi.com.tr\/index.php\/wp-json\/wp\/v2\/product_brand?post=778322"},{"taxonomy":"product_cat","embeddable":true,"href":"https:\/\/roveyayinevi.com.tr\/index.php\/wp-json\/wp\/v2\/product_cat?post=778322"},{"taxonomy":"product_tag","embeddable":true,"href":"https:\/\/roveyayinevi.com.tr\/index.php\/wp-json\/wp\/v2\/product_tag?post=778322"}],"curies":[{"name":"wp","href":"https:\/\/api.w.org\/{rel}","templated":true}]}}