{"id":778318,"date":"2025-11-08T08:22:18","date_gmt":"2025-11-08T05:22:18","guid":{"rendered":"https:\/\/roveyayinevi.com.tr\/index.php\/urun\/ana-hatlariyla-dunya-tarihi-2\/"},"modified":"2025-11-08T08:22:18","modified_gmt":"2025-11-08T05:22:18","slug":"ana-hatlariyla-dunya-tarihi-2","status":"publish","type":"product","link":"https:\/\/roveyayinevi.com.tr\/index.php\/urun\/ana-hatlariyla-dunya-tarihi-2\/","title":{"rendered":"Ana Hatlar\u0131yla  D\u00fcnya Tarihi 2"},"content":{"rendered":"<p>\u2018\u2019Her yerde insanl\u0131k, bilginin, ustal\u0131\u011f\u0131n ve sihirli g\u00fcc\u00fcn nerede bulunabilece\u011fini ar\u0131yordu; Her yerde bireyler, d\u00fcr\u00fcst ya da d\u00fcr\u00fcst olmayan bir \u015fekilde, y\u00f6netmeye, y\u00f6nlendirmeye ya da toplulu\u011fun kafa kar\u0131\u015f\u0131kl\u0131klar\u0131n\u0131 uzla\u015ft\u0131racak sihirli varl\u0131klar olmaya istekliydiler.\u2019\u2019\u2018\u2019 &#8220;Para, di\u011fer icatlar\u0131n \u00e7o\u011fu gibi, insanl\u0131\u011f\u0131n ba\u015f\u0131na gelen bir \u015feydi ve insanlar bug\u00fcn h\u00e2l\u00e2 geli\u015fmek zorundayd\u0131lar, h\u00e2l\u00e2 paran\u0131n bilimini ve ahlak\u0131n\u0131 m\u00fckemmelle\u015ftirmek zorundalar.&#8221;\u2018\u2019 Hata hatay\u0131 izler; umut verici ba\u015flang\u0131\u00e7lar grotesk hayal k\u0131r\u0131kl\u0131klar\u0131yla sonu\u00e7lan\u0131r; do\u011fal su ak\u0131nt\u0131lar\u0131, onlar\u0131 insano\u011flunun susam\u0131\u015f dudaklar\u0131na ula\u015ft\u0131ran kap taraf\u0131ndan zehirlenir. Ama her felaketten sonra insanlar\u0131n umudu yeniden y\u00fckselir. \u201d\u2018\u2019K\u00f6le bir uygarl\u0131k, ya\u011fmac\u0131 \u00f6zg\u00fcr insanlar i\u00e7in s\u00fcrekli bir davettir. Ama \u00f6te yandan bir \u2018\u2019irade toplulu\u011fu\u2019\u2019 zorlu unsurlar\u0131n bir birle\u015fimini gerektirir; ortaya \u00e7\u0131kmas\u0131 \u00e7ok daha zor ve s\u00fcrd\u00fcrmesi daha da zor bir topluluktur.\u2019\u2019\u2018\u2019Uygarl\u0131k, en hakir bi\u00e7imlerinde bile, insanl\u0131\u011fa her zaman son derece \u00e7ekici, kullan\u0131\u015fl\u0131 ve uygun olan pek \u00e7ok \u015fey sunmu\u015ftur; fakat \u0131rk\u0131m\u0131zdaki huzursuz ve evcille\u015fmemi\u015f bir \u015fey, uygarl\u0131\u011f\u0131, ba\u015flang\u0131\u00e7taki kat\u0131l\u0131ms\u0131z itaate olan g\u00fcveninden, kat\u0131l\u0131mc\u0131 iradeler toplulu\u011funa d\u00f6n\u00fc\u015ft\u00fcrmek i\u00e7in s\u00fcrekli \u00e7aba sarf etmi\u015ftir.\u2019&#8217;<\/p>\n","protected":false},"excerpt":{"rendered":"<p>\u2018\u2019Her yerde insanl\u0131k, bilginin, ustal\u0131\u011f\u0131n ve sihirli g\u00fcc\u00fcn nerede bulunabilece\u011fini ar\u0131yordu; Her yerde bireyler, d\u00fcr\u00fcst ya da d\u00fcr\u00fcst olmayan bir \u015fekilde, y\u00f6netmeye, y\u00f6nlendirmeye ya da toplulu\u011fun<span class=\"excerpt-hellip\"> [\u2026]<\/span><\/p>\n","protected":false},"featured_media":0,"template":"","meta":{"_monsterinsights_skip_tracking":false,"_monsterinsights_sitenote_active":false,"_monsterinsights_sitenote_note":"","_monsterinsights_sitenote_category":0},"product_brand":[],"product_cat":[12370,12304],"product_tag":[],"class_list":{"0":"post-778318","1":"product","2":"type-product","3":"status-publish","5":"product_cat-arastirma-inceleme","6":"product_cat-tarih","7":"pa_cilt-ciltsiz","8":"pa_tur-kitap","9":"pa_yayinevi-mitra-yayincilik","10":"pa_yazar-h-g-wells","12":"first","13":"instock","14":"sale","15":"shipping-taxable","16":"purchasable","17":"product-type-simple"},"_links":{"self":[{"href":"https:\/\/roveyayinevi.com.tr\/index.php\/wp-json\/wp\/v2\/product\/778318","targetHints":{"allow":["GET"]}}],"collection":[{"href":"https:\/\/roveyayinevi.com.tr\/index.php\/wp-json\/wp\/v2\/product"}],"about":[{"href":"https:\/\/roveyayinevi.com.tr\/index.php\/wp-json\/wp\/v2\/types\/product"}],"wp:attachment":[{"href":"https:\/\/roveyayinevi.com.tr\/index.php\/wp-json\/wp\/v2\/media?parent=778318"}],"wp:term":[{"taxonomy":"product_brand","embeddable":true,"href":"https:\/\/roveyayinevi.com.tr\/index.php\/wp-json\/wp\/v2\/product_brand?post=778318"},{"taxonomy":"product_cat","embeddable":true,"href":"https:\/\/roveyayinevi.com.tr\/index.php\/wp-json\/wp\/v2\/product_cat?post=778318"},{"taxonomy":"product_tag","embeddable":true,"href":"https:\/\/roveyayinevi.com.tr\/index.php\/wp-json\/wp\/v2\/product_tag?post=778318"}],"curies":[{"name":"wp","href":"https:\/\/api.w.org\/{rel}","templated":true}]}}