{"id":778317,"date":"2025-11-08T07:12:44","date_gmt":"2025-11-08T04:12:44","guid":{"rendered":"https:\/\/roveyayinevi.com.tr\/index.php\/urun\/yedi-yil-harbi-icinde-timurun-anadolu-seferi-ve-ankara-savasi\/"},"modified":"2026-04-16T02:41:56","modified_gmt":"2026-04-15T23:41:56","slug":"yedi-yil-harbi-icinde-timurun-anadolu-seferi-ve-ankara-savasi","status":"publish","type":"product","link":"https:\/\/roveyayinevi.com.tr\/index.php\/urun\/yedi-yil-harbi-icinde-timurun-anadolu-seferi-ve-ankara-savasi\/","title":{"rendered":"Yedi Y\u0131l Harbi \u0130\u00e7inde Timur&#8217;un Anadolu Seferi ve Ankara Sava\u015f\u0131"},"content":{"rendered":"<p>Timur hayat\u0131nda yaln\u0131z Anadolu Seferi ile Ankara Sava\u015f\u0131\u2019n\u0131 yapm\u0131\u015f olsayd\u0131 bile, yine b\u00fcy\u00fck i\u015f ve eseriyle siyaset ve sava\u015f adamlar\u0131n\u0131 kendine hayran b\u0131rakabilirdi. \u00c7\u00fcnk\u00fc bu seferin yap\u0131l\u0131\u015f\u0131nda Timur, en b\u00fcy\u00fck ordular\u0131 Asya ortalar\u0131ndan kald\u0131rarak -\u00fcstelik \u015fimdiki nakil ara\u00e7lar\u0131 ve kolayl\u0131klar\u0131n hi\u00e7biri yokken- Asya\u2019n\u0131n bat\u0131 u\u00e7lar\u0131na kadar getirmi\u015f ve kendisine d\u00fc\u015fman olan on \u00fclkenin ordular\u0131 aras\u0131nda, bunlar\u0131n birle\u015fik sald\u0131r\u0131lar\u0131na imk\u00e2n vermeyen d\u00fczen ve tedbirlerle ve s\u00fcrekli biri di\u011ferini kolayla\u015ft\u0131ran sava\u015flar vererek d\u00fc\u015fman ordular\u0131n\u0131 birer birer aradan \u00e7\u0131karm\u0131\u015f ve en b\u00fcy\u00fc\u011f\u00fcn\u00fc de en sonunda yenmeyi ba\u015farm\u0131\u015ft\u0131. O zaman yery\u00fcz\u00fcnde ya\u015fayan milletler aras\u0131nda Timur ad\u0131n\u0131n nas\u0131l bir etki yaratt\u0131\u011f\u0131n\u0131 anlayabilmek i\u00e7in, \u00e7a\u011fda\u015f\u0131 olan h\u00fck\u00fcmet ve h\u00fck\u00fcmdarlar\u0131n yak\u0131nl\u0131k ve iyi ili\u015fkiler kurma yolundaki istek ve davran\u0131\u015flar\u0131 dikkatle okunmal\u0131d\u0131r.<\/p>\n","protected":false},"excerpt":{"rendered":"<p>Timur hayat\u0131nda yaln\u0131z Anadolu Seferi ile Ankara Sava\u015f\u0131\u2019n\u0131 yapm\u0131\u015f olsayd\u0131 bile, yine b\u00fcy\u00fck i\u015f ve eseriyle siyaset ve sava\u015f adamlar\u0131n\u0131 kendine hayran b\u0131rakabilirdi. \u00c7\u00fcnk\u00fc bu seferin<span class=\"excerpt-hellip\"> [\u2026]<\/span><\/p>\n","protected":false},"featured_media":0,"template":"","meta":{"_monsterinsights_skip_tracking":false,"_monsterinsights_sitenote_active":false,"_monsterinsights_sitenote_note":"","_monsterinsights_sitenote_category":0},"product_brand":[],"product_cat":[12304,13650],"product_tag":[],"class_list":{"0":"post-778317","1":"product","2":"type-product","3":"status-publish","5":"product_cat-tarih","6":"product_cat-turk-tarihi-arastirmalari","7":"pa_cilt-ciltsiz","8":"pa_tur-kitap","9":"pa_yayinevi-panama-yayincilik","10":"pa_yazar-omer-halis-biyiktay","12":"first","13":"instock","14":"sale","15":"shipping-taxable","16":"purchasable","17":"product-type-simple"},"_links":{"self":[{"href":"https:\/\/roveyayinevi.com.tr\/index.php\/wp-json\/wp\/v2\/product\/778317","targetHints":{"allow":["GET"]}}],"collection":[{"href":"https:\/\/roveyayinevi.com.tr\/index.php\/wp-json\/wp\/v2\/product"}],"about":[{"href":"https:\/\/roveyayinevi.com.tr\/index.php\/wp-json\/wp\/v2\/types\/product"}],"wp:attachment":[{"href":"https:\/\/roveyayinevi.com.tr\/index.php\/wp-json\/wp\/v2\/media?parent=778317"}],"wp:term":[{"taxonomy":"product_brand","embeddable":true,"href":"https:\/\/roveyayinevi.com.tr\/index.php\/wp-json\/wp\/v2\/product_brand?post=778317"},{"taxonomy":"product_cat","embeddable":true,"href":"https:\/\/roveyayinevi.com.tr\/index.php\/wp-json\/wp\/v2\/product_cat?post=778317"},{"taxonomy":"product_tag","embeddable":true,"href":"https:\/\/roveyayinevi.com.tr\/index.php\/wp-json\/wp\/v2\/product_tag?post=778317"}],"curies":[{"name":"wp","href":"https:\/\/api.w.org\/{rel}","templated":true}]}}