{"id":778316,"date":"2025-11-08T03:06:51","date_gmt":"2025-11-08T00:06:51","guid":{"rendered":"https:\/\/roveyayinevi.com.tr\/index.php\/urun\/bilim-felsefesi-cagdas-bir-giris\/"},"modified":"2025-11-22T03:02:32","modified_gmt":"2025-11-22T00:02:32","slug":"bilim-felsefesi-cagdas-bir-giris","status":"publish","type":"product","link":"https:\/\/roveyayinevi.com.tr\/index.php\/urun\/bilim-felsefesi-cagdas-bir-giris\/","title":{"rendered":"Bilim Felsefesi &#8211; \u00c7a\u011fda\u015f Bir Giri\u015f"},"content":{"rendered":"<p>Bilimin do\u011fas\u0131n\u0131, y\u00f6ntemini, amac\u0131n\u0131, s\u0131n\u0131rlar\u0131n\u0131, kavramsal yap\u0131s\u0131n\u0131, nas\u0131l temellendirilebilece\u011fini ve onu di\u011fer bilme bi\u00e7imlerinden ay\u0131ran \u00f6zelliklerini anlamak isteyen herkes Alex Rosenberg\u2019in Bilim Felsefesi: \u00c7a\u011fda\u015f Bir Giri\u015f\u2019inin zengin i\u00e7erikli bir kaynak olarak de\u011ferini teslim edecektir. Teaching Philosophy dergisinin \u201cstandartlar\u0131 tutturan bir \u00e7al\u0131\u015fma\u201d ve \u201ctemel ba\u015fvuru kitab\u0131\u201d diye niteledi\u011fi bu yap\u0131t, \u00f6\u011fretmen ve \u00f6\u011frencilerin ihtiya\u00e7lar\u0131n\u0131 daha iyi kar\u015f\u0131layacak ve alanda ya\u015fanan de\u011fi\u015fimleri yans\u0131tacak \u015fekilde ba\u015ftan sona g\u00f6zden ge\u00e7irilmi\u015f ve g\u00fcncellenmi\u015ftir. Gene bu ama\u00e7 kapsam\u0131nda elinizdeki bu \u00fc\u00e7\u00fcnc\u00fc edisyonda, bilim felsefesi ile felsefenin geri kalan\u0131 aras\u0131ndaki ba\u011flar\u0131 vurgulayan yeni ve ilgin\u00e7 \u00f6rnek olaylar ile ayr\u0131nt\u0131lara yer verilmi\u015ftir. Bilim felsefesinin problemlerinin felsefenin en temel ve en s\u00fcre\u011fen problemleri aras\u0131nda yer ald\u0131\u011f\u0131n\u0131, Platon\u2019dan bu yana disiplinin g\u00fcndemindeki soru(n)lara birer \u00f6rnek olu\u015fturdu\u011funu, onun modern kost\u00fcml\u00fc versiyonlar\u0131 oldu\u011funu g\u00f6stermeyi ama\u00e7layan bu \u00e7al\u0131\u015fma, tematik yakla\u015f\u0131m\u0131yla da benzerleri aras\u0131nda sivrilmektedir. Alandaki tek yazarl\u0131 kitaplar\u0131n en iyilerinden biri olarak g\u00f6r\u00fclen bu kitab\u0131n, bilim felsefesi konusundaki \u00e7a\u011fda\u015f tart\u0131\u015fmalara \u0131\u015f\u0131k tutan \u00f6zelli\u011fiyle, \u00fclkemizde epeydir eksikli\u011fi hissedilen bir bo\u015flu\u011fu doldurmas\u0131n\u0131 umuyoruz. Bilim insan\u0131n\u0131n bilim felsefesinin \u0131\u015f\u0131lda\u011f\u0131 olmaks\u0131z\u0131n yol alamayaca\u011f\u0131 inanc\u0131yla&#8230;<\/p>\n","protected":false},"excerpt":{"rendered":"<p>Bilimin do\u011fas\u0131n\u0131, y\u00f6ntemini, amac\u0131n\u0131, s\u0131n\u0131rlar\u0131n\u0131, kavramsal yap\u0131s\u0131n\u0131, nas\u0131l temellendirilebilece\u011fini ve onu di\u011fer bilme bi\u00e7imlerinden ay\u0131ran \u00f6zelliklerini anlamak isteyen herkes Alex Rosenberg\u2019in Bilim Felsefesi: \u00c7a\u011fda\u015f Bir Giri\u015f\u2019inin<span class=\"excerpt-hellip\"> [\u2026]<\/span><\/p>\n","protected":false},"featured_media":0,"template":"","meta":{"_monsterinsights_skip_tracking":false,"_monsterinsights_sitenote_active":false,"_monsterinsights_sitenote_note":"","_monsterinsights_sitenote_category":0},"product_brand":[],"product_cat":[12388,13555],"product_tag":[],"class_list":{"0":"post-778316","1":"product","2":"type-product","3":"status-publish","5":"product_cat-felsefe","6":"product_cat-genel-felsefe","7":"pa_cilt-ciltsiz","8":"pa_tur-kitap","9":"pa_yayinevi-dipnot-yayinlari","10":"pa_yazar-alex-rosenberg","12":"first","13":"instock","14":"sale","15":"shipping-taxable","16":"purchasable","17":"product-type-simple"},"_links":{"self":[{"href":"https:\/\/roveyayinevi.com.tr\/index.php\/wp-json\/wp\/v2\/product\/778316","targetHints":{"allow":["GET"]}}],"collection":[{"href":"https:\/\/roveyayinevi.com.tr\/index.php\/wp-json\/wp\/v2\/product"}],"about":[{"href":"https:\/\/roveyayinevi.com.tr\/index.php\/wp-json\/wp\/v2\/types\/product"}],"wp:attachment":[{"href":"https:\/\/roveyayinevi.com.tr\/index.php\/wp-json\/wp\/v2\/media?parent=778316"}],"wp:term":[{"taxonomy":"product_brand","embeddable":true,"href":"https:\/\/roveyayinevi.com.tr\/index.php\/wp-json\/wp\/v2\/product_brand?post=778316"},{"taxonomy":"product_cat","embeddable":true,"href":"https:\/\/roveyayinevi.com.tr\/index.php\/wp-json\/wp\/v2\/product_cat?post=778316"},{"taxonomy":"product_tag","embeddable":true,"href":"https:\/\/roveyayinevi.com.tr\/index.php\/wp-json\/wp\/v2\/product_tag?post=778316"}],"curies":[{"name":"wp","href":"https:\/\/api.w.org\/{rel}","templated":true}]}}