{"id":778311,"date":"2025-11-07T12:05:36","date_gmt":"2025-11-07T09:05:36","guid":{"rendered":"https:\/\/roveyayinevi.com.tr\/index.php\/urun\/kutuphaneci-imgesi-xx-yuzyildan-xxi-yuzyila-bir-seruven\/"},"modified":"2026-04-15T03:43:48","modified_gmt":"2026-04-15T00:43:48","slug":"kutuphaneci-imgesi-xx-yuzyildan-xxi-yuzyila-bir-seruven","status":"publish","type":"product","link":"https:\/\/roveyayinevi.com.tr\/index.php\/urun\/kutuphaneci-imgesi-xx-yuzyildan-xxi-yuzyila-bir-seruven\/","title":{"rendered":"K\u00fct\u00fcphaneci \u0130mgesi &#8211; XX. Y\u00fczy\u0131ldan XXI. Y\u00fczy\u0131la Bir Ser\u00fcven"},"content":{"rendered":"<p>K\u00fct\u00fcphanecilik mesle\u011fi, insanl\u0131\u011f\u0131n bilgiyle kurdu\u011fu ili\u015fkinin en temel ta\u015f\u0131y\u0131c\u0131lar\u0131ndan biridir. Bilgi toplumu olarak adland\u0131r\u0131lan \u00e7a\u011f\u0131m\u0131zda k\u00fct\u00fcphaneciler yaln\u0131zca kitaplar\u0131n d\u00fczenleyicisi de\u011fil; bilgiyi se\u00e7en, d\u00fczenleyen, eri\u015filebilir k\u0131lan ve toplumun entelekt\u00fcel geli\u015fimine y\u00f6n veren akt\u00f6rlerdir. Bu nedenle mesle\u011fin toplumsal imgesi, tarihsel k\u00f6kleri ve gelece\u011fe dair \u00f6ng\u00f6r\u00fcleri \u00fczerine d\u00fc\u015f\u00fcnmek, yaln\u0131zca meslek mensuplar\u0131 i\u00e7in de\u011fil, bilgiyle ili\u015fki kuran t\u00fcm bireyler i\u00e7in \u00f6nem ta\u015f\u0131r. Bu \u00e7al\u0131\u015fma, XX. y\u00fczy\u0131ldan XXI. y\u00fczy\u0131la uzanan bir yolculukta k\u00fct\u00fcphaneci imgesinin nas\u0131l bi\u00e7imlendi\u011fini, hangi toplumsal, siyasal ve teknolojik d\u00f6n\u00fc\u015f\u00fcmlerden ge\u00e7ti\u011fini ve g\u00fcn\u00fcm\u00fczde nas\u0131l bir kimlik aray\u0131\u015f\u0131 i\u00e7inde oldu\u011funu titizlikle inceliyor. Bununla birlikte k\u00fct\u00fcphanecili\u011fin yaln\u0131zca bir meslek de\u011fil, ayn\u0131 zamanda bir k\u00fclt\u00fcrel miras ve toplumsal sorumluluk alan\u0131 oldu\u011funu ortaya koyuyor. <\/p>\n","protected":false},"excerpt":{"rendered":"<p>K\u00fct\u00fcphanecilik mesle\u011fi, insanl\u0131\u011f\u0131n bilgiyle kurdu\u011fu ili\u015fkinin en temel ta\u015f\u0131y\u0131c\u0131lar\u0131ndan biridir. Bilgi toplumu olarak adland\u0131r\u0131lan \u00e7a\u011f\u0131m\u0131zda k\u00fct\u00fcphaneciler yaln\u0131zca kitaplar\u0131n d\u00fczenleyicisi de\u011fil; bilgiyi se\u00e7en, d\u00fczenleyen, eri\u015filebilir k\u0131lan ve<span class=\"excerpt-hellip\"> [\u2026]<\/span><\/p>\n","protected":false},"featured_media":0,"template":"","meta":{"_monsterinsights_skip_tracking":false,"_monsterinsights_sitenote_active":false,"_monsterinsights_sitenote_note":"","_monsterinsights_sitenote_category":0},"product_brand":[],"product_cat":[52477],"product_tag":[],"class_list":{"0":"post-778311","1":"product","2":"type-product","3":"status-publish","5":"product_cat-arastirma","6":"pa_cilt-ciltsiz","7":"pa_tur-kitap","8":"pa_yayinevi-toz-yayinlari","9":"pa_yazar-ilker-cakmakkaya","11":"first","12":"instock","13":"sale","14":"shipping-taxable","15":"purchasable","16":"product-type-simple"},"_links":{"self":[{"href":"https:\/\/roveyayinevi.com.tr\/index.php\/wp-json\/wp\/v2\/product\/778311","targetHints":{"allow":["GET"]}}],"collection":[{"href":"https:\/\/roveyayinevi.com.tr\/index.php\/wp-json\/wp\/v2\/product"}],"about":[{"href":"https:\/\/roveyayinevi.com.tr\/index.php\/wp-json\/wp\/v2\/types\/product"}],"wp:attachment":[{"href":"https:\/\/roveyayinevi.com.tr\/index.php\/wp-json\/wp\/v2\/media?parent=778311"}],"wp:term":[{"taxonomy":"product_brand","embeddable":true,"href":"https:\/\/roveyayinevi.com.tr\/index.php\/wp-json\/wp\/v2\/product_brand?post=778311"},{"taxonomy":"product_cat","embeddable":true,"href":"https:\/\/roveyayinevi.com.tr\/index.php\/wp-json\/wp\/v2\/product_cat?post=778311"},{"taxonomy":"product_tag","embeddable":true,"href":"https:\/\/roveyayinevi.com.tr\/index.php\/wp-json\/wp\/v2\/product_tag?post=778311"}],"curies":[{"name":"wp","href":"https:\/\/api.w.org\/{rel}","templated":true}]}}