{"id":778309,"date":"2025-11-07T12:05:32","date_gmt":"2025-11-07T09:05:32","guid":{"rendered":"https:\/\/roveyayinevi.com.tr\/index.php\/urun\/mamusa-turk-agzi\/"},"modified":"2026-04-15T03:43:48","modified_gmt":"2026-04-15T00:43:48","slug":"mamusa-turk-agzi","status":"publish","type":"product","link":"https:\/\/roveyayinevi.com.tr\/index.php\/urun\/mamusa-turk-agzi\/","title":{"rendered":"Mamu\u015fa T\u00fcrk A\u011fz\u0131"},"content":{"rendered":"<p>Elinizdeki kitap Balkanlar\u2019da T\u00fcrk\u00e7e\u2019nin, T\u00fcrk Edebiyat\u0131\u2019n\u0131n, T\u00fcrk K\u00fclt\u00fcr\u00fc\u2019n\u00fcn as\u0131rlard\u0131r kalesi ve halen Kosova\u2019n\u0131n tek T\u00fcrk Belediyesi olan Mamu\u015fa ile ilgili bilimsel bir \u00e7al\u0131\u015fmad\u0131r. Mamu\u015fal\u0131 ara\u015ft\u0131rmac\u0131, yazar, \u015fair, e\u011fitimci Cemal Tunal\u0131gil \u2018Mamu\u015fa T\u00fcrk A\u011fz\u0131\u2019 adl\u0131 eseriyle do\u011fup b\u00fcy\u00fcd\u00fc\u011f\u00fc, yeti\u015fti\u011fi y\u00f6reye olan borcunu \u00f6deyen bir ayd\u0131n kimli\u011fi ile kar\u015f\u0131m\u0131za \u00e7\u0131kmaktad\u0131r. Eserin ilk halini 1996 y\u0131l\u0131nda bas\u0131lm\u0131\u015ft\u0131. \u0130lk \u00fc\u00e7 bask\u0131s\u0131 k\u0131sa s\u00fcrede t\u00fckenen kitab\u0131n \u015fimdi d\u00f6rd\u00fcnc\u00fc bask\u0131s\u0131 yap\u0131l\u0131yor. Bu belgesel eser alan\u0131nda ilk olma \u00f6zelli\u011fini korumaktad\u0131r. <\/p>\n","protected":false},"excerpt":{"rendered":"<p>Elinizdeki kitap Balkanlar\u2019da T\u00fcrk\u00e7e\u2019nin, T\u00fcrk Edebiyat\u0131\u2019n\u0131n, T\u00fcrk K\u00fclt\u00fcr\u00fc\u2019n\u00fcn as\u0131rlard\u0131r kalesi ve halen Kosova\u2019n\u0131n tek T\u00fcrk Belediyesi olan Mamu\u015fa ile ilgili bilimsel bir \u00e7al\u0131\u015fmad\u0131r. Mamu\u015fal\u0131 ara\u015ft\u0131rmac\u0131, yazar,<span class=\"excerpt-hellip\"> [\u2026]<\/span><\/p>\n","protected":false},"featured_media":0,"template":"","meta":{"_monsterinsights_skip_tracking":false,"_monsterinsights_sitenote_active":false,"_monsterinsights_sitenote_note":"","_monsterinsights_sitenote_category":0},"product_brand":[],"product_cat":[20225,12291],"product_tag":[],"class_list":{"0":"post-778309","1":"product","2":"type-product","3":"status-publish","5":"product_cat-dil-bilim","6":"product_cat-edebiyat","7":"pa_cilt-ciltsiz","8":"pa_tur-kitap","9":"pa_yayinevi-biyografi-net-yayincilik","10":"pa_yazar-cemali-tunaligil","12":"first","13":"instock","14":"sale","15":"shipping-taxable","16":"purchasable","17":"product-type-simple"},"_links":{"self":[{"href":"https:\/\/roveyayinevi.com.tr\/index.php\/wp-json\/wp\/v2\/product\/778309","targetHints":{"allow":["GET"]}}],"collection":[{"href":"https:\/\/roveyayinevi.com.tr\/index.php\/wp-json\/wp\/v2\/product"}],"about":[{"href":"https:\/\/roveyayinevi.com.tr\/index.php\/wp-json\/wp\/v2\/types\/product"}],"wp:attachment":[{"href":"https:\/\/roveyayinevi.com.tr\/index.php\/wp-json\/wp\/v2\/media?parent=778309"}],"wp:term":[{"taxonomy":"product_brand","embeddable":true,"href":"https:\/\/roveyayinevi.com.tr\/index.php\/wp-json\/wp\/v2\/product_brand?post=778309"},{"taxonomy":"product_cat","embeddable":true,"href":"https:\/\/roveyayinevi.com.tr\/index.php\/wp-json\/wp\/v2\/product_cat?post=778309"},{"taxonomy":"product_tag","embeddable":true,"href":"https:\/\/roveyayinevi.com.tr\/index.php\/wp-json\/wp\/v2\/product_tag?post=778309"}],"curies":[{"name":"wp","href":"https:\/\/api.w.org\/{rel}","templated":true}]}}