{"id":778307,"date":"2025-11-07T12:05:29","date_gmt":"2025-11-07T09:05:29","guid":{"rendered":"https:\/\/roveyayinevi.com.tr\/index.php\/urun\/turkiye-disindaki-turk-eserleri\/"},"modified":"2026-04-15T03:43:48","modified_gmt":"2026-04-15T00:43:48","slug":"turkiye-disindaki-turk-eserleri","status":"publish","type":"product","link":"https:\/\/roveyayinevi.com.tr\/index.php\/urun\/turkiye-disindaki-turk-eserleri\/","title":{"rendered":"T\u00fcrkiye D\u0131\u015f\u0131ndak\u0131 T\u00fcrk Eserleri"},"content":{"rendered":"<p>Tarihi eserlerimiz, milli kimli\u011fimizin \u00fcr\u00fcnleridir\u2026 T\u00fcrkiye D\u0131\u015f\u0131ndaki T\u00fcrk Eserleri ise ayr\u0131 bir \u00f6neme sahiptir. Bu eserler, de\u011fi\u015fik gerek\u00e7elerle d\u0131\u015f \u00fclkelere gitti\u011fimizde ister istemez g\u00f6z\u00fcm\u00fcze \u00e7arpar.   Yok edilen ve d\u00f6n\u00fc\u015ft\u00fcr\u00fclen binlerce esere ra\u011fmen ayakta kalan eserlerimiz, g\u00f6renleri kendisine hayran b\u0131rakmaktad\u0131r.   Yazar\u0131m\u0131z Birol Dok T\u00fcrkiye D\u0131\u015f\u0131ndaki T\u00fcrk Eserleri\u2019nde Osmanl\u0131 Devleti\u2019yle birlikte Sel\u00e7uklu, Alt\u0131norda, Memlukl\u00fc, K\u0131r\u0131m Hanl\u0131\u011f\u0131, Timurlu, Safevi, Ka\u00e7ar, Av\u015far ve Bab\u00fcrl\u00fc devletlerinin tarihi eserlerini topluca de\u011ferlendirerek b\u00fct\u00fcnc\u00fcl bir bak\u0131\u015f a\u00e7\u0131s\u0131 ortaya koymu\u015ftur.   T\u00fcrkiye D\u0131\u015f\u0131ndaki T\u00fcrk Eserleri\u2019nin giri\u015f b\u00f6l\u00fcm\u00fc T\u00fcrk Estetik Anlay\u0131\u015f\u0131 ad\u0131n\u0131 ta\u015f\u0131maktad\u0131r. Yazar bu b\u00f6l\u00fcmde bu tarihi eserlerin genel \u00f6zelliklerini tespit etmekte ve eser b\u00fct\u00fcn\u00fcn\u00fcn daha iyi anla\u015f\u0131lmas\u0131n\u0131 sa\u011flamaktad\u0131r.   T\u00fcrkiye D\u0131\u015f\u0131ndaki T\u00fcrk Eserleri k\u00fcreselle\u015fen d\u00fcnyada yeniden ke\u015ffedilmesi gereken insanl\u0131k hazineleridir. Bir\u00e7o\u011funu uluslararas\u0131 kurulu\u015flar\u0131n ve bulunduklar\u0131 \u00fclkelerin sahiplendi\u011fi bu \u015faheserler tekrar tekrar irdelenerek, k\u00fclt\u00fcrel haf\u0131zam\u0131zda ya\u015fat\u0131lmal\u0131d\u0131r. Tac Mahal\u2019in olmad\u0131\u011f\u0131 bir Hindistan \u015f\u00fcphesiz eksik kal\u0131rd\u0131.   <\/p>\n","protected":false},"excerpt":{"rendered":"<p>Tarihi eserlerimiz, milli kimli\u011fimizin \u00fcr\u00fcnleridir\u2026 T\u00fcrkiye D\u0131\u015f\u0131ndaki T\u00fcrk Eserleri ise ayr\u0131 bir \u00f6neme sahiptir. Bu eserler, de\u011fi\u015fik gerek\u00e7elerle d\u0131\u015f \u00fclkelere gitti\u011fimizde ister istemez g\u00f6z\u00fcm\u00fcze \u00e7arpar. Yok<span class=\"excerpt-hellip\"> [\u2026]<\/span><\/p>\n","protected":false},"featured_media":0,"template":"","meta":{"_monsterinsights_skip_tracking":false,"_monsterinsights_sitenote_active":false,"_monsterinsights_sitenote_note":"","_monsterinsights_sitenote_category":0},"product_brand":[],"product_cat":[12408,14197],"product_tag":[],"class_list":{"0":"post-778307","1":"product","2":"type-product","3":"status-publish","5":"product_cat-sanat","6":"product_cat-sanat-tarihi","7":"pa_cilt-ciltsiz","8":"pa_tur-kitap","9":"pa_yayinevi-biyografi-net-yayincilik","10":"pa_yazar-birol-dok","12":"first","13":"instock","14":"sale","15":"shipping-taxable","16":"purchasable","17":"product-type-simple"},"_links":{"self":[{"href":"https:\/\/roveyayinevi.com.tr\/index.php\/wp-json\/wp\/v2\/product\/778307","targetHints":{"allow":["GET"]}}],"collection":[{"href":"https:\/\/roveyayinevi.com.tr\/index.php\/wp-json\/wp\/v2\/product"}],"about":[{"href":"https:\/\/roveyayinevi.com.tr\/index.php\/wp-json\/wp\/v2\/types\/product"}],"wp:attachment":[{"href":"https:\/\/roveyayinevi.com.tr\/index.php\/wp-json\/wp\/v2\/media?parent=778307"}],"wp:term":[{"taxonomy":"product_brand","embeddable":true,"href":"https:\/\/roveyayinevi.com.tr\/index.php\/wp-json\/wp\/v2\/product_brand?post=778307"},{"taxonomy":"product_cat","embeddable":true,"href":"https:\/\/roveyayinevi.com.tr\/index.php\/wp-json\/wp\/v2\/product_cat?post=778307"},{"taxonomy":"product_tag","embeddable":true,"href":"https:\/\/roveyayinevi.com.tr\/index.php\/wp-json\/wp\/v2\/product_tag?post=778307"}],"curies":[{"name":"wp","href":"https:\/\/api.w.org\/{rel}","templated":true}]}}