{"id":778306,"date":"2025-11-07T12:05:28","date_gmt":"2025-11-07T09:05:28","guid":{"rendered":"https:\/\/roveyayinevi.com.tr\/index.php\/urun\/boluda-baba-hizir-makamlari\/"},"modified":"2026-04-15T03:43:48","modified_gmt":"2026-04-15T00:43:48","slug":"boluda-baba-hizir-makamlari","status":"publish","type":"product","link":"https:\/\/roveyayinevi.com.tr\/index.php\/urun\/boluda-baba-hizir-makamlari\/","title":{"rendered":"Bolu\u2019da Baba H\u0131z\u0131r Makamlar\u0131"},"content":{"rendered":"<p>Bolu, Baba H\u0131z\u0131r makamlar\u0131 a\u00e7\u0131s\u0131ndan \u00f6nemli bir yerdir. Bununla birlikte ildeki makamlar \u00fczerine pek bir ara\u015ft\u0131rma mevcut de\u011fildir. Bolu&#8217;nun Mengen il\u00e7esinin Babah\u0131z\u0131r k\u00f6y\u00fcnde, Baba H\u0131z\u0131r&#8217;\u0131n bir t\u00fcrbesi bulunmaktad\u0131r. Biz, ziyaretlerimizde Baba H\u0131z\u0131r&#8217;la ilgili buradaki mevcut anlat\u0131lar\u0131 toplamaya ba\u015flad\u0131k. S\u00f6z konusu derlemeler ve baz\u0131 tespitlerimiz \u00e7e\u015fitli ara\u015ft\u0131rmalar\u0131m\u0131zda yer alm\u0131\u015f ve yay\u0131nlanm\u0131\u015ft\u0131r. Bunun yan\u0131 s\u0131ra ilerleyen zamanlarda bir Baba H\u0131z\u0131r makam\u0131n\u0131n da D\u00f6rtdivan&#8217;da bulundu\u011funu fark ettik. D\u00f6rtdivan&#8217;daki \u00c7avu\u015flar Camii&#8217;nin i\u00e7inde kimin oldu\u011fu pek bilinmeyen bir mezar vard\u0131r. Ara\u015ft\u0131rmalar\u0131m\u0131z\u0131n nihayetinde bu yat\u0131r\u0131n Baba H\u0131z\u0131r hazretlerine ait oldu\u011funu tespit ettik. \u00c7\u00fcnk\u00fc D\u00f6rtdivan&#8217;daki \u00c7avu\u015flar Camii, Osmanl\u0131 ar\u015fiv belgelerinde &#8220;Baba H\u0131z\u0131r Camii&#8221; olarak ge\u00e7iyordu. Camiyle ilgili en eski belgede buradan &#8220;Baba H\u0131z\u0131r&#8217;\u0131n yapt\u0131rd\u0131\u011f\u0131 camii-i \u015ferif&#8230;&#8221; diye s\u00f6z ediliyordu. Sonu\u00e7ta ne Mengen&#8217;deki ne de D\u00f6rtdivan&#8217;daki Baba H\u0131z\u0131r makamlar\u0131 ve bu isme izafe edilen yap\u0131larla ilgili ortada ciddi bir \u00e7al\u0131\u015fma yoktu. Hatta Baba H\u0131z\u0131r, Bolu&#8217;nun D\u00f6rtdivan il\u00e7esinde neredeyse unutulmu\u015ftu. Elinizdeki \u00e7al\u0131\u015fma tarih\u00ee belgelerden de hareketle Bolu&#8217;nun Mengen ve D\u00f6rtdivan il\u00e7elerindeki Baba H\u0131z\u0131r makamlar\u0131n\u0131 ve H\u0131z\u0131r inanc\u0131 etraf\u0131nda olu\u015fan k\u00fclt\u00fcr\u00fc ele almaktad\u0131r. <\/p>\n","protected":false},"excerpt":{"rendered":"<p>Bolu, Baba H\u0131z\u0131r makamlar\u0131 a\u00e7\u0131s\u0131ndan \u00f6nemli bir yerdir. Bununla birlikte ildeki makamlar \u00fczerine pek bir ara\u015ft\u0131rma mevcut de\u011fildir. Bolu&#8217;nun Mengen il\u00e7esinin Babah\u0131z\u0131r k\u00f6y\u00fcnde, Baba H\u0131z\u0131r&#8217;\u0131n bir<span class=\"excerpt-hellip\"> [\u2026]<\/span><\/p>\n","protected":false},"featured_media":0,"template":"","meta":{"_monsterinsights_skip_tracking":false,"_monsterinsights_sitenote_active":false,"_monsterinsights_sitenote_note":"","_monsterinsights_sitenote_category":0},"product_brand":[],"product_cat":[141304],"product_tag":[],"class_list":{"0":"post-778306","1":"product","2":"type-product","3":"status-publish","5":"product_cat-yeni-cikanlar","6":"pa_cilt-ciltsiz","7":"pa_tur-kitap","8":"pa_yayinevi-biyografi-net-yayincilik","9":"pa_yazar-yasin-sen","11":"first","12":"instock","13":"sale","14":"shipping-taxable","15":"purchasable","16":"product-type-simple"},"_links":{"self":[{"href":"https:\/\/roveyayinevi.com.tr\/index.php\/wp-json\/wp\/v2\/product\/778306","targetHints":{"allow":["GET"]}}],"collection":[{"href":"https:\/\/roveyayinevi.com.tr\/index.php\/wp-json\/wp\/v2\/product"}],"about":[{"href":"https:\/\/roveyayinevi.com.tr\/index.php\/wp-json\/wp\/v2\/types\/product"}],"wp:attachment":[{"href":"https:\/\/roveyayinevi.com.tr\/index.php\/wp-json\/wp\/v2\/media?parent=778306"}],"wp:term":[{"taxonomy":"product_brand","embeddable":true,"href":"https:\/\/roveyayinevi.com.tr\/index.php\/wp-json\/wp\/v2\/product_brand?post=778306"},{"taxonomy":"product_cat","embeddable":true,"href":"https:\/\/roveyayinevi.com.tr\/index.php\/wp-json\/wp\/v2\/product_cat?post=778306"},{"taxonomy":"product_tag","embeddable":true,"href":"https:\/\/roveyayinevi.com.tr\/index.php\/wp-json\/wp\/v2\/product_tag?post=778306"}],"curies":[{"name":"wp","href":"https:\/\/api.w.org\/{rel}","templated":true}]}}