{"id":778300,"date":"2025-11-07T12:05:17","date_gmt":"2025-11-07T09:05:17","guid":{"rendered":"https:\/\/roveyayinevi.com.tr\/index.php\/urun\/101-oyku-bilmece-101-atasozu\/"},"modified":"2026-04-15T03:43:47","modified_gmt":"2026-04-15T00:43:47","slug":"101-oyku-bilmece-101-atasozu","status":"publish","type":"product","link":"https:\/\/roveyayinevi.com.tr\/index.php\/urun\/101-oyku-bilmece-101-atasozu\/","title":{"rendered":"101 \u00d6yk\u00fc &amp; Bilmece 101 Atas\u00f6z\u00fc"},"content":{"rendered":"<p>Kitaptaki \u00f6yk\u00fclerin bir k\u0131sm\u0131 bilindik \u015fark \u0130slam eserlerinden (Mesnevi, Bostan, Latifeler gibi) faydalan\u0131larak bir k\u0131sm\u0131 da bir Bilge\u2019nin (Mevlana, Nasrettin Hoca, Lokman Hekim, Yunus Emre, Sokrates gibi) kendisine sorulan sorulara verdi\u011fi hikmetli ve n\u00fckteli yan\u0131tlardan derlenerek, atas\u00f6zlerine uyarlanm\u0131\u015ft\u0131r. Kitaptaki her bir \u00f6yk\u00fc ba\u015fl\u0131\u011f\u0131 ayn\u0131 zamanda bir atas\u00f6z\u00fcd\u00fcr. Sadece TDK (T\u00fcrk Dil Kurumu) s\u00f6zl\u00fc\u011f\u00fcnde yer alan atas\u00f6zlerine yer verilmi\u015ftir.  Kitapta her bir k\u0131sa \u00f6yk\u00fc i\u00e7erisinde ba\u011flama uygun atas\u00f6zleri a\u00e7\u0131klanm\u0131\u015ft\u0131r. Bu k\u0131sa \u00f6yk\u00fcleri (f\u0131kralar\u0131) okurken bazen g\u00fclecek bazen de d\u00fc\u015f\u00fcnecek ama her daim bir hisse alacaks\u0131n\u0131z. Yine bilmeceleri \u00e7\u00f6zerken hem e\u011flenecek, hem de bilgileneceksiniz. Her atas\u00f6z\u00fc i\u00e7erisinde y\u00fczlerce y\u0131ll\u0131k bir deneyim bar\u0131nd\u0131rmaktad\u0131r. <\/p>\n","protected":false},"excerpt":{"rendered":"<p>Kitaptaki \u00f6yk\u00fclerin bir k\u0131sm\u0131 bilindik \u015fark \u0130slam eserlerinden (Mesnevi, Bostan, Latifeler gibi) faydalan\u0131larak bir k\u0131sm\u0131 da bir Bilge\u2019nin (Mevlana, Nasrettin Hoca, Lokman Hekim, Yunus Emre, Sokrates<span class=\"excerpt-hellip\"> [\u2026]<\/span><\/p>\n","protected":false},"featured_media":0,"template":"","meta":{"_monsterinsights_skip_tracking":false,"_monsterinsights_sitenote_active":false,"_monsterinsights_sitenote_note":"","_monsterinsights_sitenote_category":0},"product_brand":[],"product_cat":[141304],"product_tag":[],"class_list":{"0":"post-778300","1":"product","2":"type-product","3":"status-publish","5":"product_cat-yeni-cikanlar","6":"pa_cilt-ciltsiz","7":"pa_tur-kitap","8":"pa_yayinevi-defne-yayinevi","9":"pa_yazar-bulent-cobanoglu","11":"first","12":"instock","13":"sale","14":"shipping-taxable","15":"purchasable","16":"product-type-simple"},"_links":{"self":[{"href":"https:\/\/roveyayinevi.com.tr\/index.php\/wp-json\/wp\/v2\/product\/778300","targetHints":{"allow":["GET"]}}],"collection":[{"href":"https:\/\/roveyayinevi.com.tr\/index.php\/wp-json\/wp\/v2\/product"}],"about":[{"href":"https:\/\/roveyayinevi.com.tr\/index.php\/wp-json\/wp\/v2\/types\/product"}],"wp:attachment":[{"href":"https:\/\/roveyayinevi.com.tr\/index.php\/wp-json\/wp\/v2\/media?parent=778300"}],"wp:term":[{"taxonomy":"product_brand","embeddable":true,"href":"https:\/\/roveyayinevi.com.tr\/index.php\/wp-json\/wp\/v2\/product_brand?post=778300"},{"taxonomy":"product_cat","embeddable":true,"href":"https:\/\/roveyayinevi.com.tr\/index.php\/wp-json\/wp\/v2\/product_cat?post=778300"},{"taxonomy":"product_tag","embeddable":true,"href":"https:\/\/roveyayinevi.com.tr\/index.php\/wp-json\/wp\/v2\/product_tag?post=778300"}],"curies":[{"name":"wp","href":"https:\/\/api.w.org\/{rel}","templated":true}]}}