{"id":778298,"date":"2025-11-07T12:05:06","date_gmt":"2025-11-07T09:05:06","guid":{"rendered":"https:\/\/roveyayinevi.com.tr\/index.php\/urun\/kuromi-hazine-sandigi-tac-hediyeli-boyama-kitabi\/"},"modified":"2026-04-15T03:43:44","modified_gmt":"2026-04-15T00:43:44","slug":"kuromi-hazine-sandigi-tac-hediyeli-boyama-kitabi","status":"publish","type":"product","link":"https:\/\/roveyayinevi.com.tr\/index.php\/urun\/kuromi-hazine-sandigi-tac-hediyeli-boyama-kitabi\/","title":{"rendered":"Kuromi &#8211; Hazine Sand\u0131\u011f\u0131 (Ta\u00e7 Hediyeli Boyama Kitab\u0131)"},"content":{"rendered":"<p>Kuromi &#8211; Hazine Sand\u0131\u011f\u0131 (Ta\u00e7 Hediyeli Boyama Kitab\u0131)<\/p>\n","protected":false},"excerpt":{"rendered":"<p>Kuromi &#8211; Hazine Sand\u0131\u011f\u0131 (Ta\u00e7 Hediyeli Boyama Kitab\u0131)<\/p>\n","protected":false},"featured_media":0,"template":"","meta":{"_monsterinsights_skip_tracking":false,"_monsterinsights_sitenote_active":false,"_monsterinsights_sitenote_note":"","_monsterinsights_sitenote_category":0},"product_brand":[],"product_cat":[12644,12274],"product_tag":[],"class_list":{"0":"post-778298","1":"product","2":"type-product","3":"status-publish","5":"product_cat-boyama-kitaplari","6":"product_cat-cocuk-ve-genclik-kitaplari","7":"pa_cilt-ciltsiz","8":"pa_tur-kitap","9":"pa_yayinevi-dogan-cocuk","10":"pa_yazar-kolektif","12":"first","13":"instock","14":"sale","15":"shipping-taxable","16":"purchasable","17":"product-type-simple"},"_links":{"self":[{"href":"https:\/\/roveyayinevi.com.tr\/index.php\/wp-json\/wp\/v2\/product\/778298","targetHints":{"allow":["GET"]}}],"collection":[{"href":"https:\/\/roveyayinevi.com.tr\/index.php\/wp-json\/wp\/v2\/product"}],"about":[{"href":"https:\/\/roveyayinevi.com.tr\/index.php\/wp-json\/wp\/v2\/types\/product"}],"wp:attachment":[{"href":"https:\/\/roveyayinevi.com.tr\/index.php\/wp-json\/wp\/v2\/media?parent=778298"}],"wp:term":[{"taxonomy":"product_brand","embeddable":true,"href":"https:\/\/roveyayinevi.com.tr\/index.php\/wp-json\/wp\/v2\/product_brand?post=778298"},{"taxonomy":"product_cat","embeddable":true,"href":"https:\/\/roveyayinevi.com.tr\/index.php\/wp-json\/wp\/v2\/product_cat?post=778298"},{"taxonomy":"product_tag","embeddable":true,"href":"https:\/\/roveyayinevi.com.tr\/index.php\/wp-json\/wp\/v2\/product_tag?post=778298"}],"curies":[{"name":"wp","href":"https:\/\/api.w.org\/{rel}","templated":true}]}}