{"id":778291,"date":"2025-11-07T12:04:56","date_gmt":"2025-11-07T09:04:56","guid":{"rendered":"https:\/\/roveyayinevi.com.tr\/index.php\/urun\/herkes-biliyor-geminin-su-aldigini\/"},"modified":"2025-11-21T12:14:54","modified_gmt":"2025-11-21T09:14:54","slug":"herkes-biliyor-geminin-su-aldigini","status":"publish","type":"product","link":"https:\/\/roveyayinevi.com.tr\/index.php\/urun\/herkes-biliyor-geminin-su-aldigini\/","title":{"rendered":"Herkes Biliyor Geminin Su Ald\u0131\u011f\u0131n\u0131"},"content":{"rendered":"<p>Cambridge \u00dcniversitesi \u00f6\u011fretim \u00fcyesi ve Oksijen yazar\u0131 \u00d6zge \u00d6ner, ufuk a\u00e7\u0131c\u0131 bir T\u00fcrkiye anlat\u0131s\u0131yla okurunu birlikte d\u00fc\u015f\u00fcnmeye davet ediyor.     \u201c\u00d6zge \u00d6ner, bu kitapta i\u00e7inden ge\u00e7ti\u011fimiz d\u00f6nemi yal\u0131n, anla\u015f\u0131l\u0131r ama hi\u00e7bir zaman l\u00fcmpenli\u011fe d\u00fc\u015fmeyen bir dille yorumluyor. Hem bir akademisyen olarak derin bilgisini konu\u015fturuyor hem de uzman olmayan okurun da kavrayabilece\u011fi bir berrakl\u0131kla yaz\u0131yor.\u201d \u2013 Nev\u015fin Meng\u00fc   \u201c\u00d6ner, rakamlar\u0131n ve istatistiklerin \u00f6tesinde asl\u0131nda bir adalet ve vicdan meselesi ya\u015fad\u0131\u011f\u0131m\u0131z\u0131 hat\u0131rlat\u0131yor. Herkes Biliyor Geminin Su Ald\u0131\u011f\u0131n\u0131, ezberleri tekrarlamayan; insana, eme\u011fe ve umuda dokunan bir ekonomi anlay\u0131\u015f\u0131n\u0131n m\u00fcmk\u00fcn olup olmad\u0131\u011f\u0131n\u0131 sorguluyor.\u201d \u2013 Kerim Rota   \u201c\u00d6zge \u00d6ner\u2019in T\u00fcrkiye\u2019de olup biteni kuvvetli bir iktisadi \u00e7er\u00e7eve i\u00e7inde ancak hi\u00e7 iktisat bilmeyenin de anlayaca\u011f\u0131 bir sadelikle aktard\u0131\u011f\u0131 yaz\u0131lar\u0131n\u0131 toplad\u0131\u011f\u0131 bu kitap, okurunu yormadan ayd\u0131nlat\u0131yor.\u201d \u2013 Refet G\u00fcrkaynak   \u201cBu kitap tek bir ideoloji ya da kampa hapsolmadan, iktisadi geli\u015fmeleri d\u00fc\u015f\u00fcnsel bir \u00e7er\u00e7eveye oturtarak ufkumuzu a\u00e7\u0131yor. \u0130\u00e7inden ge\u00e7ti\u011fimiz d\u00f6nemi anlamak isteyenler i\u00e7in kesinlikle okumaya de\u011fer.\u201d \u2013 Hakan Kara <\/p>\n","protected":false},"excerpt":{"rendered":"<p>Cambridge \u00dcniversitesi \u00f6\u011fretim \u00fcyesi ve Oksijen yazar\u0131 \u00d6zge \u00d6ner, ufuk a\u00e7\u0131c\u0131 bir T\u00fcrkiye anlat\u0131s\u0131yla okurunu birlikte d\u00fc\u015f\u00fcnmeye davet ediyor. \u201c\u00d6zge \u00d6ner, bu kitapta i\u00e7inden ge\u00e7ti\u011fimiz d\u00f6nemi<span class=\"excerpt-hellip\"> [\u2026]<\/span><\/p>\n","protected":false},"featured_media":0,"template":"","meta":{"_monsterinsights_skip_tracking":false,"_monsterinsights_sitenote_active":false,"_monsterinsights_sitenote_note":"","_monsterinsights_sitenote_category":0},"product_brand":[],"product_cat":[13590,12337],"product_tag":[],"class_list":{"0":"post-778291","1":"product","2":"type-product","3":"status-publish","5":"product_cat-arastirma-inceleme-politika-siyaset","6":"product_cat-politika-siyaset","7":"pa_cilt-ciltsiz","8":"pa_tur-kitap","9":"pa_yayinevi-dogan-kitap","10":"pa_yazar-ozge-oner","12":"first","13":"instock","14":"sale","15":"shipping-taxable","16":"purchasable","17":"product-type-simple"},"_links":{"self":[{"href":"https:\/\/roveyayinevi.com.tr\/index.php\/wp-json\/wp\/v2\/product\/778291","targetHints":{"allow":["GET"]}}],"collection":[{"href":"https:\/\/roveyayinevi.com.tr\/index.php\/wp-json\/wp\/v2\/product"}],"about":[{"href":"https:\/\/roveyayinevi.com.tr\/index.php\/wp-json\/wp\/v2\/types\/product"}],"wp:attachment":[{"href":"https:\/\/roveyayinevi.com.tr\/index.php\/wp-json\/wp\/v2\/media?parent=778291"}],"wp:term":[{"taxonomy":"product_brand","embeddable":true,"href":"https:\/\/roveyayinevi.com.tr\/index.php\/wp-json\/wp\/v2\/product_brand?post=778291"},{"taxonomy":"product_cat","embeddable":true,"href":"https:\/\/roveyayinevi.com.tr\/index.php\/wp-json\/wp\/v2\/product_cat?post=778291"},{"taxonomy":"product_tag","embeddable":true,"href":"https:\/\/roveyayinevi.com.tr\/index.php\/wp-json\/wp\/v2\/product_tag?post=778291"}],"curies":[{"name":"wp","href":"https:\/\/api.w.org\/{rel}","templated":true}]}}