{"id":778289,"date":"2025-11-07T12:04:45","date_gmt":"2025-11-07T09:04:45","guid":{"rendered":"https:\/\/roveyayinevi.com.tr\/index.php\/urun\/gurur-kaynagimiz-araclilar\/"},"modified":"2026-04-15T03:43:43","modified_gmt":"2026-04-15T00:43:43","slug":"gurur-kaynagimiz-araclilar","status":"publish","type":"product","link":"https:\/\/roveyayinevi.com.tr\/index.php\/urun\/gurur-kaynagimiz-araclilar\/","title":{"rendered":"Gurur Kayna\u011f\u0131m\u0131z Ara\u00e7l\u0131lar"},"content":{"rendered":"<p>Ara\u00e7l\u0131 zeki, \u00e7al\u0131\u015fkan ve d\u00fcr\u00fcstt\u00fcr. T\u00fcrkiye\u2019ye da\u011f\u0131lm\u0131\u015f yakla\u015f\u0131k 80.000 Ara\u00e7l\u0131n\u0131n i\u00e7inde nadiren i\u015fsiz, yoksul olan\u0131na rastlars\u0131n\u0131z. \u00c7\u00fcnk\u00fc, Ara\u00e7l\u0131 her g\u00fcn 8 de\u011fil, icab\u0131nda 25 saat \u00e7al\u0131\u015f\u0131r. M\u00fczik ve sanat alan\u0131nda \u00e7ok ba\u015far\u0131l\u0131 sanat\u00e7\u0131lar\u0131 vard\u0131r. \u00d6zellikle Bat\u0131 M\u00fczi\u011finde, operada \u00e7ok say\u0131da Ara\u00e7l\u0131 sanat\u00e7\u0131 yeti\u015ftirilmesinde Cumhuriyet mucizesinin de pay\u0131 b\u00fcy\u00fckt\u00fcr. D\u00fc\u015f\u00fcnebiliyor musunuz ? Bu k\u00fc\u00e7\u00fck il\u00e7ede neredeyse bir Oda Orkestras\u0131 olu\u015fturacak kadar sanat\u00e7\u0131 yeti\u015fmi\u015f. Yine Ara\u00e7l\u0131 ; sanatsever, bilim \u00e2\u015f\u0131\u011f\u0131d\u0131r. \u00c7ok okur. Okudu\u011fu okullarda genellikle \u00e7ok ba\u015far\u0131l\u0131d\u0131r. Mizahi konu\u015fma ve yazma hayat felsefesinin temelini olu\u015fturur. Kitapta, k\u0131sa s\u00fcrede biri kurulu\u015f, 294 se\u00e7kin Ara\u00e7l\u0131n\u0131n \u00f6zge\u00e7mi\u015fi derlenerek bilim d\u00fcnyas\u0131n\u0131n hizmetine sunulmu\u015ftur. <\/p>\n","protected":false},"excerpt":{"rendered":"<p>Ara\u00e7l\u0131 zeki, \u00e7al\u0131\u015fkan ve d\u00fcr\u00fcstt\u00fcr. T\u00fcrkiye\u2019ye da\u011f\u0131lm\u0131\u015f yakla\u015f\u0131k 80.000 Ara\u00e7l\u0131n\u0131n i\u00e7inde nadiren i\u015fsiz, yoksul olan\u0131na rastlars\u0131n\u0131z. \u00c7\u00fcnk\u00fc, Ara\u00e7l\u0131 her g\u00fcn 8 de\u011fil, icab\u0131nda 25 saat \u00e7al\u0131\u015f\u0131r.<span class=\"excerpt-hellip\"> [\u2026]<\/span><\/p>\n","protected":false},"featured_media":0,"template":"","meta":{"_monsterinsights_skip_tracking":false,"_monsterinsights_sitenote_active":false,"_monsterinsights_sitenote_note":"","_monsterinsights_sitenote_category":0},"product_brand":[],"product_cat":[14009,12291],"product_tag":[],"class_list":{"0":"post-778289","1":"product","2":"type-product","3":"status-publish","5":"product_cat-biyografi-otobiyografi-edebiyat","6":"product_cat-edebiyat","7":"pa_cilt-ciltsiz","8":"pa_tur-kitap","9":"pa_yayinevi-kultur-ajans-yayinlari","10":"pa_yazar-nail-tan-prof-dr-eyup-akman","12":"first","13":"instock","14":"sale","15":"shipping-taxable","16":"purchasable","17":"product-type-simple"},"_links":{"self":[{"href":"https:\/\/roveyayinevi.com.tr\/index.php\/wp-json\/wp\/v2\/product\/778289","targetHints":{"allow":["GET"]}}],"collection":[{"href":"https:\/\/roveyayinevi.com.tr\/index.php\/wp-json\/wp\/v2\/product"}],"about":[{"href":"https:\/\/roveyayinevi.com.tr\/index.php\/wp-json\/wp\/v2\/types\/product"}],"wp:attachment":[{"href":"https:\/\/roveyayinevi.com.tr\/index.php\/wp-json\/wp\/v2\/media?parent=778289"}],"wp:term":[{"taxonomy":"product_brand","embeddable":true,"href":"https:\/\/roveyayinevi.com.tr\/index.php\/wp-json\/wp\/v2\/product_brand?post=778289"},{"taxonomy":"product_cat","embeddable":true,"href":"https:\/\/roveyayinevi.com.tr\/index.php\/wp-json\/wp\/v2\/product_cat?post=778289"},{"taxonomy":"product_tag","embeddable":true,"href":"https:\/\/roveyayinevi.com.tr\/index.php\/wp-json\/wp\/v2\/product_tag?post=778289"}],"curies":[{"name":"wp","href":"https:\/\/api.w.org\/{rel}","templated":true}]}}