{"id":778287,"date":"2025-11-07T12:02:29","date_gmt":"2025-11-07T09:02:29","guid":{"rendered":"https:\/\/roveyayinevi.com.tr\/index.php\/urun\/ben-bunun-icin-mi-imza-atmistim\/"},"modified":"2026-04-15T03:43:13","modified_gmt":"2026-04-15T00:43:13","slug":"ben-bunun-icin-mi-imza-atmistim","status":"publish","type":"product","link":"https:\/\/roveyayinevi.com.tr\/index.php\/urun\/ben-bunun-icin-mi-imza-atmistim\/","title":{"rendered":"Ben Bunun \u0130\u00e7in mi \u0130mza Atm\u0131\u015ft\u0131m?"},"content":{"rendered":"<p>Bir zamanlar mutluluk ve umutla \u201cevet\u201d dedi\u011finiz ili\u015fki, g\u00fcn gelir a\u011f\u0131r sorumluluklar\u0131n, ileti\u015fim kopukluklar\u0131n\u0131n ve bitmeyen \u00e7at\u0131\u015fmalar\u0131n i\u00e7ine hapsolur. Bu noktada bir\u00e7ok \u00e7ift kendi kendine sorar: \u201cBen bunun i\u00e7in mi imza atm\u0131\u015ft\u0131m?\u201d \u00c7ift terapisti Dr. Tracy Dalgleish, on yedi y\u0131l\u0131 a\u015fk\u0131n s\u00fcre y\u00fczlerce \u00e7iftin yolculu\u011funa e\u015flik etmi\u015f. \u0130leti\u015fim kopukluklar\u0131, yak\u0131nl\u0131\u011f\u0131n kaybolmas\u0131, sadakatsizlik, bask\u0131c\u0131 aileler, bitmeyen \u00f6fke d\u00f6ng\u00fcleri\u2026 Hepsini g\u00f6rm\u00fc\u015f. Bu kitapta ise yaln\u0131zca dan\u0131\u015fanlar\u0131n\u0131n hik\u00e2yelerini de\u011fil, kendi evlili\u011finde ya\u015fad\u0131\u011f\u0131 zorluklar\u0131 da b\u00fcy\u00fck bir d\u00fcr\u00fcstl\u00fckle payla\u015f\u0131yor. \u00c7\u00fcnk\u00fc terapistler de insan ve onlar\u0131n da ili\u015fkileri zorlanabiliyor. Dolay\u0131s\u0131yla hem bir rehber hem de i\u00e7ten bir tan\u0131kl\u0131k kitab\u0131\u2026 Ger\u00e7ek terapi seanslar\u0131ndan kesitlerle, Dr. Tracy\u2019nin kendi hayat\u0131ndan samimi itiraflarla ve pratik ba\u015fa \u00e7\u0131kma becerileriyle \u00f6r\u00fcl\u00fc bu kitap \u00e7iftlerin ya\u015fad\u0131\u011f\u0131 \u00e7at\u0131\u015fmalar\u0131n evrenselli\u011fini de g\u00f6steriyor. \u0130ster yeni bir ili\u015fkiye ba\u015flam\u0131\u015f olun ister y\u0131llard\u0131r evli olun ister geni\u015f bir aile i\u00e7inde denge kurmaya \u00e7al\u0131\u015f\u0131yor olun\u2026 Bu kitap, partnerinizle yeniden ba\u011f kurman\u0131z\u0131 sa\u011flayacak ger\u00e7ek ara\u00e7lar sunuyor. Eski yaralar\u0131n iyile\u015fmesine, birbirini daha iyi anlamaya ve daha derin bir yak\u0131nl\u0131k in\u015fa etmeye yard\u0131mc\u0131 oluyor. \u0130li\u015fkilerde zorlanmak insan olman\u0131n bir par\u00e7as\u0131d\u0131r. Bazen bu zorlanmalar \u00e7iftlerin ayr\u0131lma nedeni olabilir. Bazen de bu zorluklar, umutsuzlu\u011fun de\u011fil, nik\u00e2h defterine at\u0131lan imzan\u0131n anlam\u0131n\u0131 yeniden tan\u0131mlayarak de\u011fi\u015fimin, geli\u015fimin ba\u015flang\u0131c\u0131n\u0131 da olu\u015fturabilir.<\/p>\n","protected":false},"excerpt":{"rendered":"<p>Bir zamanlar mutluluk ve umutla \u201cevet\u201d dedi\u011finiz ili\u015fki, g\u00fcn gelir a\u011f\u0131r sorumluluklar\u0131n, ileti\u015fim kopukluklar\u0131n\u0131n ve bitmeyen \u00e7at\u0131\u015fmalar\u0131n i\u00e7ine hapsolur. Bu noktada bir\u00e7ok \u00e7ift kendi kendine sorar:<span class=\"excerpt-hellip\"> [\u2026]<\/span><\/p>\n","protected":false},"featured_media":0,"template":"","meta":{"_monsterinsights_skip_tracking":false,"_monsterinsights_sitenote_active":false,"_monsterinsights_sitenote_note":"","_monsterinsights_sitenote_category":0},"product_brand":[],"product_cat":[15983,13488],"product_tag":[],"class_list":{"0":"post-778287","1":"product","2":"type-product","3":"status-publish","5":"product_cat-iletisim-ve-medya","6":"product_cat-toplum-ve-insan","7":"pa_cilt-ciltsiz","8":"pa_tur-kitap","9":"pa_yayinevi-kuraldisi-yayinevi","10":"pa_yazar-tracy-dalgleish","12":"first","13":"instock","14":"sale","15":"shipping-taxable","16":"purchasable","17":"product-type-simple"},"_links":{"self":[{"href":"https:\/\/roveyayinevi.com.tr\/index.php\/wp-json\/wp\/v2\/product\/778287","targetHints":{"allow":["GET"]}}],"collection":[{"href":"https:\/\/roveyayinevi.com.tr\/index.php\/wp-json\/wp\/v2\/product"}],"about":[{"href":"https:\/\/roveyayinevi.com.tr\/index.php\/wp-json\/wp\/v2\/types\/product"}],"wp:attachment":[{"href":"https:\/\/roveyayinevi.com.tr\/index.php\/wp-json\/wp\/v2\/media?parent=778287"}],"wp:term":[{"taxonomy":"product_brand","embeddable":true,"href":"https:\/\/roveyayinevi.com.tr\/index.php\/wp-json\/wp\/v2\/product_brand?post=778287"},{"taxonomy":"product_cat","embeddable":true,"href":"https:\/\/roveyayinevi.com.tr\/index.php\/wp-json\/wp\/v2\/product_cat?post=778287"},{"taxonomy":"product_tag","embeddable":true,"href":"https:\/\/roveyayinevi.com.tr\/index.php\/wp-json\/wp\/v2\/product_tag?post=778287"}],"curies":[{"name":"wp","href":"https:\/\/api.w.org\/{rel}","templated":true}]}}