{"id":778286,"date":"2025-11-07T11:50:25","date_gmt":"2025-11-07T08:50:25","guid":{"rendered":"https:\/\/roveyayinevi.com.tr\/index.php\/urun\/icindeki-sen-maskesiz-olandir\/"},"modified":"2026-04-08T03:36:37","modified_gmt":"2026-04-08T00:36:37","slug":"icindeki-sen-maskesiz-olandir","status":"publish","type":"product","link":"https:\/\/roveyayinevi.com.tr\/index.php\/urun\/icindeki-sen-maskesiz-olandir\/","title":{"rendered":"\u0130\u00e7indeki Sen Maskesiz Oland\u0131r"},"content":{"rendered":"<p>\u0130nsan\u0131n ger\u00e7ek kimli\u011fi, kendisiyle y\u00fczle\u015fti\u011fi an ortaya \u00e7\u0131kand\u0131r. Zaman zaman ki\u015fi gerek \u00e7evresel ko\u015fullara gerekse i\u00e7inde bulundu\u011fu i\u015f ve olu\u015fumun durumuna g\u00f6re kendine ait as\u0131l karakter yap\u0131s\u0131n\u0131 sergilemeyi gizlemekte, bamba\u015fka bir davran\u0131\u015fla hareket etmektedir. \u0130\u015fte bu durum da ki\u015finin kendi hakikatini hem kendine hem de \u00e7evresine kar\u015f\u0131 maskelemesi anlam\u0131na gelir ki zaman i\u00e7inde o maskeler kendine bile do\u011fal hale d\u00f6n\u00fc\u015fmekte, bu sefer de kendisi takt\u0131\u011f\u0131 maskeler alt\u0131nda kendi suretini arar hale gelmektedir. Ard\u0131ndan, ben kimim sorular\u0131 sorulmakta, kurtulmas\u0131 gereken nice maskelerin ard\u0131ndaki ger\u00e7ek benli\u011fine ula\u015fmakta g\u00fc\u00e7l\u00fck \u00e7ekmektedir. Hakikatte kimdir, ger\u00e7ek y\u00fcz\u00fc ve yans\u0131tmas\u0131 gereken ki\u015fili\u011fi, kimli\u011fi nedir, her biri kendinden kendine s\u0131r haline gelmi\u015ftir. Dolay\u0131s\u0131yla hakikati arayan kulun, \u00f6ncelikle tak\u0131nd\u0131\u011f\u0131 bu maskelerden kurtulmas\u0131 gerekir ki kendisiyle y\u00fczle\u015febilsin. Aksi her durum yan\u0131lsamalardan \u00f6teye gidemeyecektir. Zira tek\u00e2m\u00fcl etmenin yolu, maskelerden kurtulmakla sa\u011flanacakt\u0131r. Her bir kurtulu\u015f ise insana \u00f6zg\u00fcrl\u00fc\u011f\u00fcn\u00fc getirecektir. \u0130nsan iman\u0131yla Allah\u2019\u0131, ameliyle kendini bulmakta, ahlak\u0131yla da yery\u00fcz\u00fcndeki sergileni\u015fini ger\u00e7ekle\u015ftirmektedir. <\/p>\n","protected":false},"excerpt":{"rendered":"<p>\u0130nsan\u0131n ger\u00e7ek kimli\u011fi, kendisiyle y\u00fczle\u015fti\u011fi an ortaya \u00e7\u0131kand\u0131r. Zaman zaman ki\u015fi gerek \u00e7evresel ko\u015fullara gerekse i\u00e7inde bulundu\u011fu i\u015f ve olu\u015fumun durumuna g\u00f6re kendine ait as\u0131l karakter<span class=\"excerpt-hellip\"> [\u2026]<\/span><\/p>\n","protected":false},"featured_media":0,"template":"","meta":{"_monsterinsights_skip_tracking":false,"_monsterinsights_sitenote_active":false,"_monsterinsights_sitenote_note":"","_monsterinsights_sitenote_category":0},"product_brand":[],"product_cat":[12364,12376],"product_tag":[],"class_list":{"0":"post-778286","1":"product","2":"type-product","3":"status-publish","5":"product_cat-genel-konular","6":"product_cat-kisisel-gelisim","7":"pa_cilt-ciltsiz","8":"pa_tur-kitap","9":"pa_yayinevi-doksan-dokuz-yayinlari","10":"pa_yazar-fuat-erkan","12":"first","13":"instock","14":"sale","15":"shipping-taxable","16":"purchasable","17":"product-type-simple"},"_links":{"self":[{"href":"https:\/\/roveyayinevi.com.tr\/index.php\/wp-json\/wp\/v2\/product\/778286","targetHints":{"allow":["GET"]}}],"collection":[{"href":"https:\/\/roveyayinevi.com.tr\/index.php\/wp-json\/wp\/v2\/product"}],"about":[{"href":"https:\/\/roveyayinevi.com.tr\/index.php\/wp-json\/wp\/v2\/types\/product"}],"wp:attachment":[{"href":"https:\/\/roveyayinevi.com.tr\/index.php\/wp-json\/wp\/v2\/media?parent=778286"}],"wp:term":[{"taxonomy":"product_brand","embeddable":true,"href":"https:\/\/roveyayinevi.com.tr\/index.php\/wp-json\/wp\/v2\/product_brand?post=778286"},{"taxonomy":"product_cat","embeddable":true,"href":"https:\/\/roveyayinevi.com.tr\/index.php\/wp-json\/wp\/v2\/product_cat?post=778286"},{"taxonomy":"product_tag","embeddable":true,"href":"https:\/\/roveyayinevi.com.tr\/index.php\/wp-json\/wp\/v2\/product_tag?post=778286"}],"curies":[{"name":"wp","href":"https:\/\/api.w.org\/{rel}","templated":true}]}}