{"id":778285,"date":"2025-11-07T11:01:37","date_gmt":"2025-11-07T08:01:37","guid":{"rendered":"https:\/\/roveyayinevi.com.tr\/index.php\/urun\/adalet-hic-var-olmadi\/"},"modified":"2026-04-15T03:32:39","modified_gmt":"2026-04-15T00:32:39","slug":"adalet-hic-var-olmadi","status":"publish","type":"product","link":"https:\/\/roveyayinevi.com.tr\/index.php\/urun\/adalet-hic-var-olmadi\/","title":{"rendered":"Adalet Hi\u00e7 Var Olmad\u0131"},"content":{"rendered":"<p>Ya\u015fad\u0131\u011f\u0131m\u0131z d\u00fcnyada \u201cAdalet\u201d olarak bize sunulan nedir?Alman hukuk\u00e7usu Hans Kelsen\u2019e g\u00f6re, \u201cBa\u015fka hi\u00e7bir soru, bu kadar tutkulu bir \u015fekilde tart\u0131\u015f\u0131lmam\u0131\u015f; ba\u015fka hi\u00e7bir soru b\u00f6ylesine \u00e7ok kan ve g\u00f6zya\u015f\u0131 d\u00f6k\u00fclmesine sebep olmam\u0131\u015f ve ba\u015fka hi\u00e7bir soru Eflatun\u2019dan Kant\u2019a en \u00fcnl\u00fc d\u00fc\u015f\u00fcn\u00fcrlerin yo\u011fun ilgisine konu olmam\u0131\u015ft\u0131r. Ancak ba\u015fka hi\u00e7bir soru bug\u00fcn, di\u011fer zamanlarda olmad\u0131\u011f\u0131 kadar da cevaps\u0131z kalmam\u0131\u015ft\u0131r.\u201d Konuya e\u011filen kimilerine g\u00f6re insanda daha do\u011fu\u015ftan var olan bir adalet duygusu bulunur. Kimi, \u201cHaks\u0131zl\u0131\u011f\u0131n \u00f6nlenmesi adalettir\u201d derken, pek \u00e7ok hukuk\u00e7u ve d\u00fc\u015f\u00fcn\u00fcr, adaletin g\u00f6receli bir kavram oldu\u011funu, de\u011fer yarg\u0131lar\u0131na dayand\u0131\u011f\u0131n\u0131, de\u011fer yarg\u0131lar\u0131n\u0131n ise toplumlara ve zamana g\u00f6re de\u011fi\u015fti\u011fini savunmaktad\u0131rlar. \u00d6te yandan, genelde konuya e\u011filenler, adaleti \u201cToplumsal S\u00f6zle\u015fme\u201d kuram\u0131na dayand\u0131rmaktad\u0131rlar. Ne var ki, tarih boyunca insanlar\u0131n \u00e7ok b\u00fcy\u00fck bir b\u00f6l\u00fcm\u00fc, bu d\u00fczenin ve yasalar a\u011f\u0131n\u0131n adaletsiz oldu\u011funu \u00f6ne s\u00fcrerek yerlerine adaletli bir d\u00fczenin ge\u00e7irilmesini isteyip durmu\u015flard\u0131r. Bu gibi anlay\u0131\u015flardan hangisinden yana olursan\u0131z, adalet tan\u0131m\u0131n\u0131z da ona g\u00f6re de\u011fi\u015fik olacakt\u0131r.\u0130\u015fte, bu kitapta incelenen; sisler i\u00e7inde kaybolmu\u015f, bu y\u00fczden de ne oldu\u011fu anla\u015f\u0131lamayan, sis da\u011f\u0131lacak gibi oldu\u011funda ise g\u00f6r\u00fclen \u015feyin ne oldu\u011fu \u00fczerinde g\u00f6r\u00fc\u015f birli\u011fine var\u0131lamayan \u201cAdalet\u201d kavram\u0131d\u0131r.<\/p>\n","protected":false},"excerpt":{"rendered":"<p>Ya\u015fad\u0131\u011f\u0131m\u0131z d\u00fcnyada \u201cAdalet\u201d olarak bize sunulan nedir?Alman hukuk\u00e7usu Hans Kelsen\u2019e g\u00f6re, \u201cBa\u015fka hi\u00e7bir soru, bu kadar tutkulu bir \u015fekilde tart\u0131\u015f\u0131lmam\u0131\u015f; ba\u015fka hi\u00e7bir soru b\u00f6ylesine \u00e7ok kan<span class=\"excerpt-hellip\"> [\u2026]<\/span><\/p>\n","protected":false},"featured_media":0,"template":"","meta":{"_monsterinsights_skip_tracking":false,"_monsterinsights_sitenote_active":false,"_monsterinsights_sitenote_note":"","_monsterinsights_sitenote_category":0},"product_brand":[],"product_cat":[15350],"product_tag":[],"class_list":{"0":"post-778285","1":"product","2":"type-product","3":"status-publish","5":"product_cat-hukuk","6":"pa_cilt-ciltsiz","7":"pa_tur-kitap","8":"pa_yayinevi-pankus-yayinlari","9":"pa_yazar-cetin-yetkin","11":"first","12":"instock","13":"sale","14":"shipping-taxable","15":"purchasable","16":"product-type-simple"},"_links":{"self":[{"href":"https:\/\/roveyayinevi.com.tr\/index.php\/wp-json\/wp\/v2\/product\/778285","targetHints":{"allow":["GET"]}}],"collection":[{"href":"https:\/\/roveyayinevi.com.tr\/index.php\/wp-json\/wp\/v2\/product"}],"about":[{"href":"https:\/\/roveyayinevi.com.tr\/index.php\/wp-json\/wp\/v2\/types\/product"}],"wp:attachment":[{"href":"https:\/\/roveyayinevi.com.tr\/index.php\/wp-json\/wp\/v2\/media?parent=778285"}],"wp:term":[{"taxonomy":"product_brand","embeddable":true,"href":"https:\/\/roveyayinevi.com.tr\/index.php\/wp-json\/wp\/v2\/product_brand?post=778285"},{"taxonomy":"product_cat","embeddable":true,"href":"https:\/\/roveyayinevi.com.tr\/index.php\/wp-json\/wp\/v2\/product_cat?post=778285"},{"taxonomy":"product_tag","embeddable":true,"href":"https:\/\/roveyayinevi.com.tr\/index.php\/wp-json\/wp\/v2\/product_tag?post=778285"}],"curies":[{"name":"wp","href":"https:\/\/api.w.org\/{rel}","templated":true}]}}