{"id":778284,"date":"2025-11-07T10:37:30","date_gmt":"2025-11-07T07:37:30","guid":{"rendered":"https:\/\/roveyayinevi.com.tr\/index.php\/urun\/bize-yon-veren-metinler-iv\/"},"modified":"2026-04-15T03:28:35","modified_gmt":"2026-04-15T00:28:35","slug":"bize-yon-veren-metinler-iv","status":"publish","type":"product","link":"https:\/\/roveyayinevi.com.tr\/index.php\/urun\/bize-yon-veren-metinler-iv\/","title":{"rendered":"Bize Y\u00f6n Veren Metinler IV"},"content":{"rendered":"<p>Y\u00fczlerce kat fazlas\u0131 aras\u0131ndan itina ile belirlenmi\u015f dokuz y\u00fcze yak\u0131n farkl\u0131 eser ve vesika\u2026Osmanl\u0131 donanmas\u0131n\u0131n \u00e7\u0131karma taktiklerini merak eden muharip te\u011fmen aday\u0131ndan s\u00fcnnet t\u00f6reni i\u00e7in o\u011fluna \u015fehzade k\u0131yafeti sat\u0131n alacak ebeveyne, m\u00fc\u015fterilerine Osmanl\u0131 mutfa\u011f\u0131ndan lezzetler sunmay\u0131 planlayan m\u00fcte\u015febbisten yapt\u0131\u011f\u0131 i\u015fin \u201cBiz\u201ddeki ge\u00e7mi\u015fini \u00f6\u011frenmek isteyen beyin cerrah\u0131na dek, her t\u00fcrl\u00fc s\u0131n\u0131rl\u0131 fakat gerekli merak\u0131n da kolayl\u0131kla yararlanabilece\u011fi bir tasnif metodu\u2026Bir r\u00fcya daha ger\u00e7ek oluyor!\u2013Alev Alatl\u0131<\/p>\n","protected":false},"excerpt":{"rendered":"<p>Y\u00fczlerce kat fazlas\u0131 aras\u0131ndan itina ile belirlenmi\u015f dokuz y\u00fcze yak\u0131n farkl\u0131 eser ve vesika\u2026Osmanl\u0131 donanmas\u0131n\u0131n \u00e7\u0131karma taktiklerini merak eden muharip te\u011fmen aday\u0131ndan s\u00fcnnet t\u00f6reni i\u00e7in o\u011fluna<span class=\"excerpt-hellip\"> [\u2026]<\/span><\/p>\n","protected":false},"featured_media":0,"template":"","meta":{"_monsterinsights_skip_tracking":false,"_monsterinsights_sitenote_active":false,"_monsterinsights_sitenote_note":"","_monsterinsights_sitenote_category":0},"product_brand":[],"product_cat":[12337],"product_tag":[],"class_list":{"0":"post-778284","1":"product","2":"type-product","3":"status-publish","5":"product_cat-politika-siyaset","6":"pa_cilt-ciltsiz","7":"pa_tur-kitap","8":"pa_yayinevi-kapadokya-universitesi-yayinlari","9":"pa_yazar-alev-alatli","11":"first","12":"instock","13":"sale","14":"shipping-taxable","15":"purchasable","16":"product-type-simple"},"_links":{"self":[{"href":"https:\/\/roveyayinevi.com.tr\/index.php\/wp-json\/wp\/v2\/product\/778284","targetHints":{"allow":["GET"]}}],"collection":[{"href":"https:\/\/roveyayinevi.com.tr\/index.php\/wp-json\/wp\/v2\/product"}],"about":[{"href":"https:\/\/roveyayinevi.com.tr\/index.php\/wp-json\/wp\/v2\/types\/product"}],"wp:attachment":[{"href":"https:\/\/roveyayinevi.com.tr\/index.php\/wp-json\/wp\/v2\/media?parent=778284"}],"wp:term":[{"taxonomy":"product_brand","embeddable":true,"href":"https:\/\/roveyayinevi.com.tr\/index.php\/wp-json\/wp\/v2\/product_brand?post=778284"},{"taxonomy":"product_cat","embeddable":true,"href":"https:\/\/roveyayinevi.com.tr\/index.php\/wp-json\/wp\/v2\/product_cat?post=778284"},{"taxonomy":"product_tag","embeddable":true,"href":"https:\/\/roveyayinevi.com.tr\/index.php\/wp-json\/wp\/v2\/product_tag?post=778284"}],"curies":[{"name":"wp","href":"https:\/\/api.w.org\/{rel}","templated":true}]}}