{"id":778281,"date":"2025-11-07T04:45:14","date_gmt":"2025-11-07T01:45:14","guid":{"rendered":"https:\/\/roveyayinevi.com.tr\/index.php\/urun\/yarina-soyleyecek-sozum-var\/"},"modified":"2026-04-16T02:22:18","modified_gmt":"2026-04-15T23:22:18","slug":"yarina-soyleyecek-sozum-var","status":"publish","type":"product","link":"https:\/\/roveyayinevi.com.tr\/index.php\/urun\/yarina-soyleyecek-sozum-var\/","title":{"rendered":"Yar\u0131na S\u00f6yleyecek S\u00f6z\u00fcm Var"},"content":{"rendered":"<p>\u00d6nce efsanelerimizi yitirdik. Efsanesi olmayan milletler yar\u0131na kalabilir mi? \u0130nsan efsanesiz, metaforsuz, manas\u0131z bir \u015fey yapamaz. D\u00fcn efsanesi b\u00fcy\u00fck olanlar s\u00fcper g\u00fc\u00e7t\u00fc. Bug\u00fcn de \u00f6yle. Hayallerimize, efsanelerimize, k\u0131saca kimli\u011fimize sahip \u00e7\u0131kaca\u011f\u0131z. K\u0131z\u0131l elmas\u0131 olmayanlar yok olur! Medeniyet kodlar\u0131m\u0131zdan ald\u0131\u011f\u0131m\u0131z ilhamla, \u2018Yar\u0131na S\u00f6yleyecek S\u00f6z\u00fcm\u00fcz Var\u2019 <\/p>\n","protected":false},"excerpt":{"rendered":"<p>\u00d6nce efsanelerimizi yitirdik. Efsanesi olmayan milletler yar\u0131na kalabilir mi? \u0130nsan efsanesiz, metaforsuz, manas\u0131z bir \u015fey yapamaz. D\u00fcn efsanesi b\u00fcy\u00fck olanlar s\u00fcper g\u00fc\u00e7t\u00fc. Bug\u00fcn de \u00f6yle. Hayallerimize,<span class=\"excerpt-hellip\"> [\u2026]<\/span><\/p>\n","protected":false},"featured_media":0,"template":"","meta":{"_monsterinsights_skip_tracking":false,"_monsterinsights_sitenote_active":false,"_monsterinsights_sitenote_note":"","_monsterinsights_sitenote_category":0},"product_brand":[],"product_cat":[12777,12291],"product_tag":[],"class_list":{"0":"post-778281","1":"product","2":"type-product","3":"status-publish","5":"product_cat-deneme","6":"product_cat-edebiyat","7":"pa_cilt-ciltsiz","8":"pa_tur-kitap","9":"pa_yayinevi-biyografi-net-yayincilik","10":"pa_yazar-adnan-ocak","12":"first","13":"instock","14":"sale","15":"shipping-taxable","16":"purchasable","17":"product-type-simple"},"_links":{"self":[{"href":"https:\/\/roveyayinevi.com.tr\/index.php\/wp-json\/wp\/v2\/product\/778281","targetHints":{"allow":["GET"]}}],"collection":[{"href":"https:\/\/roveyayinevi.com.tr\/index.php\/wp-json\/wp\/v2\/product"}],"about":[{"href":"https:\/\/roveyayinevi.com.tr\/index.php\/wp-json\/wp\/v2\/types\/product"}],"wp:attachment":[{"href":"https:\/\/roveyayinevi.com.tr\/index.php\/wp-json\/wp\/v2\/media?parent=778281"}],"wp:term":[{"taxonomy":"product_brand","embeddable":true,"href":"https:\/\/roveyayinevi.com.tr\/index.php\/wp-json\/wp\/v2\/product_brand?post=778281"},{"taxonomy":"product_cat","embeddable":true,"href":"https:\/\/roveyayinevi.com.tr\/index.php\/wp-json\/wp\/v2\/product_cat?post=778281"},{"taxonomy":"product_tag","embeddable":true,"href":"https:\/\/roveyayinevi.com.tr\/index.php\/wp-json\/wp\/v2\/product_tag?post=778281"}],"curies":[{"name":"wp","href":"https:\/\/api.w.org\/{rel}","templated":true}]}}