{"id":778274,"date":"2025-11-06T12:08:21","date_gmt":"2025-11-06T09:08:21","guid":{"rendered":"https:\/\/roveyayinevi.com.tr\/index.php\/urun\/adli-tip-dosyalari-kirmizi-rituel\/"},"modified":"2026-04-15T03:43:47","modified_gmt":"2026-04-15T00:43:47","slug":"adli-tip-dosyalari-kirmizi-rituel","status":"publish","type":"product","link":"https:\/\/roveyayinevi.com.tr\/index.php\/urun\/adli-tip-dosyalari-kirmizi-rituel\/","title":{"rendered":"Adli T\u0131p Dosyalar\u0131 \u2013 K\u0131rm\u0131z\u0131 Rit\u00fcel"},"content":{"rendered":"<p>Uykular\u0131na s\u0131zan k\u00e2buslarla ba\u015flayan bir kabulleni\u015f\u2026 Kurban\u0131n \u00fczerindeki kadim semboller ve olay yerindeki not; bu vah\u015fetin, s\u0131radan bir seri cinayet olmad\u0131\u011f\u0131n\u0131 f\u0131s\u0131ldar. Bu; binlerce y\u0131ll\u0131k bir rit\u00fcelin, yeniden canland\u0131r\u0131l\u0131\u015f\u0131d\u0131r.   Her bir cinayet, kadim metinlerin korkun\u00e7 bir yans\u0131mas\u0131 gibidir. Her kurban\u0131n bedeni, i\u015flenen &#8220;g\u00fcnahlar\u0131n&#8221; bir belgesi olarak i\u015flenir. Kan\u0131tlar\u0131n labirentinde birer ipucuna d\u00f6n\u00fc\u015fen s\u0131rlar; Soner&#8217;in yak\u0131n \u00e7evresine kadar uzanan, zekice kurgulanm\u0131\u015f bir oyunun par\u00e7alar\u0131d\u0131r.   Peki, bu &#8220;K\u0131rm\u0131z\u0131 Rit\u00fcel&#8221;in ard\u0131ndaki karanl\u0131k deha kimdir? \u00d6\u011frenci, profes\u00f6r, savc\u0131\u2026 Her biri, bu kanl\u0131 d\u00f6ng\u00fcde birer piyon mu? Yoksa herkesin gizledi\u011fi daha b\u00fcy\u00fck s\u0131rlar m\u0131 var? Kimi inanc\u0131, kimi intikam\u0131 u\u011fruna m\u0131 bu sapk\u0131n ayinleri ger\u00e7ekle\u015ftirdi?   &#8220;K\u0131rm\u0131z\u0131 Rit\u00fcel&#8221; sadece bir cinayet roman\u0131 de\u011fil; zekice kurgulanm\u0131\u015f psikolojik bir gerilim ve mitolojik bir bulmaca. Her sayfas\u0131nda, okuyucunun mant\u0131\u011f\u0131n\u0131 ve sinirlerini zorlayan bir hikaye&#8230;<\/p>\n","protected":false},"excerpt":{"rendered":"<p>Uykular\u0131na s\u0131zan k\u00e2buslarla ba\u015flayan bir kabulleni\u015f\u2026 Kurban\u0131n \u00fczerindeki kadim semboller ve olay yerindeki not; bu vah\u015fetin, s\u0131radan bir seri cinayet olmad\u0131\u011f\u0131n\u0131 f\u0131s\u0131ldar. Bu; binlerce y\u0131ll\u0131k bir<span class=\"excerpt-hellip\"> [\u2026]<\/span><\/p>\n","protected":false},"featured_media":0,"template":"","meta":{"_monsterinsights_skip_tracking":false,"_monsterinsights_sitenote_active":false,"_monsterinsights_sitenote_note":"","_monsterinsights_sitenote_category":0},"product_brand":[],"product_cat":[141304],"product_tag":[],"class_list":{"0":"post-778274","1":"product","2":"type-product","3":"status-publish","5":"product_cat-yeni-cikanlar","6":"pa_cilt-ciltsiz","7":"pa_tur-kitap","8":"pa_yayinevi-theseus-yayinevi","9":"pa_yazar-cihangir-isik","11":"first","12":"instock","13":"sale","14":"shipping-taxable","15":"purchasable","16":"product-type-simple"},"_links":{"self":[{"href":"https:\/\/roveyayinevi.com.tr\/index.php\/wp-json\/wp\/v2\/product\/778274","targetHints":{"allow":["GET"]}}],"collection":[{"href":"https:\/\/roveyayinevi.com.tr\/index.php\/wp-json\/wp\/v2\/product"}],"about":[{"href":"https:\/\/roveyayinevi.com.tr\/index.php\/wp-json\/wp\/v2\/types\/product"}],"wp:attachment":[{"href":"https:\/\/roveyayinevi.com.tr\/index.php\/wp-json\/wp\/v2\/media?parent=778274"}],"wp:term":[{"taxonomy":"product_brand","embeddable":true,"href":"https:\/\/roveyayinevi.com.tr\/index.php\/wp-json\/wp\/v2\/product_brand?post=778274"},{"taxonomy":"product_cat","embeddable":true,"href":"https:\/\/roveyayinevi.com.tr\/index.php\/wp-json\/wp\/v2\/product_cat?post=778274"},{"taxonomy":"product_tag","embeddable":true,"href":"https:\/\/roveyayinevi.com.tr\/index.php\/wp-json\/wp\/v2\/product_tag?post=778274"}],"curies":[{"name":"wp","href":"https:\/\/api.w.org\/{rel}","templated":true}]}}