{"id":778272,"date":"2025-11-06T12:08:17","date_gmt":"2025-11-06T09:08:17","guid":{"rendered":"https:\/\/roveyayinevi.com.tr\/index.php\/urun\/iki-prens\/"},"modified":"2026-04-15T03:43:47","modified_gmt":"2026-04-15T00:43:47","slug":"iki-prens","status":"publish","type":"product","link":"https:\/\/roveyayinevi.com.tr\/index.php\/urun\/iki-prens\/","title":{"rendered":"\u0130ki Prens"},"content":{"rendered":"<p>\u0130hanetin g\u00f6lgesi uzun, adaletin sesi gecikmeli gelir. Bu hik\u00e2yede her yara, bir \u00fclkeyi par\u00e7alayabilir. Obsidyenin ikiye b\u00f6l\u00fcnm\u00fc\u015f par\u00e7alar\u0131 yaln\u0131zca ta\u015f de\u011fil, iki ayr\u0131 kaderin, iki ayr\u0131 bak\u0131\u015f\u0131n metaforudur. Ya\u015fl\u0131 bir kral, ard\u0131nda sadece bir krall\u0131k de\u011fil, adaletle \u00f6r\u00fclm\u00fc\u015f bir gelecek b\u0131rakmak ister. G\u00fc\u00e7l\u00fc, disiplinli ve sert miza\u00e7l\u0131 A\u015fur ile yumu\u015fak huylu, vicdan\u0131 rehber edinmi\u015f Serhas\u2026 \u0130ki prens, iktidar\u0131n e\u015fi\u011finde, insan\u0131n i\u00e7 d\u00fcnyas\u0131na uzanan \u00e7etin bir yolculu\u011fa \u00e7\u0131kar. Bu yolculukta k\u0131lavuzlar\u0131, da\u011f\u0131n yamac\u0131nda ya\u015fayan bilge filozof Zana\u2019d\u0131r. Ancak bir g\u00fcn, bir han\u00e7er kaybolur ve art\u0131k hi\u00e7bir \u015fey eskisi gibi olmaz. \u00c7al\u0131nan yaln\u0131zca bir silah de\u011fil; g\u00fcven, onur ve karde\u015fliktir. Bu k\u00fc\u00e7\u00fck gibi g\u00f6r\u00fcnen k\u0131r\u0131lma, bir krall\u0131\u011f\u0131n yar\u0131lmas\u0131na, ta\u015flar\u0131n alt\u0131nda kalan s\u0131rlar\u0131n su y\u00fcz\u00fcne \u00e7\u0131kmas\u0131na yol a\u00e7ar. Han\u00e7erin g\u00f6lgesi uzun, adaletin sesi ise gecikmelidir. \u0130ki Prens, bir halk masal\u0131n\u0131n b\u00fcy\u00fcs\u00fcn\u00fc ta\u015f\u0131yan diliyle modern insan\u0131n en kadim sorular\u0131n\u0131 sorgulat\u0131yor: G\u00fc\u00e7 m\u00fc daha adildir, affetmek mi? Lider kimdir, iktidar neyle s\u0131nan\u0131r? Bu hik\u00e2ye yaln\u0131zca ge\u00e7mi\u015fin tozlu sayfalar\u0131na de\u011fil, gelece\u011fe tutulmu\u015f bir aynaya d\u00f6n\u00fc\u015f\u00fcyor. Ve bazen en b\u00fcy\u00fck sava\u015f, bir tahta de\u011fil; insan\u0131n kendi i\u00e7indeki karanl\u0131\u011fa kar\u015f\u0131 verilir.<\/p>\n","protected":false},"excerpt":{"rendered":"<p>\u0130hanetin g\u00f6lgesi uzun, adaletin sesi gecikmeli gelir. Bu hik\u00e2yede her yara, bir \u00fclkeyi par\u00e7alayabilir. Obsidyenin ikiye b\u00f6l\u00fcnm\u00fc\u015f par\u00e7alar\u0131 yaln\u0131zca ta\u015f de\u011fil, iki ayr\u0131 kaderin, iki ayr\u0131<span class=\"excerpt-hellip\"> [\u2026]<\/span><\/p>\n","protected":false},"featured_media":0,"template":"","meta":{"_monsterinsights_skip_tracking":false,"_monsterinsights_sitenote_active":false,"_monsterinsights_sitenote_note":"","_monsterinsights_sitenote_category":0},"product_brand":[],"product_cat":[12291,12711],"product_tag":[],"class_list":{"0":"post-778272","1":"product","2":"type-product","3":"status-publish","5":"product_cat-edebiyat","6":"product_cat-roman-oyku","7":"pa_cilt-ciltsiz","8":"pa_tur-kitap","9":"pa_yayinevi-elpis-yayinlari","10":"pa_yazar-zeki-sevim","12":"first","13":"instock","14":"sale","15":"shipping-taxable","16":"purchasable","17":"product-type-simple"},"_links":{"self":[{"href":"https:\/\/roveyayinevi.com.tr\/index.php\/wp-json\/wp\/v2\/product\/778272","targetHints":{"allow":["GET"]}}],"collection":[{"href":"https:\/\/roveyayinevi.com.tr\/index.php\/wp-json\/wp\/v2\/product"}],"about":[{"href":"https:\/\/roveyayinevi.com.tr\/index.php\/wp-json\/wp\/v2\/types\/product"}],"wp:attachment":[{"href":"https:\/\/roveyayinevi.com.tr\/index.php\/wp-json\/wp\/v2\/media?parent=778272"}],"wp:term":[{"taxonomy":"product_brand","embeddable":true,"href":"https:\/\/roveyayinevi.com.tr\/index.php\/wp-json\/wp\/v2\/product_brand?post=778272"},{"taxonomy":"product_cat","embeddable":true,"href":"https:\/\/roveyayinevi.com.tr\/index.php\/wp-json\/wp\/v2\/product_cat?post=778272"},{"taxonomy":"product_tag","embeddable":true,"href":"https:\/\/roveyayinevi.com.tr\/index.php\/wp-json\/wp\/v2\/product_tag?post=778272"}],"curies":[{"name":"wp","href":"https:\/\/api.w.org\/{rel}","templated":true}]}}