{"id":778271,"date":"2025-11-06T12:08:14","date_gmt":"2025-11-06T09:08:14","guid":{"rendered":"https:\/\/roveyayinevi.com.tr\/index.php\/urun\/hic-kadin\/"},"modified":"2026-04-15T03:43:47","modified_gmt":"2026-04-15T00:43:47","slug":"hic-kadin","status":"publish","type":"product","link":"https:\/\/roveyayinevi.com.tr\/index.php\/urun\/hic-kadin\/","title":{"rendered":"Hi\u00e7 Kad\u0131n"},"content":{"rendered":"<p>Baz\u0131 ac\u0131lar yaln\u0131z ya\u015fanmaz; Baz\u0131 sessizlikler sadece bir ki\u015fiye ait de\u011fildir. Sinem, annesinden devrald\u0131\u011f\u0131 suskunlu\u011fu s\u0131rt\u0131nda ta\u015f\u0131yarak b\u00fcy\u00fcd\u00fc. S\u00f6ylenmemi\u015f s\u00f6zlerin, bast\u0131r\u0131lm\u0131\u015f    hayallerin ve g\u00f6r\u00fcnmez yaralar\u0131n i\u00e7inden ge\u00e7erek, kendi sesini bulmaya \u00e7al\u0131\u015fan bir kad\u0131n\u0131n hik\u00e2yesi bu. Kimi zaman bir a\u011f\u0131lda, kimi zaman bir mahkeme salonunda yank\u0131lanan \u00e7\u0131\u011fl\u0131klar\u0131n g\u00f6lgesinde; Bir k\u0131z \u00e7ocu\u011funun, bir annenin, bir kad\u0131n\u0131n sesi y\u00fckseliyor. Bir \u00f6\u011fretmenin kalemi ve y\u00fcre\u011fi ile yaz\u0131lm\u0131\u015f bu kitap, susturulmu\u015f kad\u0131nlar\u0131n hik\u00e2yelerini g\u00f6r\u00fcn\u00fcr k\u0131l\u0131yor. Bazen bir f\u0131s\u0131lt\u0131yla, bazen bir kur\u015funla gelen adaletin izinde\u2026 \u201cAnnem hep sustu\u2026 Ben, onun sustuklar\u0131n\u0131 ya\u015fad\u0131m.\u201d        Okurken sadece Sinem\u2019i de\u011fil, belki de kendi annenizi, kendinizi, i\u00e7inizde susturulmu\u015f bir sesi bulacaks\u0131n\u0131z.<\/p>\n","protected":false},"excerpt":{"rendered":"<p>Baz\u0131 ac\u0131lar yaln\u0131z ya\u015fanmaz; Baz\u0131 sessizlikler sadece bir ki\u015fiye ait de\u011fildir. Sinem, annesinden devrald\u0131\u011f\u0131 suskunlu\u011fu s\u0131rt\u0131nda ta\u015f\u0131yarak b\u00fcy\u00fcd\u00fc. S\u00f6ylenmemi\u015f s\u00f6zlerin, bast\u0131r\u0131lm\u0131\u015f hayallerin ve g\u00f6r\u00fcnmez yaralar\u0131n i\u00e7inden<span class=\"excerpt-hellip\"> [\u2026]<\/span><\/p>\n","protected":false},"featured_media":0,"template":"","meta":{"_monsterinsights_skip_tracking":false,"_monsterinsights_sitenote_active":false,"_monsterinsights_sitenote_note":"","_monsterinsights_sitenote_category":0},"product_brand":[],"product_cat":[12291,12711],"product_tag":[],"class_list":{"0":"post-778271","1":"product","2":"type-product","3":"status-publish","5":"product_cat-edebiyat","6":"product_cat-roman-oyku","7":"pa_cilt-ciltsiz","8":"pa_tur-kitap","9":"pa_yayinevi-theseus-yayinevi","10":"pa_yazar-merya-akcin","12":"first","13":"instock","14":"sale","15":"shipping-taxable","16":"purchasable","17":"product-type-simple"},"_links":{"self":[{"href":"https:\/\/roveyayinevi.com.tr\/index.php\/wp-json\/wp\/v2\/product\/778271","targetHints":{"allow":["GET"]}}],"collection":[{"href":"https:\/\/roveyayinevi.com.tr\/index.php\/wp-json\/wp\/v2\/product"}],"about":[{"href":"https:\/\/roveyayinevi.com.tr\/index.php\/wp-json\/wp\/v2\/types\/product"}],"wp:attachment":[{"href":"https:\/\/roveyayinevi.com.tr\/index.php\/wp-json\/wp\/v2\/media?parent=778271"}],"wp:term":[{"taxonomy":"product_brand","embeddable":true,"href":"https:\/\/roveyayinevi.com.tr\/index.php\/wp-json\/wp\/v2\/product_brand?post=778271"},{"taxonomy":"product_cat","embeddable":true,"href":"https:\/\/roveyayinevi.com.tr\/index.php\/wp-json\/wp\/v2\/product_cat?post=778271"},{"taxonomy":"product_tag","embeddable":true,"href":"https:\/\/roveyayinevi.com.tr\/index.php\/wp-json\/wp\/v2\/product_tag?post=778271"}],"curies":[{"name":"wp","href":"https:\/\/api.w.org\/{rel}","templated":true}]}}