{"id":778270,"date":"2025-11-06T12:08:13","date_gmt":"2025-11-06T09:08:13","guid":{"rendered":"https:\/\/roveyayinevi.com.tr\/index.php\/urun\/dag-ve-deniz\/"},"modified":"2026-04-15T03:43:47","modified_gmt":"2026-04-15T00:43:47","slug":"dag-ve-deniz","status":"publish","type":"product","link":"https:\/\/roveyayinevi.com.tr\/index.php\/urun\/dag-ve-deniz\/","title":{"rendered":"Da\u011f ve Deniz"},"content":{"rendered":"<p>\u201cBen ve sen, Da\u011f ve Deniz\u2026 Varl\u0131\u011f\u0131mdan habersiz, \u0130ki sevgiliyiz. \u2026\u201d   Kim istemez ki\u2026 Varl\u0131\u011f\u0131n\u0131 sevginin, derin bir Deniz gibi, Ya da koruyup kollayan bir Da\u011f\u2019\u0131n heybetini.   Kim istemez ki\u2026 M\u0131sralar\u0131nda; sevgi, a\u015fk, \u00f6zlem, yaln\u0131zl\u0131k, korkular, bazen k\u0131zg\u0131nl\u0131k ve k\u0131rg\u0131nl\u0131k, bazen ayr\u0131l\u0131klar, umutlar, bekleyi\u015fler, hayaller ve sonu\u00e7 olarak herkesin kendinden bir \u015feyler bulaca\u011f\u0131, b\u00fcy\u00fck hikayeleri k\u00fc\u00e7\u00fck m\u0131sralarla anlatan bir \u015fiir yolculu\u011funa kat\u0131lmay\u0131 \u2026   Da\u011f ve Deniz\u2019in \u015fiir yolculu\u011fu sizleri bekliyor.<\/p>\n","protected":false},"excerpt":{"rendered":"<p>\u201cBen ve sen, Da\u011f ve Deniz\u2026 Varl\u0131\u011f\u0131mdan habersiz, \u0130ki sevgiliyiz. \u2026\u201d Kim istemez ki\u2026 Varl\u0131\u011f\u0131n\u0131 sevginin, derin bir Deniz gibi, Ya da koruyup kollayan bir Da\u011f\u2019\u0131n<span class=\"excerpt-hellip\"> [\u2026]<\/span><\/p>\n","protected":false},"featured_media":0,"template":"","meta":{"_monsterinsights_skip_tracking":false,"_monsterinsights_sitenote_active":false,"_monsterinsights_sitenote_note":"","_monsterinsights_sitenote_category":0},"product_brand":[],"product_cat":[141304],"product_tag":[],"class_list":{"0":"post-778270","1":"product","2":"type-product","3":"status-publish","5":"product_cat-yeni-cikanlar","6":"pa_cilt-ciltsiz","7":"pa_tur-kitap","8":"pa_yayinevi-elpis-yayinlari","9":"pa_yazar-uras-h-toprak","11":"first","12":"instock","13":"sale","14":"shipping-taxable","15":"purchasable","16":"product-type-simple"},"_links":{"self":[{"href":"https:\/\/roveyayinevi.com.tr\/index.php\/wp-json\/wp\/v2\/product\/778270","targetHints":{"allow":["GET"]}}],"collection":[{"href":"https:\/\/roveyayinevi.com.tr\/index.php\/wp-json\/wp\/v2\/product"}],"about":[{"href":"https:\/\/roveyayinevi.com.tr\/index.php\/wp-json\/wp\/v2\/types\/product"}],"wp:attachment":[{"href":"https:\/\/roveyayinevi.com.tr\/index.php\/wp-json\/wp\/v2\/media?parent=778270"}],"wp:term":[{"taxonomy":"product_brand","embeddable":true,"href":"https:\/\/roveyayinevi.com.tr\/index.php\/wp-json\/wp\/v2\/product_brand?post=778270"},{"taxonomy":"product_cat","embeddable":true,"href":"https:\/\/roveyayinevi.com.tr\/index.php\/wp-json\/wp\/v2\/product_cat?post=778270"},{"taxonomy":"product_tag","embeddable":true,"href":"https:\/\/roveyayinevi.com.tr\/index.php\/wp-json\/wp\/v2\/product_tag?post=778270"}],"curies":[{"name":"wp","href":"https:\/\/api.w.org\/{rel}","templated":true}]}}