{"id":778268,"date":"2025-11-06T12:08:10","date_gmt":"2025-11-06T09:08:10","guid":{"rendered":"https:\/\/roveyayinevi.com.tr\/index.php\/urun\/2034-buyuk-goc\/"},"modified":"2026-04-15T03:43:46","modified_gmt":"2026-04-15T00:43:46","slug":"2034-buyuk-goc","status":"publish","type":"product","link":"https:\/\/roveyayinevi.com.tr\/index.php\/urun\/2034-buyuk-goc\/","title":{"rendered":"2034 B\u00fcy\u00fck G\u00f6\u00e7"},"content":{"rendered":"<p>Jack West siyasete girmek istemiyordu. Muhafazak\u00e2r bir aileden gelen, New York\u2019lu deneyimli bir avukat olarak, onu siyasi f\u0131rt\u0131nan\u0131n i\u00e7ine \u00e7eken \u015fey h\u0131rs de\u011fil, par\u00e7alanman\u0131n e\u015fi\u011fine gelen bir ulusun derin \u00e7aresizli\u011fiydi. Trump sonras\u0131 d\u00f6nemde g\u00fcvendi\u011fi dostlar\u0131n\u0131n te\u015fvikiyle ba\u015fkanl\u0131\u011fa y\u00fckselirken amac\u0131 netti: Amerika\u2019y\u0131 ku\u015faklar boyunca kemiren siyah-beyaz ayr\u0131m\u0131n\u0131 ele almak ve \u00fclkeyi istikrara kavu\u015fturacak kapsaml\u0131 reformlara \u00f6nc\u00fcl\u00fck etmek. Ancak \u00f6nerileri kar\u015f\u0131l\u0131k bulduk\u00e7a ge\u00e7mi\u015fi mercek alt\u0131na al\u0131nd\u0131. Gizemli dan\u0131\u015fmanlar, onu tarihi bir fig\u00fcr\u00fcn miras\u0131yla ili\u015fkilendirerek kendisine ait olmayan bir vizyona do\u011fru s\u00fcr\u00fcklediler. \u0130hanetler derinle\u015ftik\u00e7e y\u00f6ntemler de sertle\u015fti: kamuoyu alg\u0131s\u0131n\u0131n topluca y\u00f6nlendirilmesi, hedefli \u015fantajlar ve ustaca planlanm\u0131\u015f bir suikast giri\u015fimi\u2026 Jack, kendisini hayal bile edemeyece\u011fi kadar b\u00fcy\u00fck bir jeopolitik tasar\u0131m\u0131n i\u00e7inde buldu. Bu tasar\u0131mda o bir lider de\u011fil, yaln\u0131zca amaca giden yolda bir ara\u00e7t\u0131. T\u00fcm bunlar\u0131n arkas\u0131nda Alfa Plan vard\u0131: g\u00f6lge bir yap\u0131, g\u00f6r\u00fcnmez bir el. M\u00fchendislik \u00fcr\u00fcn\u00fc anlat\u0131lar ve \u00f6rt\u00fcl\u00fc operasyonlarla d\u00fcnya dengelerini yeniden \u015fekillendiren gizli bir organizasyon. Plan son evresine ula\u015ft\u0131\u011f\u0131nda, milyonlarca Afro-Amerikal\u0131 g\u00f6r\u00fcn\u00fcrde g\u00f6n\u00fcll\u00fc bir g\u00f6\u00e7le Sahra Alt\u0131 Afrika\u2019ya yerle\u015fmi\u015fti. E\u015fi benzeri g\u00f6r\u00fclmemi\u015f bu demografik de\u011fi\u015fim, yeni bir k\u0131tasal g\u00fcc\u00fcn do\u011fu\u015funa zemin haz\u0131rlad\u0131: Birle\u015fik Afrika. \u0130ki k\u0131ta ve derin politik fay hatlar\u0131 aras\u0131nda ge\u00e7en bu \u00e7arp\u0131c\u0131 jeopolitik gerilim roman\u0131; idealizmin bedelini, alg\u0131 y\u00f6netiminin g\u00fcc\u00fcn\u00fc ve g\u00f6lgeler i\u00e7inde titizlikle y\u00fcr\u00fct\u00fclen bir plan\u0131n \u00fcrpertici zarafetini g\u00f6zler \u00f6n\u00fcne seriyor. Ger\u00e7ek g\u00fc\u00e7 asla verilmez; ince ince \u00f6r\u00fcl\u00fcr.<\/p>\n","protected":false},"excerpt":{"rendered":"<p>Jack West siyasete girmek istemiyordu. Muhafazak\u00e2r bir aileden gelen, New York\u2019lu deneyimli bir avukat olarak, onu siyasi f\u0131rt\u0131nan\u0131n i\u00e7ine \u00e7eken \u015fey h\u0131rs de\u011fil, par\u00e7alanman\u0131n e\u015fi\u011fine gelen<span class=\"excerpt-hellip\"> [\u2026]<\/span><\/p>\n","protected":false},"featured_media":0,"template":"","meta":{"_monsterinsights_skip_tracking":false,"_monsterinsights_sitenote_active":false,"_monsterinsights_sitenote_note":"","_monsterinsights_sitenote_category":0},"product_brand":[],"product_cat":[141304],"product_tag":[],"class_list":{"0":"post-778268","1":"product","2":"type-product","3":"status-publish","5":"product_cat-yeni-cikanlar","6":"pa_cilt-ciltsiz","7":"pa_tur-kitap","8":"pa_yayinevi-theseus-yayinevi","9":"pa_yazar-teoman-pasinlioglu","11":"first","12":"instock","13":"sale","14":"shipping-taxable","15":"purchasable","16":"product-type-simple"},"_links":{"self":[{"href":"https:\/\/roveyayinevi.com.tr\/index.php\/wp-json\/wp\/v2\/product\/778268","targetHints":{"allow":["GET"]}}],"collection":[{"href":"https:\/\/roveyayinevi.com.tr\/index.php\/wp-json\/wp\/v2\/product"}],"about":[{"href":"https:\/\/roveyayinevi.com.tr\/index.php\/wp-json\/wp\/v2\/types\/product"}],"wp:attachment":[{"href":"https:\/\/roveyayinevi.com.tr\/index.php\/wp-json\/wp\/v2\/media?parent=778268"}],"wp:term":[{"taxonomy":"product_brand","embeddable":true,"href":"https:\/\/roveyayinevi.com.tr\/index.php\/wp-json\/wp\/v2\/product_brand?post=778268"},{"taxonomy":"product_cat","embeddable":true,"href":"https:\/\/roveyayinevi.com.tr\/index.php\/wp-json\/wp\/v2\/product_cat?post=778268"},{"taxonomy":"product_tag","embeddable":true,"href":"https:\/\/roveyayinevi.com.tr\/index.php\/wp-json\/wp\/v2\/product_tag?post=778268"}],"curies":[{"name":"wp","href":"https:\/\/api.w.org\/{rel}","templated":true}]}}